{"id":714608,"date":"2025-08-27T17:20:16","date_gmt":"2025-08-27T14:20:16","guid":{"rendered":"https:\/\/roveyayinevi.com.tr\/index.php\/urun\/falconer-hapishanesi\/"},"modified":"2026-04-16T02:22:54","modified_gmt":"2026-04-15T23:22:54","slug":"falconer-hapishanesi","status":"publish","type":"product","link":"https:\/\/roveyayinevi.com.tr\/index.php\/urun\/falconer-hapishanesi\/","title":{"rendered":"Falconer Hapishanesi"},"content":{"rendered":"<p>Uyu\u015fturucu ba\u011f\u0131ml\u0131s\u0131 Profes\u00f6r Ezekiel Farragut, karde\u015f katlinden on y\u0131l hapse mahk\u00fbm olur. Kar\u0131s\u0131n\u0131n azap verici ziyaretlerinin, hapishane ya\u015fam\u0131n\u0131n vah\u015fi tekd\u00fczeli\u011finin ve haf\u0131zan\u0131n a\u011f\u0131r y\u00fck\u00fcn\u00fcn ortas\u0131nda insanl\u0131\u011f\u0131n\u0131 korumaya, kefaretini \u00f6demeye \u00e7abalamaktad\u0131r. Falconer Hapishanesi\u2019nde Cheever, edebiyat\u0131nda \u00f6nemli bir yer kaplayan banliy\u00f6den uzakla\u015f\u0131yor. Ama parmakl\u0131klar\u0131n ard\u0131nda bir hapishane roman\u0131ndan \u00e7ok daha fazlas\u0131n\u0131 yaz\u0131yor. Farragut\u2019\u0131n hik\u00e2yesinde kendi korkular\u0131yla, kendi karanl\u0131\u011f\u0131yla y\u00fczle\u015fen yazar; \u00f6zg\u00fcrl\u00fc\u011f\u00fc, insan\u0131n kendi zihninin ve bedeninin i\u00e7inde \u00f6zg\u00fcr olabilme \u00e7abas\u0131n\u0131 anlat\u0131yor. Cheever\u2019\u0131n bir\u00e7oklar\u0131nca ba\u015fyap\u0131t\u0131 say\u0131lan ve hakk\u0131nda en \u00e7ok yaz\u0131lan eserlerinden biri olan Falconer Hapishanesi, insanl\u0131k durumu \u00fczerine b\u00fcy\u00fcleyici bir k\u0131ssa niteli\u011finde. \u201cFalconer Hapishanesi, Amerikan ruhunun derin bir incelemesi \u2013 bir ba\u015fyap\u0131t.\u201d  A.M. Homes \u201c\u00c7a\u011f\u0131m\u0131z\u0131n en \u00f6nemli romanlar\u0131ndan.\u201d The New York Times \u201cJohn Cheever b\u00fcy\u00fcl\u00fc bir ger\u00e7ek\u00e7i ve \u0131\u015f\u0131lt\u0131l\u0131 \u00f6yk\u00fclerinde, Bullet Park\u2019la Falconer Hapishanesi gibi e\u015fsiz romanlar\u0131nda kar\u015f\u0131la\u015ft\u0131\u011f\u0131m\u0131z \u00fcslubu, sava\u015f sonras\u0131 Amerikan edebiyat\u0131n\u0131n di\u011fer b\u00fct\u00fcn \u00f6nc\u00fc yazarlar\u0131n\u0131n \u00fcslubu gibi renkli ve \u00f6zg\u00fcn.\u201d  Philip Roth <\/p>\n","protected":false},"excerpt":{"rendered":"<p>Uyu\u015fturucu ba\u011f\u0131ml\u0131s\u0131 Profes\u00f6r Ezekiel Farragut, karde\u015f katlinden on y\u0131l hapse mahk\u00fbm olur. Kar\u0131s\u0131n\u0131n azap verici ziyaretlerinin, hapishane ya\u015fam\u0131n\u0131n vah\u015fi tekd\u00fczeli\u011finin ve haf\u0131zan\u0131n a\u011f\u0131r y\u00fck\u00fcn\u00fcn ortas\u0131nda insanl\u0131\u011f\u0131n\u0131<span class=\"excerpt-hellip\"> [\u2026]<\/span><\/p>\n","protected":false},"featured_media":0,"template":"","meta":{"_monsterinsights_skip_tracking":false,"_monsterinsights_sitenote_active":false,"_monsterinsights_sitenote_note":"","_monsterinsights_sitenote_category":0},"product_brand":[],"product_cat":[12291,12711],"product_tag":[],"class_list":{"0":"post-714608","1":"product","2":"type-product","3":"status-publish","5":"product_cat-edebiyat","6":"product_cat-roman-oyku","7":"pa_cilt-ciltsiz","8":"pa_tur-kitap","9":"pa_yayinevi-can-yayinlari","10":"pa_yazar-john-cheever","12":"first","13":"instock","14":"sale","15":"shipping-taxable","16":"purchasable","17":"product-type-simple"},"_links":{"self":[{"href":"https:\/\/roveyayinevi.com.tr\/index.php\/wp-json\/wp\/v2\/product\/714608","targetHints":{"allow":["GET"]}}],"collection":[{"href":"https:\/\/roveyayinevi.com.tr\/index.php\/wp-json\/wp\/v2\/product"}],"about":[{"href":"https:\/\/roveyayinevi.com.tr\/index.php\/wp-json\/wp\/v2\/types\/product"}],"wp:attachment":[{"href":"https:\/\/roveyayinevi.com.tr\/index.php\/wp-json\/wp\/v2\/media?parent=714608"}],"wp:term":[{"taxonomy":"product_brand","embeddable":true,"href":"https:\/\/roveyayinevi.com.tr\/index.php\/wp-json\/wp\/v2\/product_brand?post=714608"},{"taxonomy":"product_cat","embeddable":true,"href":"https:\/\/roveyayinevi.com.tr\/index.php\/wp-json\/wp\/v2\/product_cat?post=714608"},{"taxonomy":"product_tag","embeddable":true,"href":"https:\/\/roveyayinevi.com.tr\/index.php\/wp-json\/wp\/v2\/product_tag?post=714608"}],"curies":[{"name":"wp","href":"https:\/\/api.w.org\/{rel}","templated":true}]}}