{"id":714606,"date":"2025-08-27T17:20:15","date_gmt":"2025-08-27T14:20:15","guid":{"rendered":"https:\/\/roveyayinevi.com.tr\/index.php\/urun\/attila-ve-hun-imparatorlugu\/"},"modified":"2026-04-16T02:22:54","modified_gmt":"2026-04-15T23:22:54","slug":"attila-ve-hun-imparatorlugu","status":"publish","type":"product","link":"https:\/\/roveyayinevi.com.tr\/index.php\/urun\/attila-ve-hun-imparatorlugu\/","title":{"rendered":"Attila ve Hun \u0130mparatorlu\u011fu"},"content":{"rendered":"<p>Attila, 5. y\u00fczy\u0131lda Avrupa&#8217;da ya\u015fam\u0131\u015f olan Hun \u0130mparatorlu\u011fu&#8217;nun h\u00fck\u00fcmdar\u0131d\u0131r. Macaristan&#8217;da \u0130til (Volga) Nehri k\u0131y\u0131lar\u0131nda do\u011fdu. Ad\u0131n\u0131n manas\u0131, \u201c\u0130til\u2019de do\u011fan\u201d demektir. Attila, kurnaz bir sava\u015f\u00e7\u0131yd\u0131. Ac\u0131mas\u0131z ve \u00e7ok gururluydu. Birtak\u0131m g\u00f6\u00e7ebe kavimleri, T\u00fcrkleri, Mo\u011follar\u0131, Rusya ve Avrupa&#8217;n\u0131n di\u011fer kavimlerini \u00e7evresinde toplayarak b\u00fcy\u00fck bir sava\u015f devleti kurdu. O, d\u00fcnyan\u0131n tek h\u00e2kimi olmak istiyordu. T\u0131pk\u0131 B\u00fcy\u00fck \u0130skender gibi b\u00fct\u00fcn d\u00fcnyaya h\u00e2kim olmak ihtiras\u0131 ile dopdolu bulunan Attila, bu b\u00fcy\u00fck emelini tamamen ger\u00e7ekle\u015ftiremedi. Ancak tarihin tan\u0131d\u0131\u011f\u0131 en \u00fcnl\u00fc cihangirlerden biri oldu.Cesaret Attila&#8217;n\u0131n en de\u011fer verdi\u011fi sava\u015f\u00e7\u0131 ve liderlik \u00f6zelliklerinden biri olmu\u015ftur. Bundan dolay\u0131 sava\u015fma arzusu zay\u0131f olan ki\u015filerin komutanl\u0131k \u00f6zelli\u011fi olmad\u0131\u011f\u0131n\u0131 d\u00fc\u015f\u00fcn\u00fcr ve arzusu zay\u0131f komutanlar\u0131n, komutan olmak istemeyen ki\u015filer oldu\u011funu s\u00f6ylerdi. Bu sebeple de g\u00f6revlerini yapmaya g\u00f6n\u00fcll\u00fc olmayan sava\u015f\u00e7\u0131lar\u0131n, g\u00f6n\u00fcll\u00fc olmad\u0131klar\u0131 makamlara getirilmesini istemezdi.<\/p>\n","protected":false},"excerpt":{"rendered":"<p>Attila, 5. y\u00fczy\u0131lda Avrupa&#8217;da ya\u015fam\u0131\u015f olan Hun \u0130mparatorlu\u011fu&#8217;nun h\u00fck\u00fcmdar\u0131d\u0131r. Macaristan&#8217;da \u0130til (Volga) Nehri k\u0131y\u0131lar\u0131nda do\u011fdu. Ad\u0131n\u0131n manas\u0131, \u201c\u0130til\u2019de do\u011fan\u201d demektir. Attila, kurnaz bir sava\u015f\u00e7\u0131yd\u0131. Ac\u0131mas\u0131z ve<span class=\"excerpt-hellip\"> [\u2026]<\/span><\/p>\n","protected":false},"featured_media":0,"template":"","meta":{"_monsterinsights_skip_tracking":false,"_monsterinsights_sitenote_active":false,"_monsterinsights_sitenote_note":"","_monsterinsights_sitenote_category":0},"product_brand":[],"product_cat":[12370,12304],"product_tag":[],"class_list":{"0":"post-714606","1":"product","2":"type-product","3":"status-publish","5":"product_cat-arastirma-inceleme","6":"product_cat-tarih","7":"pa_cilt-ciltsiz","8":"pa_tur-kitap","9":"pa_yayinevi-yediveren-yayinlari","10":"pa_yazar-alperen-bayrak","12":"first","13":"instock","14":"sale","15":"shipping-taxable","16":"purchasable","17":"product-type-simple"},"_links":{"self":[{"href":"https:\/\/roveyayinevi.com.tr\/index.php\/wp-json\/wp\/v2\/product\/714606","targetHints":{"allow":["GET"]}}],"collection":[{"href":"https:\/\/roveyayinevi.com.tr\/index.php\/wp-json\/wp\/v2\/product"}],"about":[{"href":"https:\/\/roveyayinevi.com.tr\/index.php\/wp-json\/wp\/v2\/types\/product"}],"wp:attachment":[{"href":"https:\/\/roveyayinevi.com.tr\/index.php\/wp-json\/wp\/v2\/media?parent=714606"}],"wp:term":[{"taxonomy":"product_brand","embeddable":true,"href":"https:\/\/roveyayinevi.com.tr\/index.php\/wp-json\/wp\/v2\/product_brand?post=714606"},{"taxonomy":"product_cat","embeddable":true,"href":"https:\/\/roveyayinevi.com.tr\/index.php\/wp-json\/wp\/v2\/product_cat?post=714606"},{"taxonomy":"product_tag","embeddable":true,"href":"https:\/\/roveyayinevi.com.tr\/index.php\/wp-json\/wp\/v2\/product_tag?post=714606"}],"curies":[{"name":"wp","href":"https:\/\/api.w.org\/{rel}","templated":true}]}}