{"id":714604,"date":"2025-08-27T17:20:14","date_gmt":"2025-08-27T14:20:14","guid":{"rendered":"https:\/\/roveyayinevi.com.tr\/index.php\/urun\/erdemin-kitabi-hayati-dokuyan-iplikler\/"},"modified":"2026-04-16T02:22:54","modified_gmt":"2026-04-15T23:22:54","slug":"erdemin-kitabi-hayati-dokuyan-iplikler","status":"publish","type":"product","link":"https:\/\/roveyayinevi.com.tr\/index.php\/urun\/erdemin-kitabi-hayati-dokuyan-iplikler\/","title":{"rendered":"Erdem&#8217;in Kitab\u0131 &#8211; Hayat\u0131 Dokuyan \u0130plikler"},"content":{"rendered":"<p>De\u011fer, \u00d6zg\u00fcr, Bar\u0131\u015f, Erdem, Adalet \u00e7okrenkli ve birbirinden ilgin\u00e7 motiflerle kapl\u0131 \u0130plikler\u2019in d\u00fcnyas\u0131nda birlikte ya\u015f\u0131yorlar. Peki ba\u015fka kim var orada? Demokrasi Karde\u015fler, Tarih Teyze, Gelenek Amca, Hukuk Abla ve daha niceleri. Kavramlar \u00fczerine yarat\u0131c\u0131 bir okuma&#8230; Hayat\u0131 Dokuyan \u0130plikler serisinde 5-11 ya\u015f aral\u0131\u011f\u0131ndaki \u00e7ocuklar\u0131n kavramlara dair kendi \u00f6zg\u00fcn tan\u0131mlar\u0131n\u0131 da bulacaks\u0131n\u0131z. <\/p>\n","protected":false},"excerpt":{"rendered":"<p>De\u011fer, \u00d6zg\u00fcr, Bar\u0131\u015f, Erdem, Adalet \u00e7okrenkli ve birbirinden ilgin\u00e7 motiflerle kapl\u0131 \u0130plikler\u2019in d\u00fcnyas\u0131nda birlikte ya\u015f\u0131yorlar. Peki ba\u015fka kim var orada? Demokrasi Karde\u015fler, Tarih Teyze, Gelenek Amca,<span class=\"excerpt-hellip\"> [\u2026]<\/span><\/p>\n","protected":false},"featured_media":0,"template":"","meta":{"_monsterinsights_skip_tracking":false,"_monsterinsights_sitenote_active":false,"_monsterinsights_sitenote_note":"","_monsterinsights_sitenote_category":0},"product_brand":[],"product_cat":[12274,12518],"product_tag":[],"class_list":{"0":"post-714604","1":"product","2":"type-product","3":"status-publish","5":"product_cat-cocuk-ve-genclik-kitaplari","6":"product_cat-okul-oncesi-kitaplar","7":"pa_cilt-ciltsiz","8":"pa_tur-kitap","9":"pa_yayinevi-cinar-yayinlari","10":"pa_yazar-nazli-eda-noyan","12":"first","13":"instock","14":"sale","15":"shipping-taxable","16":"purchasable","17":"product-type-simple"},"_links":{"self":[{"href":"https:\/\/roveyayinevi.com.tr\/index.php\/wp-json\/wp\/v2\/product\/714604","targetHints":{"allow":["GET"]}}],"collection":[{"href":"https:\/\/roveyayinevi.com.tr\/index.php\/wp-json\/wp\/v2\/product"}],"about":[{"href":"https:\/\/roveyayinevi.com.tr\/index.php\/wp-json\/wp\/v2\/types\/product"}],"wp:attachment":[{"href":"https:\/\/roveyayinevi.com.tr\/index.php\/wp-json\/wp\/v2\/media?parent=714604"}],"wp:term":[{"taxonomy":"product_brand","embeddable":true,"href":"https:\/\/roveyayinevi.com.tr\/index.php\/wp-json\/wp\/v2\/product_brand?post=714604"},{"taxonomy":"product_cat","embeddable":true,"href":"https:\/\/roveyayinevi.com.tr\/index.php\/wp-json\/wp\/v2\/product_cat?post=714604"},{"taxonomy":"product_tag","embeddable":true,"href":"https:\/\/roveyayinevi.com.tr\/index.php\/wp-json\/wp\/v2\/product_tag?post=714604"}],"curies":[{"name":"wp","href":"https:\/\/api.w.org\/{rel}","templated":true}]}}