{"id":714602,"date":"2025-08-27T17:20:12","date_gmt":"2025-08-27T14:20:12","guid":{"rendered":"https:\/\/roveyayinevi.com.tr\/index.php\/urun\/eski-filmler-senaryo\/"},"modified":"2026-04-16T02:22:54","modified_gmt":"2026-04-15T23:22:54","slug":"eski-filmler-senaryo","status":"publish","type":"product","link":"https:\/\/roveyayinevi.com.tr\/index.php\/urun\/eski-filmler-senaryo\/","title":{"rendered":"Eski Filmler (Senaryo)"},"content":{"rendered":"<p>Ertesi g\u00fcn\u00fc senaryoyu getirdi T\u00fcrk\u00e2n (\u015eoray); bana teksle ilgili \u00f6yle sorular y\u00f6neltti ki, ger\u00e7ekten \u015fa\u015f\u0131rd\u0131m. Okudu\u011fu bir \u015feyin sorulacak yerlerini bulup \u00e7\u0131karmak, okurun yetene\u011fini belirten \u00f6nemli bir \u00f6l\u00e7\u00fcd\u00fcr. Ku\u015fkuya d\u00fc\u015ft\u00fcm. On alt\u0131 ya\u015f\u0131ndaki bu k\u0131z, birine okutmu\u015f, ondan \u00f6\u011frenmi\u015fti soraca\u011f\u0131 yerleri, sorma bi\u00e7imini. \u00dcsteledim, soru\u015fturdum biraz; belli ki kendi \u00e7al\u0131\u015fm\u0131\u015ft\u0131 senaryo \u00fcst\u00fcnde. Bir gecede, nerde, kime okutacakt\u0131 Fatih\u2019te bir zemin kat\u0131nda anas\u0131yla kalan bu fukara k\u0131zca\u011f\u0131z?&#8230; Otob\u00fcs Yolcular\u0131 filmi, ba\u015fta y\u00f6netmen Ertem G\u00f6re\u00e7 olmak \u00fczere, hepimiz gibi, gen\u00e7 T\u00fcrk\u00e2n \u015eoray\u2019\u0131n da ba\u015far\u0131 filmi oldu.\u201d \u201cSinemada zaman, film \u015feridinin makine \u00f6n\u00fcnde kaymas\u0131 gibi ak\u0131p gider. Bir filmin yap\u0131m\u0131ndan \u00f6nce, g\u00fcnleri, geceleri kaplayan ne co\u015fkulu konu\u015fmalar, ne tatl\u0131 s\u00f6yle\u015filer ya\u015fan\u0131r.\u201d \u201cSanatta her yeni at\u0131l\u0131m\u0131, denemeyi ilgiyle anlamaya, do\u011fru de\u011ferlendirmeye, en az\u0131ndan ho\u015fg\u00f6r\u00fcyle kar\u015f\u0131lamaya \u00e7al\u0131\u015fmaktan yanay\u0131m \u00f6teden beri.\u201d \u201cEski filmler s\u00f6z\u00fc, kimi k\u00fc\u00e7\u00fcmsemeyi, kimi \u00f6zlemi verir\u2026 B\u0131rakt\u0131klar\u0131m\u0131z\u0131n, T\u00fcrk Sinemas\u0131\u2019n\u0131n ge\u00e7mi\u015fiyle ilgilenenler i\u00e7in g\u00fcvenilir belge niteli\u011fi ta\u015f\u0131mas\u0131 gereklili\u011fine inan\u0131yorum.\u201d \u201cD\u00f6rt senaryo var bu kitapta: Otob\u00fcs Yolcular\u0131, Karanl\u0131kta Uyananlar, Umutsuz \u015eafaklar, Bedrana. \u00dc\u00e7\u00fcnc\u00fc senaryonun apayr\u0131 bir ser\u00fcveni oldu: \u00c7al\u0131nd\u0131, bir \u015firket\u00e7e Bats\u0131n Bu D\u00fcnya ad\u0131yla film yap\u0131ld\u0131.\u201d <\/p>\n","protected":false},"excerpt":{"rendered":"<p>Ertesi g\u00fcn\u00fc senaryoyu getirdi T\u00fcrk\u00e2n (\u015eoray); bana teksle ilgili \u00f6yle sorular y\u00f6neltti ki, ger\u00e7ekten \u015fa\u015f\u0131rd\u0131m. Okudu\u011fu bir \u015feyin sorulacak yerlerini bulup \u00e7\u0131karmak, okurun yetene\u011fini belirten \u00f6nemli<span class=\"excerpt-hellip\"> [\u2026]<\/span><\/p>\n","protected":false},"featured_media":0,"template":"","meta":{"_monsterinsights_skip_tracking":false,"_monsterinsights_sitenote_active":false,"_monsterinsights_sitenote_note":"","_monsterinsights_sitenote_category":0},"product_brand":[],"product_cat":[12291,12711],"product_tag":[],"class_list":{"0":"post-714602","1":"product","2":"type-product","3":"status-publish","5":"product_cat-edebiyat","6":"product_cat-roman-oyku","7":"pa_cilt-ciltsiz","8":"pa_tur-kitap","9":"pa_yayinevi-ayrinti-yayinlari","10":"pa_yazar-vedat-turkali","12":"first","13":"instock","14":"sale","15":"shipping-taxable","16":"purchasable","17":"product-type-simple"},"_links":{"self":[{"href":"https:\/\/roveyayinevi.com.tr\/index.php\/wp-json\/wp\/v2\/product\/714602","targetHints":{"allow":["GET"]}}],"collection":[{"href":"https:\/\/roveyayinevi.com.tr\/index.php\/wp-json\/wp\/v2\/product"}],"about":[{"href":"https:\/\/roveyayinevi.com.tr\/index.php\/wp-json\/wp\/v2\/types\/product"}],"wp:attachment":[{"href":"https:\/\/roveyayinevi.com.tr\/index.php\/wp-json\/wp\/v2\/media?parent=714602"}],"wp:term":[{"taxonomy":"product_brand","embeddable":true,"href":"https:\/\/roveyayinevi.com.tr\/index.php\/wp-json\/wp\/v2\/product_brand?post=714602"},{"taxonomy":"product_cat","embeddable":true,"href":"https:\/\/roveyayinevi.com.tr\/index.php\/wp-json\/wp\/v2\/product_cat?post=714602"},{"taxonomy":"product_tag","embeddable":true,"href":"https:\/\/roveyayinevi.com.tr\/index.php\/wp-json\/wp\/v2\/product_tag?post=714602"}],"curies":[{"name":"wp","href":"https:\/\/api.w.org\/{rel}","templated":true}]}}