{"id":714601,"date":"2025-08-27T17:20:12","date_gmt":"2025-08-27T14:20:12","guid":{"rendered":"https:\/\/roveyayinevi.com.tr\/index.php\/urun\/yemek-ve-ulusal-kimlik\/"},"modified":"2026-04-16T02:22:54","modified_gmt":"2026-04-15T23:22:54","slug":"yemek-ve-ulusal-kimlik","status":"publish","type":"product","link":"https:\/\/roveyayinevi.com.tr\/index.php\/urun\/yemek-ve-ulusal-kimlik\/","title":{"rendered":"Yemek Ve Ulusal Kimlik"},"content":{"rendered":"<p>Bu kitap, milliyet\u00e7i siyaset ile k\u00fcresel kapitalizm ba\u011flam\u0131nda, yemek ile milliyet\u00e7ilik aras\u0131ndaki ili\u015fkiyi kapsaml\u0131 bir \u015fekilde incelemektedir. \u0130ktidar ve otoritenin elinde yemek bir milletin bi\u00e7imlendirilmesine y\u00f6nelik olarak kullan\u0131lan bir araca d\u00f6n\u00fc\u015f\u00fcr. Yeme\u011fin ulusal otantikli\u011fine dair sembolik tart\u0131\u015fmalar da bunu uluslararas\u0131 bir \u00e7er\u00e7eveye ta\u015f\u0131r. Ichijo ile Ranta yeme\u011fin siyasetle bu denli i\u00e7 i\u00e7e ge\u00e7mi\u015f olmas\u0131n\u0131 masaya yat\u0131rmaktad\u0131r. Milliyet\u00e7ilik \u00e7al\u0131\u015fmalar\u0131nda ihmal edilmi\u015f olan bu konu bu eserde Japon usul\u00fc makarnadan Filistin-Arap yemek k\u00fclt\u00fcr\u00fcn\u00fcn \u0130sraille\u015ftirilmesine ve ulus devletlerin uluslararas\u0131 arenada y\u00fcr\u00fctt\u00fckleri gastrodiplomasiye kadar ele al\u0131nm\u0131\u015ft\u0131r&#8230;<\/p>\n","protected":false},"excerpt":{"rendered":"<p>Bu kitap, milliyet\u00e7i siyaset ile k\u00fcresel kapitalizm ba\u011flam\u0131nda, yemek ile milliyet\u00e7ilik aras\u0131ndaki ili\u015fkiyi kapsaml\u0131 bir \u015fekilde incelemektedir. \u0130ktidar ve otoritenin elinde yemek bir milletin bi\u00e7imlendirilmesine y\u00f6nelik<span class=\"excerpt-hellip\"> [\u2026]<\/span><\/p>\n","protected":false},"featured_media":0,"template":"","meta":{"_monsterinsights_skip_tracking":false,"_monsterinsights_sitenote_active":false,"_monsterinsights_sitenote_note":"","_monsterinsights_sitenote_category":0},"product_brand":[],"product_cat":[13590,12337],"product_tag":[],"class_list":{"0":"post-714601","1":"product","2":"type-product","3":"status-publish","5":"product_cat-arastirma-inceleme-politika-siyaset","6":"product_cat-politika-siyaset","7":"pa_cilt-ciltsiz","8":"pa_tur-kitap","9":"pa_yayinevi-ayrinti-yayinlari","10":"pa_yazar-atsuko-ichijo-ronald-ranta","12":"first","13":"instock","14":"sale","15":"shipping-taxable","16":"purchasable","17":"product-type-simple"},"_links":{"self":[{"href":"https:\/\/roveyayinevi.com.tr\/index.php\/wp-json\/wp\/v2\/product\/714601","targetHints":{"allow":["GET"]}}],"collection":[{"href":"https:\/\/roveyayinevi.com.tr\/index.php\/wp-json\/wp\/v2\/product"}],"about":[{"href":"https:\/\/roveyayinevi.com.tr\/index.php\/wp-json\/wp\/v2\/types\/product"}],"wp:attachment":[{"href":"https:\/\/roveyayinevi.com.tr\/index.php\/wp-json\/wp\/v2\/media?parent=714601"}],"wp:term":[{"taxonomy":"product_brand","embeddable":true,"href":"https:\/\/roveyayinevi.com.tr\/index.php\/wp-json\/wp\/v2\/product_brand?post=714601"},{"taxonomy":"product_cat","embeddable":true,"href":"https:\/\/roveyayinevi.com.tr\/index.php\/wp-json\/wp\/v2\/product_cat?post=714601"},{"taxonomy":"product_tag","embeddable":true,"href":"https:\/\/roveyayinevi.com.tr\/index.php\/wp-json\/wp\/v2\/product_tag?post=714601"}],"curies":[{"name":"wp","href":"https:\/\/api.w.org\/{rel}","templated":true}]}}