{"id":714600,"date":"2025-08-27T17:20:11","date_gmt":"2025-08-27T14:20:11","guid":{"rendered":"https:\/\/roveyayinevi.com.tr\/index.php\/urun\/iki-sehrin-hikayesi-7\/"},"modified":"2026-04-16T02:22:53","modified_gmt":"2026-04-15T23:22:53","slug":"iki-sehrin-hikayesi-7","status":"publish","type":"product","link":"https:\/\/roveyayinevi.com.tr\/index.php\/urun\/iki-sehrin-hikayesi-7\/","title":{"rendered":"\u0130ki \u015eehrin Hikayesi"},"content":{"rendered":"<p>Zamanlar\u0131n en iyisiydi, zamanlar\u0131n en k\u00f6t\u00fcs\u00fcyd\u00fc, bilgelik \u00e7a\u011f\u0131yd\u0131, ahmakl\u0131k \u00e7a\u011f\u0131yd\u0131, inan\u00e7 devriydi, inan\u00e7s\u0131zl\u0131k devriydi, ayd\u0131nl\u0131k mevsimiydi, karanl\u0131k mevsimiydi, umudun bahar\u0131yd\u0131, umutsuzlu\u011fun k\u0131\u015f\u0131yd\u0131; her \u015fey \u00f6n\u00fcm\u00fczdeydi, \u00f6n\u00fcm\u00fczde hi\u00e7bir \u015fey yoktu; ya hepimiz do\u011frudan cennete ya da tersine gidiyorduk&#8230; K\u0131saca, devir \u015fimdiki devre o kadar benziyordu ki, devrin \u00f6nde gelenleri, \u201ciyi\u201d ve \u201ck\u00f6t\u00fc\u201d kar\u015f\u0131la\u015ft\u0131rmalar\u0131n\u0131n yaln\u0131zca \u00fcst\u00fcnl\u00fck derecelerinde yap\u0131lmas\u0131nda direniyorlard\u0131.   Dickens, 24 ya\u015f\u0131nda yazd\u0131\u011f\u0131 PickwickPapers\u2019dan itibaren kendisini izlemeye ba\u015flayan okurlar\u0131n\u0131, esprinin, ince bir mizah\u0131n, alay\u0131n, insan ruhunun ayr\u0131nt\u0131lar\u0131nda gizli olan ac\u0131 tatla, tatlar\u0131n pe\u015finden s\u00fcr\u00fcklemi\u015f; Bay Micawber\u2019lar\u0131, SamuelWeller, Pecksniff ya da Bayan Todgers gibi karakterleri; Bir Noel \u015eark\u0131s\u0131\u2019n\u0131n unutulmaz cimrisi olan, huysuzlu\u011fun ve merhametsizli\u011fin prototipi Scrooge\u2019lar\u0131 okurlar\u0131n\u0131n hayatlar\u0131n\u0131n i\u00e7ine kadar sokmu\u015ftu. Hard Times (1854) ya da LittleDorrit (1857) gibi bunalt\u0131c\u0131, i\u00e7 karart\u0131c\u0131 romanlar\u0131 ondan beklenen \u015feyler de\u011fillerdi. Dickens ac\u0131kl\u0131 bir durumdayd\u0131 ellilerin ortas\u0131nda. Okuru onu tam da Thackeray ve George Eliot gibi b\u00fcy\u00fckler ile rekabet etmesi gereken zamanda terk etmi\u015fti. Yepyeni bir at\u0131l\u0131m yapmal\u0131yd\u0131 ve bu yenili\u011fin ad\u0131 tarihsel bir romand\u0131: \u0130ki \u015eehrin Hik\u00e2yesi&#8230; <\/p>\n","protected":false},"excerpt":{"rendered":"<p>Zamanlar\u0131n en iyisiydi, zamanlar\u0131n en k\u00f6t\u00fcs\u00fcyd\u00fc, bilgelik \u00e7a\u011f\u0131yd\u0131, ahmakl\u0131k \u00e7a\u011f\u0131yd\u0131, inan\u00e7 devriydi, inan\u00e7s\u0131zl\u0131k devriydi, ayd\u0131nl\u0131k mevsimiydi, karanl\u0131k mevsimiydi, umudun bahar\u0131yd\u0131, umutsuzlu\u011fun k\u0131\u015f\u0131yd\u0131; her \u015fey \u00f6n\u00fcm\u00fczdeydi, \u00f6n\u00fcm\u00fczde<span class=\"excerpt-hellip\"> [\u2026]<\/span><\/p>\n","protected":false},"featured_media":0,"template":"","meta":{"_monsterinsights_skip_tracking":false,"_monsterinsights_sitenote_active":false,"_monsterinsights_sitenote_note":"","_monsterinsights_sitenote_category":0},"product_brand":[],"product_cat":[12291,12711],"product_tag":[],"class_list":{"0":"post-714600","1":"product","2":"type-product","3":"status-publish","5":"product_cat-edebiyat","6":"product_cat-roman-oyku","7":"pa_cilt-ciltsiz","8":"pa_tur-kitap","9":"pa_yayinevi-ayrinti-yayinlari","10":"pa_yazar-charles-dickens","12":"first","13":"instock","14":"sale","15":"shipping-taxable","16":"purchasable","17":"product-type-simple"},"_links":{"self":[{"href":"https:\/\/roveyayinevi.com.tr\/index.php\/wp-json\/wp\/v2\/product\/714600","targetHints":{"allow":["GET"]}}],"collection":[{"href":"https:\/\/roveyayinevi.com.tr\/index.php\/wp-json\/wp\/v2\/product"}],"about":[{"href":"https:\/\/roveyayinevi.com.tr\/index.php\/wp-json\/wp\/v2\/types\/product"}],"wp:attachment":[{"href":"https:\/\/roveyayinevi.com.tr\/index.php\/wp-json\/wp\/v2\/media?parent=714600"}],"wp:term":[{"taxonomy":"product_brand","embeddable":true,"href":"https:\/\/roveyayinevi.com.tr\/index.php\/wp-json\/wp\/v2\/product_brand?post=714600"},{"taxonomy":"product_cat","embeddable":true,"href":"https:\/\/roveyayinevi.com.tr\/index.php\/wp-json\/wp\/v2\/product_cat?post=714600"},{"taxonomy":"product_tag","embeddable":true,"href":"https:\/\/roveyayinevi.com.tr\/index.php\/wp-json\/wp\/v2\/product_tag?post=714600"}],"curies":[{"name":"wp","href":"https:\/\/api.w.org\/{rel}","templated":true}]}}