{"id":714597,"date":"2025-08-27T17:20:09","date_gmt":"2025-08-27T14:20:09","guid":{"rendered":"https:\/\/roveyayinevi.com.tr\/index.php\/urun\/ozguven-3\/"},"modified":"2026-04-16T02:22:53","modified_gmt":"2026-04-15T23:22:53","slug":"ozguven-3","status":"publish","type":"product","link":"https:\/\/roveyayinevi.com.tr\/index.php\/urun\/ozguven-3\/","title":{"rendered":"\u00d6zg\u00fcven"},"content":{"rendered":"<p>\u0130\u015f hayat\u0131nda ba\u015far\u0131l\u0131 olmay\u0131, insan ili\u015fkilerinde aktif rol almay\u0131 ve genel anlamda ki\u015fisel mutlulu\u011fa kavu\u015fmay\u0131 sa\u011flayan en\u00f6nemli duygu, hi\u00e7 \u015f\u00fcphe yok ki \u00f6zg\u00fcvendir. G\u00fcn\u00fcm\u00fczde, milyonlarca insan \u00f6zg\u00fcven eksikli\u011finden mustarip. Her Y\u00f6n\u00fcyle\u00d6zg\u00fcven sayesinde, d\u00fc\u015f\u00fck \u00f6zg\u00fcvenin etkilerini tersine \u00e7evirip duygular\u0131n\u0131z\u0131n kontrol\u00fcn\u00fc ele alacaks\u0131n\u0131z. Kapsaml\u0131 birrehber niteli\u011findeki bu kitap, sa\u011fl\u0131kl\u0131 bir \u00f6zg\u00fcvene sahip olman\u0131za engel olan etmenlerle ba\u015fa \u00e7\u0131kma becerisi kazanman\u0131z\u0131sa\u011flay\u0131p \u00f6zg\u00fcveninizi geli\u015ftirecek.Her Y\u00f6n\u00fcyle \u00d6zg\u00fcven ile,* Size zarar veren davran\u0131\u015flar\u0131n\u0131z\u0131 tan\u0131yacak,* \u00d6zg\u00fcveninizi in\u015fa etme yolunda, kendinize ger\u00e7ek\u00e7i hedefler koymay\u0131 \u00f6\u011frenecek,* \u0130\u015f ve \u00f6zel hayat\u0131n\u0131zda g\u00fcven duygusu geli\u015ftirecek,* Zorlay\u0131c\u0131 insanlar\u0131 ve \u00f6zg\u00fcveniniz \u00fczerindeki etkilerini ay\u0131rt edip onlar\u0131 hayat\u0131n\u0131zdan nas\u0131l \u00e7\u0131karabilece\u011finizi\u00f6\u011frenecek,* \u0130\u00e7inizde hissetti\u011finiz g\u00fc\u00e7s\u00fczl\u00fck duygusunu yok edecek,* Pozitif riskler alarak hayat\u0131n her alan\u0131nda mutlulu\u011fu bulacak,* Sa\u011fl\u0131kl\u0131 bir \u00f6zg\u00fcvene sahip olmak i\u00e7in basit ama etkili egzersizlerden faydalanacaks\u0131n\u0131z.Her Y\u00f6n\u00fcyle \u00d6zg\u00fcven, daha sa\u011fl\u0131kl\u0131 ve mutlu bir ya\u015fam s\u00fcrmek isteyen herkes i\u00e7in bir ba\u015fucu kayna\u011f\u0131 olacak!<\/p>\n","protected":false},"excerpt":{"rendered":"<p>\u0130\u015f hayat\u0131nda ba\u015far\u0131l\u0131 olmay\u0131, insan ili\u015fkilerinde aktif rol almay\u0131 ve genel anlamda ki\u015fisel mutlulu\u011fa kavu\u015fmay\u0131 sa\u011flayan en\u00f6nemli duygu, hi\u00e7 \u015f\u00fcphe yok ki \u00f6zg\u00fcvendir. G\u00fcn\u00fcm\u00fczde, milyonlarca insan<span class=\"excerpt-hellip\"> [\u2026]<\/span><\/p>\n","protected":false},"featured_media":0,"template":"","meta":{"_monsterinsights_skip_tracking":false,"_monsterinsights_sitenote_active":false,"_monsterinsights_sitenote_note":"","_monsterinsights_sitenote_category":0},"product_brand":[],"product_cat":[12364,12376],"product_tag":[],"class_list":{"0":"post-714597","1":"product","2":"type-product","3":"status-publish","5":"product_cat-genel-konular","6":"product_cat-kisisel-gelisim","7":"pa_cilt-ciltsiz","8":"pa_tur-kitap","9":"pa_yayinevi-akil-celen-kitaplar","10":"pa_yazar-dr-nanette-burton-mongelluzzo","12":"first","13":"instock","14":"sale","15":"shipping-taxable","16":"purchasable","17":"product-type-simple"},"_links":{"self":[{"href":"https:\/\/roveyayinevi.com.tr\/index.php\/wp-json\/wp\/v2\/product\/714597","targetHints":{"allow":["GET"]}}],"collection":[{"href":"https:\/\/roveyayinevi.com.tr\/index.php\/wp-json\/wp\/v2\/product"}],"about":[{"href":"https:\/\/roveyayinevi.com.tr\/index.php\/wp-json\/wp\/v2\/types\/product"}],"wp:attachment":[{"href":"https:\/\/roveyayinevi.com.tr\/index.php\/wp-json\/wp\/v2\/media?parent=714597"}],"wp:term":[{"taxonomy":"product_brand","embeddable":true,"href":"https:\/\/roveyayinevi.com.tr\/index.php\/wp-json\/wp\/v2\/product_brand?post=714597"},{"taxonomy":"product_cat","embeddable":true,"href":"https:\/\/roveyayinevi.com.tr\/index.php\/wp-json\/wp\/v2\/product_cat?post=714597"},{"taxonomy":"product_tag","embeddable":true,"href":"https:\/\/roveyayinevi.com.tr\/index.php\/wp-json\/wp\/v2\/product_tag?post=714597"}],"curies":[{"name":"wp","href":"https:\/\/api.w.org\/{rel}","templated":true}]}}