{"id":714596,"date":"2025-08-27T17:20:08","date_gmt":"2025-08-27T14:20:08","guid":{"rendered":"https:\/\/roveyayinevi.com.tr\/index.php\/urun\/ilk-bilgilerim-bes-duyu\/"},"modified":"2025-11-06T04:51:22","modified_gmt":"2025-11-06T01:51:22","slug":"ilk-bilgilerim-bes-duyu","status":"publish","type":"product","link":"https:\/\/roveyayinevi.com.tr\/index.php\/urun\/ilk-bilgilerim-bes-duyu\/","title":{"rendered":"\u0130lk Bilgilerim &#8211; Be\u015f Duyu"},"content":{"rendered":"<p>Neden g\u00f6z k\u0131rpar\u0131z? Dilimizin alt k\u0131sm\u0131yla tat alabilir miyiz? Arabada  neden midemiz bulan\u0131r? Burnumuz t\u0131kal\u0131yken yediklerimizin tad\u0131n\u0131 alabilir miyiz?   Be\u015f duyu organ\u0131m\u0131z ve bunlar\u0131n i\u015flevleri hakk\u0131nda merak etti\u011fin her \u015fey bu kitapta!   Capcanl\u0131 ve ilgi \u00e7ekici \u00e7izimleri, kolay anla\u015f\u0131l\u0131r ve e\u011flenceli anlat\u0131m\u0131yla \u0130lk Bilgilerim dizisi, \u00f6\u011frenmeye ve ke\u015ffetmeye merakl\u0131 minikler i\u00e7in faydal\u0131 bilgileri i\u00e7eriyor.<\/p>\n","protected":false},"excerpt":{"rendered":"<p>Neden g\u00f6z k\u0131rpar\u0131z? Dilimizin alt k\u0131sm\u0131yla tat alabilir miyiz? Arabada neden midemiz bulan\u0131r? Burnumuz t\u0131kal\u0131yken yediklerimizin tad\u0131n\u0131 alabilir miyiz? Be\u015f duyu organ\u0131m\u0131z ve bunlar\u0131n i\u015flevleri hakk\u0131nda<span class=\"excerpt-hellip\"> [\u2026]<\/span><\/p>\n","protected":false},"featured_media":0,"template":"","meta":{"_monsterinsights_skip_tracking":false,"_monsterinsights_sitenote_active":false,"_monsterinsights_sitenote_note":"","_monsterinsights_sitenote_category":0},"product_brand":[],"product_cat":[12913,12274],"product_tag":[],"class_list":{"0":"post-714596","1":"product","2":"type-product","3":"status-publish","5":"product_cat-3-6-yas-kitaplari","6":"product_cat-cocuk-ve-genclik-kitaplari","7":"pa_cilt-ciltsiz","8":"pa_tur-kitap","9":"pa_yayinevi-1001-cicek-kitaplar","10":"pa_yazar-emilie-beaumont","12":"first","13":"instock","14":"sale","15":"shipping-taxable","16":"purchasable","17":"product-type-simple"},"_links":{"self":[{"href":"https:\/\/roveyayinevi.com.tr\/index.php\/wp-json\/wp\/v2\/product\/714596","targetHints":{"allow":["GET"]}}],"collection":[{"href":"https:\/\/roveyayinevi.com.tr\/index.php\/wp-json\/wp\/v2\/product"}],"about":[{"href":"https:\/\/roveyayinevi.com.tr\/index.php\/wp-json\/wp\/v2\/types\/product"}],"wp:attachment":[{"href":"https:\/\/roveyayinevi.com.tr\/index.php\/wp-json\/wp\/v2\/media?parent=714596"}],"wp:term":[{"taxonomy":"product_brand","embeddable":true,"href":"https:\/\/roveyayinevi.com.tr\/index.php\/wp-json\/wp\/v2\/product_brand?post=714596"},{"taxonomy":"product_cat","embeddable":true,"href":"https:\/\/roveyayinevi.com.tr\/index.php\/wp-json\/wp\/v2\/product_cat?post=714596"},{"taxonomy":"product_tag","embeddable":true,"href":"https:\/\/roveyayinevi.com.tr\/index.php\/wp-json\/wp\/v2\/product_tag?post=714596"}],"curies":[{"name":"wp","href":"https:\/\/api.w.org\/{rel}","templated":true}]}}