{"id":714595,"date":"2025-08-27T17:20:07","date_gmt":"2025-08-27T14:20:07","guid":{"rendered":"https:\/\/roveyayinevi.com.tr\/index.php\/urun\/mevsimler-ilk-bilgilerim\/"},"modified":"2025-11-06T04:51:22","modified_gmt":"2025-11-06T01:51:22","slug":"mevsimler-ilk-bilgilerim","status":"publish","type":"product","link":"https:\/\/roveyayinevi.com.tr\/index.php\/urun\/mevsimler-ilk-bilgilerim\/","title":{"rendered":"Mevsimler &#8211; \u0130lk Bilgilerim"},"content":{"rendered":"<p>\u00dclkemizde ka\u00e7 mevsim ya\u015fan\u0131r? Mevsimler nas\u0131l olu\u015fur? Sonbaharda a\u011fa\u00e7lar neden yapraklar\u0131n\u0131 d\u00f6ker?   Mevsimler ge\u00e7tik\u00e7e do\u011fada g\u00f6zlenen de\u011fi\u015fimler ve mevsimlere \u00f6zg\u00fc faaliyetler hakk\u0131nda merak etti\u011fin her \u015fey bu kitapta! Capcanl\u0131 ve ilgi \u00e7ekici \u00e7izimleri, kolay anla\u015f\u0131l\u0131r ve e\u011flenceli anlat\u0131m\u0131yla \u0130lk Bilgilerim dizisi, \u00f6\u011frenmeye ve ke\u015ffetmeye merakl\u0131 minikler i\u00e7in faydal\u0131 bilgileri i\u00e7eriyor.<\/p>\n","protected":false},"excerpt":{"rendered":"<p>\u00dclkemizde ka\u00e7 mevsim ya\u015fan\u0131r? Mevsimler nas\u0131l olu\u015fur? Sonbaharda a\u011fa\u00e7lar neden yapraklar\u0131n\u0131 d\u00f6ker? Mevsimler ge\u00e7tik\u00e7e do\u011fada g\u00f6zlenen de\u011fi\u015fimler ve mevsimlere \u00f6zg\u00fc faaliyetler hakk\u0131nda merak etti\u011fin her \u015fey<span class=\"excerpt-hellip\"> [\u2026]<\/span><\/p>\n","protected":false},"featured_media":0,"template":"","meta":{"_monsterinsights_skip_tracking":false,"_monsterinsights_sitenote_active":false,"_monsterinsights_sitenote_note":"","_monsterinsights_sitenote_category":0},"product_brand":[],"product_cat":[12913,12274],"product_tag":[],"class_list":{"0":"post-714595","1":"product","2":"type-product","3":"status-publish","5":"product_cat-3-6-yas-kitaplari","6":"product_cat-cocuk-ve-genclik-kitaplari","7":"pa_cilt-ciltsiz","8":"pa_tur-kitap","9":"pa_yayinevi-1001-cicek-kitaplar","10":"pa_yazar-emilie-beaumont","12":"first","13":"instock","14":"sale","15":"shipping-taxable","16":"purchasable","17":"product-type-simple"},"_links":{"self":[{"href":"https:\/\/roveyayinevi.com.tr\/index.php\/wp-json\/wp\/v2\/product\/714595","targetHints":{"allow":["GET"]}}],"collection":[{"href":"https:\/\/roveyayinevi.com.tr\/index.php\/wp-json\/wp\/v2\/product"}],"about":[{"href":"https:\/\/roveyayinevi.com.tr\/index.php\/wp-json\/wp\/v2\/types\/product"}],"wp:attachment":[{"href":"https:\/\/roveyayinevi.com.tr\/index.php\/wp-json\/wp\/v2\/media?parent=714595"}],"wp:term":[{"taxonomy":"product_brand","embeddable":true,"href":"https:\/\/roveyayinevi.com.tr\/index.php\/wp-json\/wp\/v2\/product_brand?post=714595"},{"taxonomy":"product_cat","embeddable":true,"href":"https:\/\/roveyayinevi.com.tr\/index.php\/wp-json\/wp\/v2\/product_cat?post=714595"},{"taxonomy":"product_tag","embeddable":true,"href":"https:\/\/roveyayinevi.com.tr\/index.php\/wp-json\/wp\/v2\/product_tag?post=714595"}],"curies":[{"name":"wp","href":"https:\/\/api.w.org\/{rel}","templated":true}]}}