{"id":714592,"date":"2025-08-27T17:20:06","date_gmt":"2025-08-27T14:20:06","guid":{"rendered":"https:\/\/roveyayinevi.com.tr\/index.php\/urun\/azerbaycanli-sehid-asker-malik-selimlinin-yarim-kalmis-gunlugu\/"},"modified":"2026-04-16T02:22:53","modified_gmt":"2026-04-15T23:22:53","slug":"azerbaycanli-sehid-asker-malik-selimlinin-yarim-kalmis-gunlugu","status":"publish","type":"product","link":"https:\/\/roveyayinevi.com.tr\/index.php\/urun\/azerbaycanli-sehid-asker-malik-selimlinin-yarim-kalmis-gunlugu\/","title":{"rendered":"Azerbaycanl\u0131 \u015eehid Asker Malik Selimli&#8217;nin Yar\u0131m Kalm\u0131\u015f G\u00fcnl\u00fc\u011f\u00fc"},"content":{"rendered":"<p>Azebaycanl\u0131 \u015eehid Asker Malik Selimli\u2019nin Yar\u0131m Kalm\u0131\u015f G\u00fcnl\u00fc\u011f\u00fc <\/p>\n","protected":false},"excerpt":{"rendered":"<p>Azebaycanl\u0131 \u015eehid Asker Malik Selimli\u2019nin Yar\u0131m Kalm\u0131\u015f G\u00fcnl\u00fc\u011f\u00fc<\/p>\n","protected":false},"featured_media":0,"template":"","meta":{"_monsterinsights_skip_tracking":false,"_monsterinsights_sitenote_active":false,"_monsterinsights_sitenote_note":"","_monsterinsights_sitenote_category":0},"product_brand":[],"product_cat":[13701,12291],"product_tag":[],"class_list":{"0":"post-714592","1":"product","2":"type-product","3":"status-publish","5":"product_cat-ani-mektup-gunluk","6":"product_cat-edebiyat","7":"pa_cilt-ciltli","8":"pa_tur-kitap","9":"pa_yayinevi-yeditepe-yayinevi","10":"pa_yazar-ilhan-ege","12":"first","13":"instock","14":"sale","15":"shipping-taxable","16":"purchasable","17":"product-type-simple"},"_links":{"self":[{"href":"https:\/\/roveyayinevi.com.tr\/index.php\/wp-json\/wp\/v2\/product\/714592","targetHints":{"allow":["GET"]}}],"collection":[{"href":"https:\/\/roveyayinevi.com.tr\/index.php\/wp-json\/wp\/v2\/product"}],"about":[{"href":"https:\/\/roveyayinevi.com.tr\/index.php\/wp-json\/wp\/v2\/types\/product"}],"wp:attachment":[{"href":"https:\/\/roveyayinevi.com.tr\/index.php\/wp-json\/wp\/v2\/media?parent=714592"}],"wp:term":[{"taxonomy":"product_brand","embeddable":true,"href":"https:\/\/roveyayinevi.com.tr\/index.php\/wp-json\/wp\/v2\/product_brand?post=714592"},{"taxonomy":"product_cat","embeddable":true,"href":"https:\/\/roveyayinevi.com.tr\/index.php\/wp-json\/wp\/v2\/product_cat?post=714592"},{"taxonomy":"product_tag","embeddable":true,"href":"https:\/\/roveyayinevi.com.tr\/index.php\/wp-json\/wp\/v2\/product_tag?post=714592"}],"curies":[{"name":"wp","href":"https:\/\/api.w.org\/{rel}","templated":true}]}}