{"id":714591,"date":"2025-08-27T17:20:05","date_gmt":"2025-08-27T14:20:05","guid":{"rendered":"https:\/\/roveyayinevi.com.tr\/index.php\/urun\/islam-borclar-hukukunda-risk-teorisi-ve-rizikolu-akitler\/"},"modified":"2026-04-16T02:22:53","modified_gmt":"2026-04-15T23:22:53","slug":"islam-borclar-hukukunda-risk-teorisi-ve-rizikolu-akitler","status":"publish","type":"product","link":"https:\/\/roveyayinevi.com.tr\/index.php\/urun\/islam-borclar-hukukunda-risk-teorisi-ve-rizikolu-akitler\/","title":{"rendered":"\u0130slam Bor\u00e7lar Hukukunda Risk Teorisi ve Rizikolu Akitler"},"content":{"rendered":"<p>\u0130slam hukuku eserlerinde risk, muhatara ,gara ve cehalet konular\u0131 i\u00e7erisinde incelenmi\u015ftir. Naslar\u0131n do\u011frudan yasaklad\u0131\u011f\u0131 kumar ve gara i\u00e7eren akitler yan\u0131nda, Kur&#8217;an ve s\u00fcnnetin belirledi\u011fi genel ilkeler dikkate al\u0131narak m\u00fc\u00e7tehit imamlarca bey akdi ba\u011flam\u0131nda akit sistemati\u011fi olu\u015fturulmu\u015f ve akitler i\u00e7erisinde akdi fesada g\u00f6t\u00fcrecek derecede olan tesad\u00fcf ve \u015fansa ba\u011fl\u0131 akitler yasaklanm\u0131\u015ft\u0131r. Bu a\u00e7\u0131dan \u015fans ve tesad\u00fcfe dayand\u0131r\u0131lan bir\u00e7ok akit, akit h\u00fcrriyeti kapsam\u0131nda de\u011fildir.Sonu\u00e7lar\u0131 tahlil ve tased\u00fcfe dayanan rizikolu akitler, \u0130slam bor\u00e7lar hukuku ve \u0130slam iktisad\u0131 alan\u0131nda yap\u0131lan modern \u00e7al\u0131\u015fmalarda \u00f6zellikle sigorta akdi ve teminat mektubu ba\u011flam\u0131nda ele al\u0131nm\u0131\u015f ancak bu akitlerde riba yasa\u011f\u0131 ve gara konusuna yo\u011funla\u015f\u0131lm\u0131\u015f, rizikolu akitlerin klasik literat\u00fcr ba\u011flam\u0131nda ve g\u00fcn\u00fcm\u00fczde nas\u0131l anla\u015f\u0131lmas\u0131 gerekti\u011fi \u00fczerinde yeterince durulmam\u0131\u015ft\u0131r. Buradan hareketle g\u00fcn\u00fcm\u00fcz \u00e7al\u0131\u015fmalar\u0131n\u0131n bir k\u0131sm\u0131nda rizikolu akitlerden baz\u0131lar\u0131n\u0131n ele al\u0131nm\u0131\u015f oldu\u011fu ancak bu t\u00fcrden akitlerin bir b\u00fct\u00fcn halinde incelenmedi\u011fi hatta baz\u0131 akitlerin inceleme konusu dahi yap\u0131lmad\u0131\u011f\u0131 ger\u00e7e\u011fi ile kar\u015f\u0131 kar\u015f\u0131ya kalmaktay\u0131z.\u00c7a\u011fda\u015f \u00e7al\u0131\u015fmalarda yeterince i\u015flenmemi\u015f olan bu konuda ara\u015ft\u0131rarak elde etti\u011fimiz bilgilerden hareketle \u0130slam hukuku a\u00e7\u0131s\u0131ndan rizikolu akitleri bir \u00e7ev\u00e7eve i\u00e7erisine oturtmaya ve bu akitlerin \u00f6zelliklerini ve rizikolu y\u00f6nlerini ortaya koymak suretiyle bu s\u00f6zle\u015fmeler hakk\u0131nda sonu\u00e7lar ortaya koymaya \u00e7aba g\u00f6sterdik.Bu \u00e7al\u0131\u015fman\u0131n, rizikolu akitler konusunun g\u00fcn\u00fcm\u00fczde daha iyi anla\u015f\u0131lmas\u0131na katk\u0131da bulunmas\u0131n\u0131 ve g\u00fcn\u00fcm\u00fczde ortaya \u00e7\u0131kan yeni akit t\u00fcrlerine sa\u011fl\u0131kl\u0131 h\u00fck\u00fcm verilmesini sa\u011flayacak teorik bir alt yap\u0131 te\u015fkil etmesini temenni ediyoruz. <\/p>\n","protected":false},"excerpt":{"rendered":"<p>\u0130slam hukuku eserlerinde risk, muhatara ,gara ve cehalet konular\u0131 i\u00e7erisinde incelenmi\u015ftir. Naslar\u0131n do\u011frudan yasaklad\u0131\u011f\u0131 kumar ve gara i\u00e7eren akitler yan\u0131nda, Kur&#8217;an ve s\u00fcnnetin belirledi\u011fi genel ilkeler<span class=\"excerpt-hellip\"> [\u2026]<\/span><\/p>\n","protected":false},"featured_media":0,"template":"","meta":{"_monsterinsights_skip_tracking":false,"_monsterinsights_sitenote_active":false,"_monsterinsights_sitenote_note":"","_monsterinsights_sitenote_category":0},"product_brand":[],"product_cat":[15350,17602],"product_tag":[],"class_list":{"0":"post-714591","1":"product","2":"type-product","3":"status-publish","5":"product_cat-hukuk","6":"product_cat-hukuk-uzerine","7":"pa_cilt-ciltsiz","8":"pa_tur-kitap","9":"pa_yayinevi-astana-yayinlari","10":"pa_yazar-mehmet-onur","12":"first","13":"instock","14":"sale","15":"shipping-taxable","16":"purchasable","17":"product-type-simple"},"_links":{"self":[{"href":"https:\/\/roveyayinevi.com.tr\/index.php\/wp-json\/wp\/v2\/product\/714591","targetHints":{"allow":["GET"]}}],"collection":[{"href":"https:\/\/roveyayinevi.com.tr\/index.php\/wp-json\/wp\/v2\/product"}],"about":[{"href":"https:\/\/roveyayinevi.com.tr\/index.php\/wp-json\/wp\/v2\/types\/product"}],"wp:attachment":[{"href":"https:\/\/roveyayinevi.com.tr\/index.php\/wp-json\/wp\/v2\/media?parent=714591"}],"wp:term":[{"taxonomy":"product_brand","embeddable":true,"href":"https:\/\/roveyayinevi.com.tr\/index.php\/wp-json\/wp\/v2\/product_brand?post=714591"},{"taxonomy":"product_cat","embeddable":true,"href":"https:\/\/roveyayinevi.com.tr\/index.php\/wp-json\/wp\/v2\/product_cat?post=714591"},{"taxonomy":"product_tag","embeddable":true,"href":"https:\/\/roveyayinevi.com.tr\/index.php\/wp-json\/wp\/v2\/product_tag?post=714591"}],"curies":[{"name":"wp","href":"https:\/\/api.w.org\/{rel}","templated":true}]}}