{"id":714585,"date":"2025-08-27T17:20:01","date_gmt":"2025-08-27T14:20:01","guid":{"rendered":"https:\/\/roveyayinevi.com.tr\/index.php\/urun\/devrimci-portreler\/"},"modified":"2026-04-16T02:22:53","modified_gmt":"2026-04-15T23:22:53","slug":"devrimci-portreler","status":"publish","type":"product","link":"https:\/\/roveyayinevi.com.tr\/index.php\/urun\/devrimci-portreler\/","title":{"rendered":"Devrimci Portreler"},"content":{"rendered":"<p>Deniz Gezmi\u015f, Cihan Alptekin\u2019i nas\u0131l k\u0131zd\u0131r\u0131rd\u0131? Deniz, \u0130T\u00dc se\u00e7imlerinde ya\u015fanan kavgaya neden kar\u015f\u0131 \u00e7\u0131kt\u0131? Deniz\u2019in \u201cBeni onun yan\u0131na g\u00f6m\u00fcn\u201d dedi\u011fi devrimci kimdi? Mihri Belli\u2019yi hapishaneden ka\u00e7\u0131rma plan\u0131n\u0131 kim yapt\u0131? Efsane \u00f6rg\u00fct: D\u00d6B. THKP-C\u2019nin be\u015f ki\u015filik eylem timinde kimler vard\u0131? Mahir \u00c7ayan, b\u00fcy\u00fck firardan \u00f6nce ne yapt\u0131? Kafas\u0131na kur\u015fun s\u0131k\u0131larak \u00f6ld\u00fcr\u00fclen Te\u011fmen. Bilinmeyen \u0130brahim Kaypakkaya. Yay\u0131mlanmam\u0131\u015f bir Hasan Yal\u00e7\u0131n yaz\u0131s\u0131. T\u00fcrk Solu\u2019nun ve Dev-Gen\u00e7\u2019in ad\u0131n\u0131 kim koydu? \u201cMacerac\u0131l\u0131\u011fa kar\u015f\u0131\u201d bir banka soyguncusu! 68, TSK\u2019ye nas\u0131l yans\u0131d\u0131? 68\u2019in delikanl\u0131 k\u0131zlar\u0131! Hikmet \u00c7i\u00e7ek, Devrimci Portreler\u2019de bunlar\u0131 anlat\u0131yor. 68\u2019in 50. y\u0131l\u0131nda o devrimci portreler, erdemli ya\u015famlar\u0131 ve m\u00fccadeleleriyle bize \u00f6rnek olmaya devam ediyorlar. <\/p>\n","protected":false},"excerpt":{"rendered":"<p>Deniz Gezmi\u015f, Cihan Alptekin\u2019i nas\u0131l k\u0131zd\u0131r\u0131rd\u0131? Deniz, \u0130T\u00dc se\u00e7imlerinde ya\u015fanan kavgaya neden kar\u015f\u0131 \u00e7\u0131kt\u0131? Deniz\u2019in \u201cBeni onun yan\u0131na g\u00f6m\u00fcn\u201d dedi\u011fi devrimci kimdi? Mihri Belli\u2019yi hapishaneden ka\u00e7\u0131rma<span class=\"excerpt-hellip\"> [\u2026]<\/span><\/p>\n","protected":false},"featured_media":0,"template":"","meta":{"_monsterinsights_skip_tracking":false,"_monsterinsights_sitenote_active":false,"_monsterinsights_sitenote_note":"","_monsterinsights_sitenote_category":0},"product_brand":[],"product_cat":[31194,12337],"product_tag":[],"class_list":{"0":"post-714585","1":"product","2":"type-product","3":"status-publish","5":"product_cat-guncel-siyaset","6":"product_cat-politika-siyaset","7":"pa_cilt-ciltsiz","8":"pa_tur-kitap","9":"pa_yayinevi-kirmizi-kedi-yayinevi","10":"pa_yazar-hikmet-cicek","12":"first","13":"instock","14":"sale","15":"shipping-taxable","16":"purchasable","17":"product-type-simple"},"_links":{"self":[{"href":"https:\/\/roveyayinevi.com.tr\/index.php\/wp-json\/wp\/v2\/product\/714585","targetHints":{"allow":["GET"]}}],"collection":[{"href":"https:\/\/roveyayinevi.com.tr\/index.php\/wp-json\/wp\/v2\/product"}],"about":[{"href":"https:\/\/roveyayinevi.com.tr\/index.php\/wp-json\/wp\/v2\/types\/product"}],"wp:attachment":[{"href":"https:\/\/roveyayinevi.com.tr\/index.php\/wp-json\/wp\/v2\/media?parent=714585"}],"wp:term":[{"taxonomy":"product_brand","embeddable":true,"href":"https:\/\/roveyayinevi.com.tr\/index.php\/wp-json\/wp\/v2\/product_brand?post=714585"},{"taxonomy":"product_cat","embeddable":true,"href":"https:\/\/roveyayinevi.com.tr\/index.php\/wp-json\/wp\/v2\/product_cat?post=714585"},{"taxonomy":"product_tag","embeddable":true,"href":"https:\/\/roveyayinevi.com.tr\/index.php\/wp-json\/wp\/v2\/product_tag?post=714585"}],"curies":[{"name":"wp","href":"https:\/\/api.w.org\/{rel}","templated":true}]}}