{"id":714584,"date":"2025-08-27T17:20:00","date_gmt":"2025-08-27T14:20:00","guid":{"rendered":"https:\/\/roveyayinevi.com.tr\/index.php\/urun\/muhayyelat\/"},"modified":"2026-04-16T02:22:53","modified_gmt":"2026-04-15T23:22:53","slug":"muhayyelat","status":"publish","type":"product","link":"https:\/\/roveyayinevi.com.tr\/index.php\/urun\/muhayyelat\/","title":{"rendered":"Muhayyelat"},"content":{"rendered":"<p>Muhayyelat, yazar\u0131n \u201cHayal\u201d ad\u0131n\u0131 verdi\u011fi \u00fc\u00e7 b\u00fcy\u00fck b\u00f6l\u00fcmden meydana gelir. Birinci Hayal\u2019de, kad\u0131nlar\u0131n vefas\u0131z oldu\u011funu d\u00fc\u015f\u00fcnd\u00fc\u011f\u00fc i\u00e7in evlenmek istemeyen Kamercan ad\u0131ndaki \u015fehzadenin \u00c7in \u015fah\u0131n\u0131n g\u00fczel k\u0131z\u0131 ile evlenmesi anlat\u0131l\u0131r. \u0130kinci Hayal\u2019de, Ebu Ali Sina\u2019n\u0131n Cevad\u2019\u0131 ilim ve marifet yolunda yeti\u015ftirmesi hik\u00e2ye edilir. Bu b\u00f6l\u00fcmde insan-\u0131 k\u00e2mil olmak i\u00e7in s\u0131rr\u0131 a\u00e7\u0131klamamak, nefsine h\u00e2kim olmak gerekti\u011fi vurgulan\u0131r. \u00dc\u00e7\u00fcnc\u00fc Hayal\u2019de ise tamamen tasavvufi a\u015fk konusu ele al\u0131n\u0131r. \u015eeyh \u0130zzeddin M\u0131s\u0131r h\u00fck\u00fcmdar\u0131 Naci Billah\u2019a, \u00f6nce mecazi a\u015fk\u0131 ya\u015fat\u0131r, daha sonra onu hakiki a\u015fka ula\u015ft\u0131r\u0131r. Muhayyelat, Aziz Efendi\u2019nin ola\u011fan\u00fcst\u00fc g\u00fc\u00e7ler, hurufilik, simya, cifr, b\u00fcy\u00fc, mistik \u00e2lem, t\u0131ls\u0131mlar ve ger\u00e7ek hayattan ald\u0131\u011f\u0131 olaylarla kendi hayat\u0131ndan da izler ta\u015f\u0131yan farkl\u0131 bir eserdir. Tanzimat roman ve hik\u00e2yesine zemin haz\u0131rlayan eserler aras\u0131ndaki \u00f6nemi dolay\u0131s\u0131yla T\u00fcrk Klasikleri aras\u0131nda farkl\u0131 bir yere sahip oldu\u011fu s\u00f6ylenebilir. T\u00fcrk edebiyat\u0131nda \u00e7a\u011fda\u015f hik\u00e2yecili\u011fe ge\u00e7i\u015fin ilk \u00f6rne\u011fi say\u0131lan Muhayyelat\u2019\u0131 okurlar\u0131m\u0131z\u0131n be\u011fenerek okuyacaklar\u0131n\u0131 umuyoruz. <\/p>\n","protected":false},"excerpt":{"rendered":"<p>Muhayyelat, yazar\u0131n \u201cHayal\u201d ad\u0131n\u0131 verdi\u011fi \u00fc\u00e7 b\u00fcy\u00fck b\u00f6l\u00fcmden meydana gelir. Birinci Hayal\u2019de, kad\u0131nlar\u0131n vefas\u0131z oldu\u011funu d\u00fc\u015f\u00fcnd\u00fc\u011f\u00fc i\u00e7in evlenmek istemeyen Kamercan ad\u0131ndaki \u015fehzadenin \u00c7in \u015fah\u0131n\u0131n g\u00fczel k\u0131z\u0131<span class=\"excerpt-hellip\"> [\u2026]<\/span><\/p>\n","protected":false},"featured_media":0,"template":"","meta":{"_monsterinsights_skip_tracking":false,"_monsterinsights_sitenote_active":false,"_monsterinsights_sitenote_note":"","_monsterinsights_sitenote_category":0},"product_brand":[],"product_cat":[12291,12711],"product_tag":[],"class_list":{"0":"post-714584","1":"product","2":"type-product","3":"status-publish","5":"product_cat-edebiyat","6":"product_cat-roman-oyku","7":"pa_cilt-ciltsiz","8":"pa_tur-kitap","9":"pa_yayinevi-bilge-kultur-sanat","10":"pa_yazar-giritli-ali-aziz-efendi","12":"first","13":"instock","14":"sale","15":"shipping-taxable","16":"purchasable","17":"product-type-simple"},"_links":{"self":[{"href":"https:\/\/roveyayinevi.com.tr\/index.php\/wp-json\/wp\/v2\/product\/714584","targetHints":{"allow":["GET"]}}],"collection":[{"href":"https:\/\/roveyayinevi.com.tr\/index.php\/wp-json\/wp\/v2\/product"}],"about":[{"href":"https:\/\/roveyayinevi.com.tr\/index.php\/wp-json\/wp\/v2\/types\/product"}],"wp:attachment":[{"href":"https:\/\/roveyayinevi.com.tr\/index.php\/wp-json\/wp\/v2\/media?parent=714584"}],"wp:term":[{"taxonomy":"product_brand","embeddable":true,"href":"https:\/\/roveyayinevi.com.tr\/index.php\/wp-json\/wp\/v2\/product_brand?post=714584"},{"taxonomy":"product_cat","embeddable":true,"href":"https:\/\/roveyayinevi.com.tr\/index.php\/wp-json\/wp\/v2\/product_cat?post=714584"},{"taxonomy":"product_tag","embeddable":true,"href":"https:\/\/roveyayinevi.com.tr\/index.php\/wp-json\/wp\/v2\/product_tag?post=714584"}],"curies":[{"name":"wp","href":"https:\/\/api.w.org\/{rel}","templated":true}]}}