{"id":714583,"date":"2025-08-27T17:19:59","date_gmt":"2025-08-27T14:19:59","guid":{"rendered":"https:\/\/roveyayinevi.com.tr\/index.php\/urun\/ne-mutlu-turkum-diyene\/"},"modified":"2026-04-16T02:22:53","modified_gmt":"2026-04-15T23:22:53","slug":"ne-mutlu-turkum-diyene","status":"publish","type":"product","link":"https:\/\/roveyayinevi.com.tr\/index.php\/urun\/ne-mutlu-turkum-diyene\/","title":{"rendered":"Ne Mutlu T\u00fcrk\u00fcm Diyene"},"content":{"rendered":"<p>\u201cEmine \u0130\u015f\u0131nsu di\u011fer eserlerinde oldu\u011fu gibi bu piyesinde de T\u00fcrk tarihinin \u015fanl\u0131 sayfalar\u0131na ve bu sayfalarda yer eden b\u00fcy\u00fck kumandanlar\u0131na yer vermi\u015ftir. Zeynep ve annesinin kar\u015f\u0131l\u0131kl\u0131 konu\u015fmalar\u0131 ile ba\u015flayan oyunda, s\u00f6z Atat\u00fcrk\u2019ten ve onun b\u00fcy\u00fck bir kumandan oldu\u011fundan a\u00e7\u0131l\u0131r. Daha sonra Cumhurba\u015fkanl\u0131\u011f\u0131 forsunda bulunan g\u00fcne\u015f ve etraf\u0131nda bulunan 16 y\u0131ld\u0131z\u0131n anlam\u0131 \u00fczerinde durulur. Mete, Atilla, Dede Korkut, Bilge Ka\u011fan, Kutlu\u011f Bilge K\u00fcl Ka\u011fan, Alp Arslan sahneye gelir. T\u00fcrk tarihi yeniden canlan\u0131r. E\u011fitim ama\u00e7l\u0131 olmakla birlikte, canl\u0131 tablolar h\u00e2linde sunulan eser, \u00f6nemli bir dil ve anlat\u0131m zenginli\u011fine sahiptir. Hem g\u00f6sterme hem de anlatma unsurlar\u0131n\u0131 bir arada kullanmas\u0131 bak\u0131m\u0131ndan ba\u015far\u0131l\u0131 bir \u00fcslup sergileyen yazar, e\u011fitimi \u00f6n plana \u00e7\u0131karm\u0131\u015f, eser arac\u0131l\u0131\u011f\u0131 ile, tarih bilinci kazand\u0131rmaya \u00e7al\u0131\u015fm\u0131\u015ft\u0131r. E\u011fitim kurumlar\u0131nda, ge\u00e7mi\u015fte ya\u015fad\u0131\u011f\u0131m\u0131z ba\u015far\u0131lara dikkat \u00e7ekilmi\u015f olmas\u0131 bak\u0131m\u0131ndan, eserin ara\u00e7 metin olarak kullan\u0131lmas\u0131n\u0131n yan\u0131nda, sahnelenerek de b\u00fcy\u00fck bir yarar sa\u011flayaca\u011f\u0131 d\u00fc\u015f\u00fcn\u00fclebilir. [&#8230;] \u0130\u015f\u0131nsu\u2019nun tiyatro eserlerinde dili kullanma yeterlili\u011finin yan\u0131nda, tiyatro tekniklerini ba\u015far\u0131yla kullanmas\u0131 ve ele ald\u0131\u011f\u0131 konular ile, al\u0131\u015f\u0131lm\u0131\u015f\u0131n d\u0131\u015f\u0131na \u00e7\u0131karak, orijinaliteyi yakalad\u0131\u011f\u0131n\u0131 belirtmeliyiz.\u201d (Dr. G\u0131yasettin Ayta\u015f)<\/p>\n","protected":false},"excerpt":{"rendered":"<p>\u201cEmine \u0130\u015f\u0131nsu di\u011fer eserlerinde oldu\u011fu gibi bu piyesinde de T\u00fcrk tarihinin \u015fanl\u0131 sayfalar\u0131na ve bu sayfalarda yer eden b\u00fcy\u00fck kumandanlar\u0131na yer vermi\u015ftir. Zeynep ve annesinin kar\u015f\u0131l\u0131kl\u0131<span class=\"excerpt-hellip\"> [\u2026]<\/span><\/p>\n","protected":false},"featured_media":0,"template":"","meta":{"_monsterinsights_skip_tracking":false,"_monsterinsights_sitenote_active":false,"_monsterinsights_sitenote_note":"","_monsterinsights_sitenote_category":0},"product_brand":[],"product_cat":[12291,15566],"product_tag":[],"class_list":{"0":"post-714583","1":"product","2":"type-product","3":"status-publish","5":"product_cat-edebiyat","6":"product_cat-oyun","7":"pa_cilt-ciltsiz","8":"pa_tur-kitap","9":"pa_yayinevi-bilge-kultur-sanat","10":"pa_yazar-emine-isinsu","12":"first","13":"instock","14":"sale","15":"shipping-taxable","16":"purchasable","17":"product-type-simple"},"_links":{"self":[{"href":"https:\/\/roveyayinevi.com.tr\/index.php\/wp-json\/wp\/v2\/product\/714583","targetHints":{"allow":["GET"]}}],"collection":[{"href":"https:\/\/roveyayinevi.com.tr\/index.php\/wp-json\/wp\/v2\/product"}],"about":[{"href":"https:\/\/roveyayinevi.com.tr\/index.php\/wp-json\/wp\/v2\/types\/product"}],"wp:attachment":[{"href":"https:\/\/roveyayinevi.com.tr\/index.php\/wp-json\/wp\/v2\/media?parent=714583"}],"wp:term":[{"taxonomy":"product_brand","embeddable":true,"href":"https:\/\/roveyayinevi.com.tr\/index.php\/wp-json\/wp\/v2\/product_brand?post=714583"},{"taxonomy":"product_cat","embeddable":true,"href":"https:\/\/roveyayinevi.com.tr\/index.php\/wp-json\/wp\/v2\/product_cat?post=714583"},{"taxonomy":"product_tag","embeddable":true,"href":"https:\/\/roveyayinevi.com.tr\/index.php\/wp-json\/wp\/v2\/product_tag?post=714583"}],"curies":[{"name":"wp","href":"https:\/\/api.w.org\/{rel}","templated":true}]}}