{"id":714581,"date":"2025-08-27T17:19:58","date_gmt":"2025-08-27T14:19:58","guid":{"rendered":"https:\/\/roveyayinevi.com.tr\/index.php\/urun\/bir-milyon-igne\/"},"modified":"2026-04-16T02:22:53","modified_gmt":"2026-04-15T23:22:53","slug":"bir-milyon-igne","status":"publish","type":"product","link":"https:\/\/roveyayinevi.com.tr\/index.php\/urun\/bir-milyon-igne\/","title":{"rendered":"Bir Milyon \u0130\u011fne"},"content":{"rendered":"<p>\u201c\u0130\u015f\u0131nsu bu tiyatro eserinde de insan\u0131 merkeze alm\u0131\u015ft\u0131r. Yaz\u0131ld\u0131\u011f\u0131 devrin siyasal ve sosyal \u015fartlar\u0131 gere\u011fince, aldat\u0131lan beyinler, sars\u0131lan yuvalar, istismar edilen duygular, \u00e7\u0131kar ili\u015fkileri, samimiyetsizlikler, arad\u0131\u011f\u0131n\u0131 bulamam\u0131\u015flar, buldu\u011funu kaybetmi\u015flerin dram\u0131n\u0131 bir arada g\u00f6rebiliyorsunuz. Eserde, Ikinci D\u00fcnya Sava\u015f\u0131\u2019n\u0131n getirdi\u011fi bunal\u0131ml\u0131 y\u0131llar ele al\u0131nmaktad\u0131r. Mehmet, bunal\u0131m\u0131n e\u015fi\u011finde, bir \u00e7\u0131kmaz\u0131n i\u00e7indedir. S\u00fcrekli kendi kendine konu\u015fmakta, her bir problemi beynine saplanan i\u011fneler olarak de\u011ferlendirmektedir. Mutsuz bir aile \u00e7evresinde ve \u00f6z g\u00fcven eksikli\u011fi i\u00e7inde b\u00fcy\u00fcm\u00fc\u015ft\u00fcr. Huzura, sevgiye, sevilmeye hasrettir. B\u00fct\u00fcn olanlara kendince cevap ararken, bir \u00e7\u0131kmaza do\u011fru s\u00fcr\u00fcklenen Mehmet, beyninde bir milyon i\u011fnenin ac\u0131s\u0131 ile irkilmektedir. Kimileri emekle, kimileri de emeksiz kazanmakta veya \u00f6yle kazand\u0131\u011f\u0131n\u0131 zannetmektedir. Mehmet tam bu \u00e7\u0131kmazlarla u\u011fra\u015f\u0131rken Rauf ve Selim adl\u0131 iki Marksist gen\u00e7le arkada\u015f olur. Onlarla birlikte d\u00fczen de\u011fi\u015ftirme kavgas\u0131na girer. Ihtilal yapacaklar ve b\u00fct\u00fcn olumsuzluklar\u0131 ortadan kald\u0131racaklar. Bu Mehmet\u2019e mant\u0131kl\u0131 gibi gelir. Yazar insan merkezinde; fikir ve fikirlerin \u00e7eli\u015fkileri i\u00e7erisinde, insan psikolojisini sorgular. [&#8230;] \u0130\u015f\u0131nsu\u2019nun tiyatro eserlerinde dili kullanma yeterlili\u011finin yan\u0131nda, tiyatro tekniklerini ba\u015far\u0131yla kullanmas\u0131 ve ele ald\u0131\u011f\u0131 konular ile, al\u0131\u015f\u0131lm\u0131\u015f\u0131n d\u0131\u015f\u0131na \u00e7\u0131karak, orijinaliteyi yakalad\u0131\u011f\u0131n\u0131 belirtmeliyiz.\u201d (Dr. G\u0131yasettin Ayta\u015f)<\/p>\n","protected":false},"excerpt":{"rendered":"<p>\u201c\u0130\u015f\u0131nsu bu tiyatro eserinde de insan\u0131 merkeze alm\u0131\u015ft\u0131r. Yaz\u0131ld\u0131\u011f\u0131 devrin siyasal ve sosyal \u015fartlar\u0131 gere\u011fince, aldat\u0131lan beyinler, sars\u0131lan yuvalar, istismar edilen duygular, \u00e7\u0131kar ili\u015fkileri, samimiyetsizlikler, arad\u0131\u011f\u0131n\u0131<span class=\"excerpt-hellip\"> [\u2026]<\/span><\/p>\n","protected":false},"featured_media":0,"template":"","meta":{"_monsterinsights_skip_tracking":false,"_monsterinsights_sitenote_active":false,"_monsterinsights_sitenote_note":"","_monsterinsights_sitenote_category":0},"product_brand":[],"product_cat":[12291,15566],"product_tag":[],"class_list":{"0":"post-714581","1":"product","2":"type-product","3":"status-publish","5":"product_cat-edebiyat","6":"product_cat-oyun","7":"pa_cilt-ciltsiz","8":"pa_tur-kitap","9":"pa_yayinevi-bilge-kultur-sanat","10":"pa_yazar-emine-isinsu","12":"first","13":"instock","14":"sale","15":"shipping-taxable","16":"purchasable","17":"product-type-simple"},"_links":{"self":[{"href":"https:\/\/roveyayinevi.com.tr\/index.php\/wp-json\/wp\/v2\/product\/714581","targetHints":{"allow":["GET"]}}],"collection":[{"href":"https:\/\/roveyayinevi.com.tr\/index.php\/wp-json\/wp\/v2\/product"}],"about":[{"href":"https:\/\/roveyayinevi.com.tr\/index.php\/wp-json\/wp\/v2\/types\/product"}],"wp:attachment":[{"href":"https:\/\/roveyayinevi.com.tr\/index.php\/wp-json\/wp\/v2\/media?parent=714581"}],"wp:term":[{"taxonomy":"product_brand","embeddable":true,"href":"https:\/\/roveyayinevi.com.tr\/index.php\/wp-json\/wp\/v2\/product_brand?post=714581"},{"taxonomy":"product_cat","embeddable":true,"href":"https:\/\/roveyayinevi.com.tr\/index.php\/wp-json\/wp\/v2\/product_cat?post=714581"},{"taxonomy":"product_tag","embeddable":true,"href":"https:\/\/roveyayinevi.com.tr\/index.php\/wp-json\/wp\/v2\/product_tag?post=714581"}],"curies":[{"name":"wp","href":"https:\/\/api.w.org\/{rel}","templated":true}]}}