{"id":714580,"date":"2025-08-27T17:19:57","date_gmt":"2025-08-27T14:19:57","guid":{"rendered":"https:\/\/roveyayinevi.com.tr\/index.php\/urun\/turk-sazi\/"},"modified":"2026-04-16T02:22:53","modified_gmt":"2026-04-15T23:22:53","slug":"turk-sazi","status":"publish","type":"product","link":"https:\/\/roveyayinevi.com.tr\/index.php\/urun\/turk-sazi\/","title":{"rendered":"T\u00fcrk Saz\u0131"},"content":{"rendered":"<p>\u201cT\u00fcrk \u015eairi\u201d, \u201cMill\u00ee \u015eair\u201d diye an\u0131lan Mehmet Emin, mill\u00ee k\u00fclt\u00fcr\u00fcn din\u00ee ve manevi de\u011ferlerden ayr\u0131 d\u00fc\u015f\u00fcn\u00fclemeyece\u011fi ger\u00e7e\u011fini kabul eder. Ya\u015fad\u0131\u011f\u0131 toplumun felaket ve yoksullu\u011funa duyars\u0131z kalmam\u0131\u015f, ya\u015fanan her t\u00fcrl\u00fc ac\u0131y\u0131 seslendirmeye \u00e7al\u0131\u015fm\u0131\u015ft\u0131r. \u00dclke kalk\u0131nmas\u0131 i\u00e7in \u00e7aba sarf eden \u00e7ift\u00e7ileri, demircileri, zanaatk\u00e2rlar\u0131 y\u00fcreklendirmeye gayret etmi\u015ftir.T\u00fcrk Saz\u0131 onun, \u201cMemleketimin sefillerinin dertlerinin k\u00fc\u00e7\u00fck bir \u015fairi olarak, b\u00fct\u00fcn milletimin h\u00fcr ve saadetini terenn\u00fcm edebilmek i\u00e7in ya\u015famak. \u0130\u015fte benim hayat\u0131m\u0131n ve sanat\u0131m\u0131n gayesi.\u201d s\u00f6zlerini tam olarak ortaya koyan bir eserdir. Umar\u0131z \u015fiir severler ve \u00f6\u011frenciler bu kitaba ilgi g\u00f6sterir, kim bilir belki de bu \u015fiir kitab\u0131; benzer dertleri dile getiren, toplum meselelerine duyarl\u0131l\u0131k g\u00f6steren gen\u00e7 \u015fairlerin ortaya \u00e7\u0131kmas\u0131na vesile olur.<\/p>\n","protected":false},"excerpt":{"rendered":"<p>\u201cT\u00fcrk \u015eairi\u201d, \u201cMill\u00ee \u015eair\u201d diye an\u0131lan Mehmet Emin, mill\u00ee k\u00fclt\u00fcr\u00fcn din\u00ee ve manevi de\u011ferlerden ayr\u0131 d\u00fc\u015f\u00fcn\u00fclemeyece\u011fi ger\u00e7e\u011fini kabul eder. Ya\u015fad\u0131\u011f\u0131 toplumun felaket ve yoksullu\u011funa duyars\u0131z kalmam\u0131\u015f,<span class=\"excerpt-hellip\"> [\u2026]<\/span><\/p>\n","protected":false},"featured_media":0,"template":"","meta":{"_monsterinsights_skip_tracking":false,"_monsterinsights_sitenote_active":false,"_monsterinsights_sitenote_note":"","_monsterinsights_sitenote_category":0},"product_brand":[],"product_cat":[12291,12509],"product_tag":[],"class_list":{"0":"post-714580","1":"product","2":"type-product","3":"status-publish","5":"product_cat-edebiyat","6":"product_cat-siir","7":"pa_cilt-ciltsiz","8":"pa_tur-kitap","9":"pa_yayinevi-bilge-kultur-sanat","10":"pa_yazar-mehmet-emin-yurdakul","12":"first","13":"instock","14":"sale","15":"shipping-taxable","16":"purchasable","17":"product-type-simple"},"_links":{"self":[{"href":"https:\/\/roveyayinevi.com.tr\/index.php\/wp-json\/wp\/v2\/product\/714580","targetHints":{"allow":["GET"]}}],"collection":[{"href":"https:\/\/roveyayinevi.com.tr\/index.php\/wp-json\/wp\/v2\/product"}],"about":[{"href":"https:\/\/roveyayinevi.com.tr\/index.php\/wp-json\/wp\/v2\/types\/product"}],"wp:attachment":[{"href":"https:\/\/roveyayinevi.com.tr\/index.php\/wp-json\/wp\/v2\/media?parent=714580"}],"wp:term":[{"taxonomy":"product_brand","embeddable":true,"href":"https:\/\/roveyayinevi.com.tr\/index.php\/wp-json\/wp\/v2\/product_brand?post=714580"},{"taxonomy":"product_cat","embeddable":true,"href":"https:\/\/roveyayinevi.com.tr\/index.php\/wp-json\/wp\/v2\/product_cat?post=714580"},{"taxonomy":"product_tag","embeddable":true,"href":"https:\/\/roveyayinevi.com.tr\/index.php\/wp-json\/wp\/v2\/product_tag?post=714580"}],"curies":[{"name":"wp","href":"https:\/\/api.w.org\/{rel}","templated":true}]}}