{"id":714579,"date":"2025-08-27T17:19:57","date_gmt":"2025-08-27T14:19:57","guid":{"rendered":"https:\/\/roveyayinevi.com.tr\/index.php\/urun\/mezarindan-kalkan-sehit\/"},"modified":"2026-04-16T02:22:53","modified_gmt":"2026-04-15T23:22:53","slug":"mezarindan-kalkan-sehit","status":"publish","type":"product","link":"https:\/\/roveyayinevi.com.tr\/index.php\/urun\/mezarindan-kalkan-sehit\/","title":{"rendered":"Mezar\u0131ndan Kalkan \u015eehit"},"content":{"rendered":"<p>Mezar\u0131ndan Kalkan \u015eehit, \u00e7ok kar\u0131\u015f\u0131k olaylar\u0131n ya\u015fand\u0131\u011f\u0131 romanlardan biridir. \u015eevki Bey cin ve periye inanmayan materyalist biridir. Arkada\u015f\u0131 Kadri Bey\u2019in daveti \u00fczerine Kartal ile So\u011fanl\u0131k aras\u0131ndaki \u00e7iftli\u011fe gider. Herkesin Cinli K\u00f6\u015fk dedi\u011fi yer ve orada ya\u015fananlar ilgisini \u00e7eker. \u00c7ok iyi piyano \u00e7alan, g\u00fczel sesiyle \u015fark\u0131lar s\u00f6yleyen \u015eahika Han\u0131m\u2019la tan\u0131\u015fan \u015eevki Bey s\u00fcrpriz bir \u015fekilde onunla evlenir.Sar\u0131kam\u0131\u015f Harek\u00e2t\u0131&#8217;nda \u015fehit d\u00fc\u015fen \u015eevket, cuma geceleri b\u00fcy\u00fck anneyi ziyaret etmektedir. \u015eevket\u2019in hat\u0131ra defterinde Sar\u0131kam\u0131\u015f sava\u015f\u0131yla ilgili anlatt\u0131klar\u0131 olduk\u00e7a etkileyici bir \u00fcsluba sahiptir. S\u0131k s\u0131k inan\u00e7s\u0131zl\u0131\u011f\u0131n\u0131 dile getiren \u015eevki Bey, hayaletin pe\u015fine d\u00fc\u015ferek olaylardaki s\u0131rr\u0131 meydana \u00e7\u0131karmaya \u00e7al\u0131\u015f\u0131r. \u015eehit oldu\u011fu resm\u00ee belgelere dayanan \u015eevket annesini nas\u0131l ziyaret etmektedir? Bu b\u00fcy\u00fck s\u0131r, ancak roman\u0131n sonlar\u0131na do\u011fru ortaya \u00e7\u0131kar.Mezar\u0131ndan Kalkan \u015eehit, H\u00fcseyin Rahmi\u2019nin polisiye \u00f6zellikler ta\u015f\u0131yan ve fantastik unsurlarla dolu, materyalizmin ruh\u00e7ulu\u011fa \u00fcst\u00fcnl\u00fc\u011f\u00fcn\u00fc savundu\u011fu bir roman\u0131d\u0131r.<\/p>\n","protected":false},"excerpt":{"rendered":"<p>Mezar\u0131ndan Kalkan \u015eehit, \u00e7ok kar\u0131\u015f\u0131k olaylar\u0131n ya\u015fand\u0131\u011f\u0131 romanlardan biridir. \u015eevki Bey cin ve periye inanmayan materyalist biridir. Arkada\u015f\u0131 Kadri Bey\u2019in daveti \u00fczerine Kartal ile So\u011fanl\u0131k aras\u0131ndaki<span class=\"excerpt-hellip\"> [\u2026]<\/span><\/p>\n","protected":false},"featured_media":0,"template":"","meta":{"_monsterinsights_skip_tracking":false,"_monsterinsights_sitenote_active":false,"_monsterinsights_sitenote_note":"","_monsterinsights_sitenote_category":0},"product_brand":[],"product_cat":[12291,12711],"product_tag":[],"class_list":{"0":"post-714579","1":"product","2":"type-product","3":"status-publish","5":"product_cat-edebiyat","6":"product_cat-roman-oyku","7":"pa_cilt-ciltsiz","8":"pa_tur-kitap","9":"pa_yayinevi-bilge-kultur-sanat","10":"pa_yazar-huseyin-rahmi-gurpinar","12":"first","13":"instock","14":"sale","15":"shipping-taxable","16":"purchasable","17":"product-type-simple"},"_links":{"self":[{"href":"https:\/\/roveyayinevi.com.tr\/index.php\/wp-json\/wp\/v2\/product\/714579","targetHints":{"allow":["GET"]}}],"collection":[{"href":"https:\/\/roveyayinevi.com.tr\/index.php\/wp-json\/wp\/v2\/product"}],"about":[{"href":"https:\/\/roveyayinevi.com.tr\/index.php\/wp-json\/wp\/v2\/types\/product"}],"wp:attachment":[{"href":"https:\/\/roveyayinevi.com.tr\/index.php\/wp-json\/wp\/v2\/media?parent=714579"}],"wp:term":[{"taxonomy":"product_brand","embeddable":true,"href":"https:\/\/roveyayinevi.com.tr\/index.php\/wp-json\/wp\/v2\/product_brand?post=714579"},{"taxonomy":"product_cat","embeddable":true,"href":"https:\/\/roveyayinevi.com.tr\/index.php\/wp-json\/wp\/v2\/product_cat?post=714579"},{"taxonomy":"product_tag","embeddable":true,"href":"https:\/\/roveyayinevi.com.tr\/index.php\/wp-json\/wp\/v2\/product_tag?post=714579"}],"curies":[{"name":"wp","href":"https:\/\/api.w.org\/{rel}","templated":true}]}}