{"id":714578,"date":"2025-08-27T17:19:56","date_gmt":"2025-08-27T14:19:56","guid":{"rendered":"https:\/\/roveyayinevi.com.tr\/index.php\/urun\/bir-ask-bir-kursun-ve-otesi\/"},"modified":"2026-04-16T02:22:53","modified_gmt":"2026-04-15T23:22:53","slug":"bir-ask-bir-kursun-ve-otesi","status":"publish","type":"product","link":"https:\/\/roveyayinevi.com.tr\/index.php\/urun\/bir-ask-bir-kursun-ve-otesi\/","title":{"rendered":"Bir A\u015fk, Bir Kur\u015fun ve \u00d6tesi"},"content":{"rendered":"<p>Enver Pa\u015fa, kimi tarih\u00e7ilere g\u00f6re bir macerac\u0131d\u0131r, kimilerine g\u00f6re bir \u00e7\u0131lg\u0131n: lakin o, mert karakteri ve sars\u0131lmaz iman\u0131 ile T\u00fcrk milletinin g\u00f6nl\u00fcnde h\u00e2l\u00e2 dipdiri ya\u015fayan bir efsanedir.Yi\u011fit oldu\u011fu kadar ince ruhlu, sevgi dolu bir g\u00f6n\u00fcl adam\u0131d\u0131r Enver Pa\u015fa; k\u00e2h Edirne s\u0131rtlar\u0131nda k\u00e2h T\u00fcrkistan da\u011flar\u0131nda \u00f6l\u00fcm kal\u0131m sava\u015f\u0131 verirken bile, bazen bir mavzer mermisinden oydu\u011fu kolyeye, bazen alt\u0131nda uyudu\u011fu bir a\u011fa\u00e7 g\u00f6vdesine sevdi\u011fi kad\u0131n\u0131n ad\u0131n\u0131 yazan bir \u00e2\u015f\u0131kt\u0131r\u2026Bu kitapta, Naciye Sultan\u2019\u0131n kim bilir hangi sessiz yakar\u0131\u015flarla bezeyip Sar\u0131kam\u0131\u015f \u00f6nlerinde sava\u015fa tutu\u015fan Enver Pa\u015fa\u2019ya ula\u015ft\u0131rmas\u0131 i\u00e7in gen\u00e7 te\u011fmen Ahmet Naz\u0131m\u2019a teslim etti\u011fi kur\u015fun kolyesi hik\u00e2ye edilmektedir.Soluk solu\u011fa okuyaca\u011f\u0131n\u0131z bir \u00f6l\u00fcm kal\u0131m, kahramanl\u0131k, a\u015fk ve hasret hik\u00e2yesi\u2026<\/p>\n","protected":false},"excerpt":{"rendered":"<p>Enver Pa\u015fa, kimi tarih\u00e7ilere g\u00f6re bir macerac\u0131d\u0131r, kimilerine g\u00f6re bir \u00e7\u0131lg\u0131n: lakin o, mert karakteri ve sars\u0131lmaz iman\u0131 ile T\u00fcrk milletinin g\u00f6nl\u00fcnde h\u00e2l\u00e2 dipdiri ya\u015fayan bir<span class=\"excerpt-hellip\"> [\u2026]<\/span><\/p>\n","protected":false},"featured_media":0,"template":"","meta":{"_monsterinsights_skip_tracking":false,"_monsterinsights_sitenote_active":false,"_monsterinsights_sitenote_note":"","_monsterinsights_sitenote_category":0},"product_brand":[],"product_cat":[12291,12745],"product_tag":[],"class_list":{"0":"post-714578","1":"product","2":"type-product","3":"status-publish","5":"product_cat-edebiyat","6":"product_cat-tarihi-roman","7":"pa_cilt-ciltsiz","8":"pa_tur-kitap","9":"pa_yayinevi-bilge-kultur-sanat","10":"pa_yazar-hasan-kayihan","12":"first","13":"instock","14":"sale","15":"shipping-taxable","16":"purchasable","17":"product-type-simple"},"_links":{"self":[{"href":"https:\/\/roveyayinevi.com.tr\/index.php\/wp-json\/wp\/v2\/product\/714578","targetHints":{"allow":["GET"]}}],"collection":[{"href":"https:\/\/roveyayinevi.com.tr\/index.php\/wp-json\/wp\/v2\/product"}],"about":[{"href":"https:\/\/roveyayinevi.com.tr\/index.php\/wp-json\/wp\/v2\/types\/product"}],"wp:attachment":[{"href":"https:\/\/roveyayinevi.com.tr\/index.php\/wp-json\/wp\/v2\/media?parent=714578"}],"wp:term":[{"taxonomy":"product_brand","embeddable":true,"href":"https:\/\/roveyayinevi.com.tr\/index.php\/wp-json\/wp\/v2\/product_brand?post=714578"},{"taxonomy":"product_cat","embeddable":true,"href":"https:\/\/roveyayinevi.com.tr\/index.php\/wp-json\/wp\/v2\/product_cat?post=714578"},{"taxonomy":"product_tag","embeddable":true,"href":"https:\/\/roveyayinevi.com.tr\/index.php\/wp-json\/wp\/v2\/product_tag?post=714578"}],"curies":[{"name":"wp","href":"https:\/\/api.w.org\/{rel}","templated":true}]}}