{"id":714577,"date":"2025-08-27T17:19:55","date_gmt":"2025-08-27T14:19:55","guid":{"rendered":"https:\/\/roveyayinevi.com.tr\/index.php\/urun\/roman-kimlik-kultur\/"},"modified":"2026-04-16T02:22:53","modified_gmt":"2026-04-15T23:22:53","slug":"roman-kimlik-kultur","status":"publish","type":"product","link":"https:\/\/roveyayinevi.com.tr\/index.php\/urun\/roman-kimlik-kultur\/","title":{"rendered":"Roman Kimlik K\u00fclt\u00fcr"},"content":{"rendered":"<p>Edeb\u00ee t\u00fcrler i\u00e7inde, \u015fiir, \u00e7ok zaman \u201cben\u201dden yola \u00e7\u0131kar ve \u201cben\u201din etraf\u0131nda d\u00fcnyalar kurar. Hik\u00e2ye ve romanlar\u0131n \u00f6znesiyse, daha \u00e7ok \u201co\u201d veya \u201conlar\u201dd\u0131r. Hik\u00e2yeciler ve romanc\u0131lar, \u015fairlerin aksine, kendi \u201cben\u201dlerini de\u011fil \u201co\u201dnu, \u201conlar\u201d\u0131, \u201cba\u015fka\u201dlar\u0131n\u0131 anlat\u0131rlar. O kadar ki, insan\u0131 ve hayat\u0131 anlama yolculu\u011funda psikologlar\u0131 ve sosyologlar\u0131 a\u015fabilir, filozoflarla yar\u0131\u015fabilirler. \u00c7\u00fcnk\u00fc onlar\u0131n konusu; \u201cgenel olarak insan\u201d de\u011fil, \u201c\u00f6zel olarak insan\u201dd\u0131r. Yani, yazarlar tek tek bireyler, tek tek ki\u015filikler \u00fczerinde durur ve d\u00fc\u015f\u00fcn\u00fcrler. Kurgusal d\u00fcnyalarda var ettikleri \u201cger\u00e7ek insanlar\u201dla okuyucuya yepyeni \u201calternatif hayat\u201d tecr\u00fcbeleri sunarlar.\u00d6yleyse, bir hik\u00e2yeyi veya bir roman\u0131 analiz etmek demek, k\u00fc\u00e7\u00fck k\u00fc\u00e7\u00fck sayfalardan b\u00fcy\u00fck b\u00fcy\u00fck d\u00fcnyalar ve ya\u015fama bi\u00e7imleri bulup \u00e7\u0131karmak demektir. Ba\u015fka bir s\u00f6yleyi\u015fle, bir roman\u0131 veya hik\u00e2yeyi \u00e7\u00f6z\u00fcmlemek demek, insan\u0131 ve hayat\u0131 \u00e7\u00f6z\u00fcmlemek; ya\u015famay\u0131, hayal kurmay\u0131, yaratmay\u0131, mutlu ve umutlu olmay\u0131 \u00f6\u011frenmek demektir.\u0130\u015fte bu kitapta, \u00e7a\u011fda\u015f yazarlar\u0131m\u0131z, Selim \u0130leri, Orhan Pamuk, Mario Levi, G\u00fclcemal ve Ece Erdo\u011fu\u015f\u2019tan se\u00e7ilmi\u015f eserler \u00fczerine ayr\u0131nt\u0131l\u0131 incelemeler ve de\u011ferlendirmeler bulunuyor. Prof. Dr. Ali Budak, titizlikle se\u00e7ti\u011fi romanlar\u0131 hem niceliksel ve niteliksel olarak sorguluyor hem de onlar\u0131 \u00e7a\u011fda edebiyat kuramlar\u0131 \u0131\u015f\u0131\u011f\u0131nda yorumluyor ve \u00e7\u00f6z\u00fcml\u00fcyor.<\/p>\n","protected":false},"excerpt":{"rendered":"<p>Edeb\u00ee t\u00fcrler i\u00e7inde, \u015fiir, \u00e7ok zaman \u201cben\u201dden yola \u00e7\u0131kar ve \u201cben\u201din etraf\u0131nda d\u00fcnyalar kurar. Hik\u00e2ye ve romanlar\u0131n \u00f6znesiyse, daha \u00e7ok \u201co\u201d veya \u201conlar\u201dd\u0131r. Hik\u00e2yeciler ve romanc\u0131lar,<span class=\"excerpt-hellip\"> [\u2026]<\/span><\/p>\n","protected":false},"featured_media":0,"template":"","meta":{"_monsterinsights_skip_tracking":false,"_monsterinsights_sitenote_active":false,"_monsterinsights_sitenote_note":"","_monsterinsights_sitenote_category":0},"product_brand":[],"product_cat":[13072,12291],"product_tag":[],"class_list":{"0":"post-714577","1":"product","2":"type-product","3":"status-publish","5":"product_cat-arastirma-inceleme-referans","6":"product_cat-edebiyat","7":"pa_cilt-ciltsiz","8":"pa_tur-kitap","9":"pa_yayinevi-bilge-kultur-sanat","10":"pa_yazar-ali-budak","12":"first","13":"instock","14":"sale","15":"shipping-taxable","16":"purchasable","17":"product-type-simple"},"_links":{"self":[{"href":"https:\/\/roveyayinevi.com.tr\/index.php\/wp-json\/wp\/v2\/product\/714577","targetHints":{"allow":["GET"]}}],"collection":[{"href":"https:\/\/roveyayinevi.com.tr\/index.php\/wp-json\/wp\/v2\/product"}],"about":[{"href":"https:\/\/roveyayinevi.com.tr\/index.php\/wp-json\/wp\/v2\/types\/product"}],"wp:attachment":[{"href":"https:\/\/roveyayinevi.com.tr\/index.php\/wp-json\/wp\/v2\/media?parent=714577"}],"wp:term":[{"taxonomy":"product_brand","embeddable":true,"href":"https:\/\/roveyayinevi.com.tr\/index.php\/wp-json\/wp\/v2\/product_brand?post=714577"},{"taxonomy":"product_cat","embeddable":true,"href":"https:\/\/roveyayinevi.com.tr\/index.php\/wp-json\/wp\/v2\/product_cat?post=714577"},{"taxonomy":"product_tag","embeddable":true,"href":"https:\/\/roveyayinevi.com.tr\/index.php\/wp-json\/wp\/v2\/product_tag?post=714577"}],"curies":[{"name":"wp","href":"https:\/\/api.w.org\/{rel}","templated":true}]}}