{"id":714575,"date":"2025-08-27T17:19:54","date_gmt":"2025-08-27T14:19:54","guid":{"rendered":"https:\/\/roveyayinevi.com.tr\/index.php\/urun\/danismendliler-1085-1178\/"},"modified":"2026-04-16T02:22:53","modified_gmt":"2026-04-15T23:22:53","slug":"danismendliler-1085-1178","status":"publish","type":"product","link":"https:\/\/roveyayinevi.com.tr\/index.php\/urun\/danismendliler-1085-1178\/","title":{"rendered":"Dani\u015fmendliler (1085-1178)"},"content":{"rendered":"<p>Sel\u00e7uklular\u0131n 26 A\u011fustos 1071\u2019de kazand\u0131klar\u0131 Malazgirt Zaferi\u2019ni takip eden y\u0131llarda T\u00fcrkler b\u00fcy\u00fck bir h\u0131zla Anadolu\u2019yu fethe koyuldular. Bu zamanda yar\u0131madada ilk T\u00fcrk beylikleri de kurulmaya ba\u015flad\u0131. \u0130\u015fte bu T\u00fcrk beyliklerinden biri de D\u00e2ni\u015fmendli Beyli\u011fi olmu\u015ftur. Elinizdeki bu kitapta, Sultan Alp Arslan\u2019\u0131n ileri gelen kumandanlar\u0131ndan biri olan D\u00e2ni\u015fmend Gazi taraf\u0131ndan Orta Anadolu\u2019da (Sivas, Kayseri, Tokat, Malatya ve civar\u0131) kurulan D\u00e2ni\u015fmendli Beyli\u011fi\u2019nin belgelere dayal\u0131 ger\u00e7ek hik\u00e2yesini bulacaks\u0131n\u0131z. D\u00e2ni\u015fmendli h\u00fck\u00fcmdarlar\u0131, Anadolu\u2019muzun \u00f6nemli bir k\u0131sm\u0131n\u0131n fethini sa\u011flayarak, \u00fczerinde ya\u015fad\u0131\u011f\u0131m\u0131z bu topraklar\u0131n T\u00fcrkle\u015fmesi ve \u0130sl\u00e2mla\u015fmas\u0131 noktas\u0131nda \u00f6nemli hizmetler ger\u00e7ekle\u015ftirmi\u015flerdir.D\u00e2ni\u015fmend Gazi\u2019nin, Em\u00eer Gazi\u2019nin ve Melik Muhammed\u2019in Bizans \u0130mparatorlu\u011fu, Kilikya Ermeni Prensli\u011fi ve Ha\u00e7l\u0131lara kar\u015f\u0131 verdikleri amans\u0131z m\u00fccadele ve sava\u015flar yan\u0131nda T\u00fcrkiye Sel\u00e7uklu sultanlar\u0131 ile olan ili\u015fkileri de kitab\u0131n i\u015fledi\u011fi \u00f6nemli konular aras\u0131ndad\u0131r. Kitapta D\u00e2ni\u015fmendli Beyli\u011fi\u2019nin siyas\u00ee tarihi yan\u0131nda ayn\u0131 zamanda, siyas\u00ee ve asker\u00ee te\u015fkilat yap\u0131s\u0131n\u0131, sosyo-k\u00fclt\u00fcrel ve ekonomik hayat\u0131n\u0131, sanat\u0131n\u0131 bulabilirsiniz. D\u00e2ni\u015fmendli Beyli\u011fi Anadolu\u2019da kurulan ilk d\u00f6nem beylikleri i\u00e7inde en g\u00fc\u00e7l\u00fc ve en geni\u015f s\u0131n\u0131rlara sahip bir T\u00fcrk beyli\u011fi olmu\u015ftur.Bu y\u00fczden bir d\u00f6nem T\u00fcrkiye Sel\u00e7uklu Devleti\u2019ni de kendine t\u00e2bi k\u0131larak Anadolu\u2019da en kudretli T\u00fcrk devleti haline gelmeyi ba\u015farm\u0131\u015ft\u0131r. Onlar Ha\u00e7l\u0131lar\u0131n ve Bizans Devleti\u2019nin Anadolu\u2019yu istilaya kalk\u0131\u015fmalar\u0131n\u0131n \u00f6n\u00fcnde var g\u00fc\u00e7leriyle durarak \u00fczerinde ya\u015fad\u0131\u011f\u0131m\u0131z bu topraklar\u0131n bize kadar intikalinin ger\u00e7ekle\u015fmesinde b\u00fcy\u00fck bir pay sahibi olmu\u015flard\u0131r.<\/p>\n","protected":false},"excerpt":{"rendered":"<p>Sel\u00e7uklular\u0131n 26 A\u011fustos 1071\u2019de kazand\u0131klar\u0131 Malazgirt Zaferi\u2019ni takip eden y\u0131llarda T\u00fcrkler b\u00fcy\u00fck bir h\u0131zla Anadolu\u2019yu fethe koyuldular. Bu zamanda yar\u0131madada ilk T\u00fcrk beylikleri de kurulmaya ba\u015flad\u0131.<span class=\"excerpt-hellip\"> [\u2026]<\/span><\/p>\n","protected":false},"featured_media":0,"template":"","meta":{"_monsterinsights_skip_tracking":false,"_monsterinsights_sitenote_active":false,"_monsterinsights_sitenote_note":"","_monsterinsights_sitenote_category":0},"product_brand":[],"product_cat":[12370,12304],"product_tag":[],"class_list":{"0":"post-714575","1":"product","2":"type-product","3":"status-publish","5":"product_cat-arastirma-inceleme","6":"product_cat-tarih","7":"pa_cilt-ciltsiz","8":"pa_tur-kitap","9":"pa_yayinevi-bilge-kultur-sanat","10":"pa_yazar-muharrem-kesik","12":"first","13":"instock","14":"sale","15":"shipping-taxable","16":"purchasable","17":"product-type-simple"},"_links":{"self":[{"href":"https:\/\/roveyayinevi.com.tr\/index.php\/wp-json\/wp\/v2\/product\/714575","targetHints":{"allow":["GET"]}}],"collection":[{"href":"https:\/\/roveyayinevi.com.tr\/index.php\/wp-json\/wp\/v2\/product"}],"about":[{"href":"https:\/\/roveyayinevi.com.tr\/index.php\/wp-json\/wp\/v2\/types\/product"}],"wp:attachment":[{"href":"https:\/\/roveyayinevi.com.tr\/index.php\/wp-json\/wp\/v2\/media?parent=714575"}],"wp:term":[{"taxonomy":"product_brand","embeddable":true,"href":"https:\/\/roveyayinevi.com.tr\/index.php\/wp-json\/wp\/v2\/product_brand?post=714575"},{"taxonomy":"product_cat","embeddable":true,"href":"https:\/\/roveyayinevi.com.tr\/index.php\/wp-json\/wp\/v2\/product_cat?post=714575"},{"taxonomy":"product_tag","embeddable":true,"href":"https:\/\/roveyayinevi.com.tr\/index.php\/wp-json\/wp\/v2\/product_tag?post=714575"}],"curies":[{"name":"wp","href":"https:\/\/api.w.org\/{rel}","templated":true}]}}