{"id":714574,"date":"2025-08-27T17:19:54","date_gmt":"2025-08-27T14:19:54","guid":{"rendered":"https:\/\/roveyayinevi.com.tr\/index.php\/urun\/turkler-arasinda-siilik-cereyanlari\/"},"modified":"2026-04-16T02:22:53","modified_gmt":"2026-04-15T23:22:53","slug":"turkler-arasinda-siilik-cereyanlari","status":"publish","type":"product","link":"https:\/\/roveyayinevi.com.tr\/index.php\/urun\/turkler-arasinda-siilik-cereyanlari\/","title":{"rendered":"T\u00fcrkler Aras\u0131nda \u015eiilik Cereyanlar\u0131"},"content":{"rendered":"<p>Daha Hz. Muhammed\u2019in vefat\u0131n\u0131n \u00fczerinden otuz y\u0131l ge\u00e7meden M\u00fcsl\u00fcmanlar \u00fc\u00e7 par\u00e7aya b\u00f6l\u00fcnm\u00fc\u015flerdi.Zaman i\u00e7erisinde S\u00fcnn\u020blik, \u015ei\u020blik ve Haric\u020blik olarak adland\u0131r\u0131lacak olan bu par\u00e7alar birbirleriyle k\u0131yas\u0131ya m\u00fccadele ederek g\u00fcn\u00fcm\u00fcze kadar varl\u0131klar\u0131n\u0131 devam ettirdiler.Ba\u015flang\u0131\u00e7ta m\u00fccadeleden yenilgi ile \u00e7\u0131kan \u015ei\u020blik taraftarlar\u0131 davalar\u0131ndan vazge\u00e7meyip \u0130sl\u00e2miyetin yay\u0131ld\u0131\u011f\u0131 hemen hemen her yere ula\u015f\u0131p k\u00f6k salmaya \u00e7al\u0131\u015ft\u0131lar. Bunda da bir hayli ba\u015far\u0131l\u0131 olduklar\u0131 s\u00f6ylenebilir.Osmanl\u0131\u2019n\u0131n son, Cumhuriyet d\u00f6neminin ilk tarih\u00e7ilerinden olan yazar, \u015ei\u020blikle ilgili temel tarih\u00ee bilgileri verdikten sonra T\u00fcrklerin bu mezhep ile ili\u015fkilerini Nesim\u020b, Geyikli Baba, Sar\u0131 Saltuk, Hac\u0131 Bekta\u015f, Pir Sultan Abdal ba\u015fta olmak \u00fczere sembol isimlerin Yemen\u2019den T\u00fcrkistan\u2019a ve Balkanlar\u2019a kadar olan co\u011frafyadaki faaliyetlerini ana kaynaklara dayanarak anlat\u0131p yorumlamaya \u00e7al\u0131\u015fm\u0131\u015ft\u0131r.<\/p>\n","protected":false},"excerpt":{"rendered":"<p>Daha Hz. Muhammed\u2019in vefat\u0131n\u0131n \u00fczerinden otuz y\u0131l ge\u00e7meden M\u00fcsl\u00fcmanlar \u00fc\u00e7 par\u00e7aya b\u00f6l\u00fcnm\u00fc\u015flerdi.Zaman i\u00e7erisinde S\u00fcnn\u020blik, \u015ei\u020blik ve Haric\u020blik olarak adland\u0131r\u0131lacak olan bu par\u00e7alar birbirleriyle k\u0131yas\u0131ya m\u00fccadele ederek<span class=\"excerpt-hellip\"> [\u2026]<\/span><\/p>\n","protected":false},"featured_media":0,"template":"","meta":{"_monsterinsights_skip_tracking":false,"_monsterinsights_sitenote_active":false,"_monsterinsights_sitenote_note":"","_monsterinsights_sitenote_category":0},"product_brand":[],"product_cat":[12718,12858],"product_tag":[],"class_list":{"0":"post-714574","1":"product","2":"type-product","3":"status-publish","5":"product_cat-din","6":"product_cat-mitolojiler","7":"pa_cilt-ciltsiz","8":"pa_tur-kitap","9":"pa_yayinevi-bilge-kultur-sanat","10":"pa_yazar-tahir-harimi-balcioglu","12":"first","13":"instock","14":"sale","15":"shipping-taxable","16":"purchasable","17":"product-type-simple"},"_links":{"self":[{"href":"https:\/\/roveyayinevi.com.tr\/index.php\/wp-json\/wp\/v2\/product\/714574","targetHints":{"allow":["GET"]}}],"collection":[{"href":"https:\/\/roveyayinevi.com.tr\/index.php\/wp-json\/wp\/v2\/product"}],"about":[{"href":"https:\/\/roveyayinevi.com.tr\/index.php\/wp-json\/wp\/v2\/types\/product"}],"wp:attachment":[{"href":"https:\/\/roveyayinevi.com.tr\/index.php\/wp-json\/wp\/v2\/media?parent=714574"}],"wp:term":[{"taxonomy":"product_brand","embeddable":true,"href":"https:\/\/roveyayinevi.com.tr\/index.php\/wp-json\/wp\/v2\/product_brand?post=714574"},{"taxonomy":"product_cat","embeddable":true,"href":"https:\/\/roveyayinevi.com.tr\/index.php\/wp-json\/wp\/v2\/product_cat?post=714574"},{"taxonomy":"product_tag","embeddable":true,"href":"https:\/\/roveyayinevi.com.tr\/index.php\/wp-json\/wp\/v2\/product_tag?post=714574"}],"curies":[{"name":"wp","href":"https:\/\/api.w.org\/{rel}","templated":true}]}}