{"id":714572,"date":"2025-08-27T17:19:52","date_gmt":"2025-08-27T14:19:52","guid":{"rendered":"https:\/\/roveyayinevi.com.tr\/index.php\/urun\/anadoluda-roma-eyaletleri\/"},"modified":"2026-04-16T02:22:53","modified_gmt":"2026-04-15T23:22:53","slug":"anadoluda-roma-eyaletleri","status":"publish","type":"product","link":"https:\/\/roveyayinevi.com.tr\/index.php\/urun\/anadoluda-roma-eyaletleri\/","title":{"rendered":"Anadolu\u2019da Roma Eyaletleri"},"content":{"rendered":"<p>\u0130\u00d6 43 y\u0131l\u0131nda Triumvirli\u011fin bir \u00fcyesi olarak, \u0130\u00d6 29 y\u0131l\u0131ndan itibaren tek ba\u015f\u0131na Roma\u2019ya h\u00fckmeden Augustus\u2019un d\u00f6neminde, F\u0131rat (Euphrates) Irma\u011f\u0131\u2019n\u0131n bat\u0131s\u0131nda kalan t\u00fcm Anadolu topraklar\u0131 Roma \u0130mparatorlu\u011fu\u2019nun bir par\u00e7as\u0131 h\u00e2line gelmi\u015fti. Roma\u2019n\u0131n \u201cprincipatus\u201d denen yar\u0131 monar\u015fik rejiminin kurucusu olan Augustus d\u00f6nemi \u00f6ncesinde, Anadolu\u2019da Roma valilerince y\u00f6netilen eyaletler, \u00f6zg\u00fcr kentler (civitates liberae), Roma kolonileri vard\u0131. Augustus da seleflerinin izinden giderek eyalet, kentler, koloniler kurdu.Ancak o, bu geleneksel Roma politikas\u0131na kendi reformlar\u0131 ile farkl\u0131 uygulamalar getirdi. Eyaletleri, \u201csenato\u201d ve \u201cimparator\u201d eyaletleri olmak \u00fczere ikiye ay\u0131rd\u0131 ve Anadolu\u2019da bir imparator eyaleti olan Galatia Eyaleti\u2019ni kurdu. Kendisinden \u00f6nce kurulmu\u015f olan Kilikia da kendisine ba\u011flanarak imparator eyaleti yap\u0131ld\u0131. Asia Eyaleti ile Bithynia-Pontos Eyaleti, cumhuriyet d\u00f6neminde oldu\u011fu gibi senato eyaleti olarak kald\u0131.Bu \u00e7al\u0131\u015fma, Augustus d\u00f6nemi Anadolu tarihi \u00fczerine T\u00fcrk\u00e7e ya da yabanc\u0131 dillerde monografik bir \u00e7al\u0131\u015fman\u0131n olmamas\u0131 ve bu d\u00f6nemin genel anlamda Roma\u2019n\u0131n siyasal, sosyal, ekonomik alanlarda bir d\u00f6n\u00fc\u015f\u00fcm d\u00f6nemi olmas\u0131 a\u00e7\u0131s\u0131ndan \u00f6nem ta\u015f\u0131maktad\u0131r.Bu nedenle, Anadolu\u2019da Roma Eyaletleri &#8211; Augustus D\u00f6nemi adl\u0131 kitab\u0131m\u0131z, T\u00fcrk\u00e7e kaleme al\u0131nm\u0131\u015f ilk eser olmaktad\u0131r. Son olarak bu kitap, Eski\u00e7a\u011f Tarihi, Antik Roma Tarihi ve Anadolu\u2019nun Eski\u00e7a\u011f Tarihi ile ilgili akademik \u00e7al\u0131\u015fma yapanlar, \u00fcniversitelerdeki lisans ve lisans\u00fcst\u00fc e\u011fitim alan \u00f6\u011frenciler ve saha merakl\u0131lar\u0131 i\u00e7in faydal\u0131, nitelikli bir kaynak eserdir.<\/p>\n","protected":false},"excerpt":{"rendered":"<p>\u0130\u00d6 43 y\u0131l\u0131nda Triumvirli\u011fin bir \u00fcyesi olarak, \u0130\u00d6 29 y\u0131l\u0131ndan itibaren tek ba\u015f\u0131na Roma\u2019ya h\u00fckmeden Augustus\u2019un d\u00f6neminde, F\u0131rat (Euphrates) Irma\u011f\u0131\u2019n\u0131n bat\u0131s\u0131nda kalan t\u00fcm Anadolu topraklar\u0131 Roma<span class=\"excerpt-hellip\"> [\u2026]<\/span><\/p>\n","protected":false},"featured_media":0,"template":"","meta":{"_monsterinsights_skip_tracking":false,"_monsterinsights_sitenote_active":false,"_monsterinsights_sitenote_note":"","_monsterinsights_sitenote_category":0},"product_brand":[],"product_cat":[12370,12304],"product_tag":[],"class_list":{"0":"post-714572","1":"product","2":"type-product","3":"status-publish","5":"product_cat-arastirma-inceleme","6":"product_cat-tarih","7":"pa_cilt-ciltsiz","8":"pa_tur-kitap","9":"pa_yayinevi-bilge-kultur-sanat","10":"pa_yazar-kevser-tasdoner","12":"first","13":"instock","14":"sale","15":"shipping-taxable","16":"purchasable","17":"product-type-simple"},"_links":{"self":[{"href":"https:\/\/roveyayinevi.com.tr\/index.php\/wp-json\/wp\/v2\/product\/714572","targetHints":{"allow":["GET"]}}],"collection":[{"href":"https:\/\/roveyayinevi.com.tr\/index.php\/wp-json\/wp\/v2\/product"}],"about":[{"href":"https:\/\/roveyayinevi.com.tr\/index.php\/wp-json\/wp\/v2\/types\/product"}],"wp:attachment":[{"href":"https:\/\/roveyayinevi.com.tr\/index.php\/wp-json\/wp\/v2\/media?parent=714572"}],"wp:term":[{"taxonomy":"product_brand","embeddable":true,"href":"https:\/\/roveyayinevi.com.tr\/index.php\/wp-json\/wp\/v2\/product_brand?post=714572"},{"taxonomy":"product_cat","embeddable":true,"href":"https:\/\/roveyayinevi.com.tr\/index.php\/wp-json\/wp\/v2\/product_cat?post=714572"},{"taxonomy":"product_tag","embeddable":true,"href":"https:\/\/roveyayinevi.com.tr\/index.php\/wp-json\/wp\/v2\/product_tag?post=714572"}],"curies":[{"name":"wp","href":"https:\/\/api.w.org\/{rel}","templated":true}]}}