{"id":714571,"date":"2025-08-27T17:19:52","date_gmt":"2025-08-27T14:19:52","guid":{"rendered":"https:\/\/roveyayinevi.com.tr\/index.php\/urun\/yolcu-23\/"},"modified":"2025-10-26T22:36:23","modified_gmt":"2025-10-26T19:36:23","slug":"yolcu-23","status":"publish","type":"product","link":"https:\/\/roveyayinevi.com.tr\/index.php\/urun\/yolcu-23\/","title":{"rendered":"Yolcu 23"},"content":{"rendered":"<p>Her y\u0131l onlarca ki\u015fi gemilerde kayboluyor. \u00dcstelik arkalar\u0131nda bir iz bile b\u0131rakmadan. Onlar Yolcu 23\u2019ler. Bu da onlar\u0131n hik\u00e2yesi.Burada kim oldu\u011funuzun, ka\u00e7 ya\u015f\u0131nda oldu\u011funuzun bir \u00f6nemi yok.E\u011fer \u00e7ok k\u00f6t\u00fc bir \u015fey yapt\u0131ysan\u0131z s\u0131radaki Yolcu 23 siz olabilirsiniz.Gemiye ho\u015f geldiniz.Polis ve psikolog olan Martin Schwartz, be\u015f y\u0131l \u00f6nce kar\u0131s\u0131n\u0131 ve o\u011flunu kaybetmi\u015ftir. Bu \u00fcz\u00fcc\u00fc olay, onlar\u0131n Sultan of the Seas adl\u0131 yolcu gemisindeki seyahatlerinde ger\u00e7ekle\u015fmi\u015f ancak kimse Martin\u2019in ailesinin \u00f6l\u00fcm\u00fc hakk\u0131nda ona net bilgi verememi\u015ftir.Hayat\u0131ndaki en \u00f6nemli insanlar\u0131 kaybettikten sonra Martin b\u00fcy\u00fck bir psikolojik y\u0131k\u0131ma u\u011frar. Gizli polis olarak \u00e7al\u0131\u015ft\u0131\u011f\u0131 her davaya g\u00f6z\u00fc kara bir \u015fekilde dal\u0131p kendini uyu\u015fturmaya, ac\u0131s\u0131n\u0131 bir nebze de olsa unutmaya \u00e7al\u0131\u015f\u0131r. Ummad\u0131\u011f\u0131 bir anda, kendisini gerilim yazar\u0131 olarak tan\u0131tan ya\u015fl\u0131 bir kad\u0131ndan telefon al\u0131r. Kad\u0131n ona Sultan of the Seas gemisine mutlaka binmesi gerekti\u011fini, orada ailesinin ba\u015f\u0131na gelenleri ayd\u0131nlatacak ipu\u00e7lar\u0131n\u0131n oldu\u011funu s\u00f6yler. Asl\u0131nda Martin o gemiye binip ac\u0131 dolu ge\u00e7mi\u015fiyle y\u00fczle\u015fmekten korksa da merak\u0131na yenik d\u00fc\u015fer ve yine ayn\u0131 gemide kaybolmu\u015f k\u00fc\u00e7\u00fck bir k\u0131z\u0131n, elinde kendi o\u011fluna ait bir oyuncak ay\u0131yla ortaya \u00e7\u0131kt\u0131\u011f\u0131n\u0131 \u00f6\u011frenir.\u201cSinirleri zay\u0131f olanlara hi\u00e7 uygun de\u011fil!\u201d-S\u00fcdhessen Wochenblatt\u201cYolcu 23\u2019\u00fcn g\u00fcvertesine davetlisiniz. Ancak sizi uyaray\u0131m: Sadece cesur olanlar bu okuma yolculu\u011funu tamamlayabilir.\u201d\u201cBu kitap sessiz, sakin yerlerde ya\u015famayanlar ve kolay kolay korkmayanlar i\u00e7in uygun. Fitzek\u2019in romanlar\u0131n\u0131 okumak i\u00e7in ak\u015famlar\u0131 televizyonu kapatmaya de\u011fer. Onun kitaplar\u0131, ekranlardaki bir\u00e7ok programdan \u00e7ok daha iyi.\u201d-Maren Keller\u201cDerin sularda ge\u00e7en sars\u0131c\u0131 bir psikolojik gerilim roman\u0131. Sebastian Fitzek yaln\u0131zca ger\u00e7ekli\u011fin de\u011fil, hayal g\u00fcc\u00fcn\u00fcn de s\u0131n\u0131rlar\u0131n\u0131n d\u0131\u015f\u0131na \u00e7\u0131km\u0131\u015f.\u201d- Christine Brand\u201cFitzek, Almanya\u2019n\u0131n en sevilen ve \u00e7oksatan yazarlar\u0131ndan biri. Ayn\u0131 zamanda da kalemi en g\u00fc\u00e7l\u00fc ve yetenekli psikolojik gerilim yazarlar\u0131ndan. \u0130nsan\u0131n t\u00fcylerini en \u00e7ok \u00fcrperten yazar oldu\u011funu da unutmamal\u0131.\u201d\u201cFitzek bu kitab\u0131nda okuyucular\u0131n\u0131 bir gemiyle seyahate \u00e7\u0131kar\u0131yor. Bu seyahatte ne dinlenmek ne de derin sular\u0131n keyfini \u00e7\u0131karmak m\u00fcmk\u00fcn. Elinizden d\u00fc\u015f\u00fcrmeyeceksiniz.\u201d\u201cFitzek\u2019in gerilim roman\u0131 Yolcu 23 her an t\u00fcylerinizi diken diken ettirecek bir hik\u00e2ye sunuyor.\u201d-Lausitzer Rundschau<\/p>\n","protected":false},"excerpt":{"rendered":"<p>Her y\u0131l onlarca ki\u015fi gemilerde kayboluyor. \u00dcstelik arkalar\u0131nda bir iz bile b\u0131rakmadan. Onlar Yolcu 23\u2019ler. Bu da onlar\u0131n hik\u00e2yesi.Burada kim oldu\u011funuzun, ka\u00e7 ya\u015f\u0131nda oldu\u011funuzun bir \u00f6nemi<span class=\"excerpt-hellip\"> [\u2026]<\/span><\/p>\n","protected":false},"featured_media":0,"template":"","meta":{"_monsterinsights_skip_tracking":false,"_monsterinsights_sitenote_active":false,"_monsterinsights_sitenote_note":"","_monsterinsights_sitenote_category":0},"product_brand":[],"product_cat":[12291,17033],"product_tag":[],"class_list":{"0":"post-714571","1":"product","2":"type-product","3":"status-publish","5":"product_cat-edebiyat","6":"product_cat-korku-gerilim","7":"pa_cilt-ciltsiz","8":"pa_tur-kitap","9":"pa_yayinevi-pegasus-yayinlari","10":"pa_yazar-sebastian-fitzek","12":"first","13":"instock","14":"sale","15":"shipping-taxable","16":"purchasable","17":"product-type-simple"},"_links":{"self":[{"href":"https:\/\/roveyayinevi.com.tr\/index.php\/wp-json\/wp\/v2\/product\/714571","targetHints":{"allow":["GET"]}}],"collection":[{"href":"https:\/\/roveyayinevi.com.tr\/index.php\/wp-json\/wp\/v2\/product"}],"about":[{"href":"https:\/\/roveyayinevi.com.tr\/index.php\/wp-json\/wp\/v2\/types\/product"}],"wp:attachment":[{"href":"https:\/\/roveyayinevi.com.tr\/index.php\/wp-json\/wp\/v2\/media?parent=714571"}],"wp:term":[{"taxonomy":"product_brand","embeddable":true,"href":"https:\/\/roveyayinevi.com.tr\/index.php\/wp-json\/wp\/v2\/product_brand?post=714571"},{"taxonomy":"product_cat","embeddable":true,"href":"https:\/\/roveyayinevi.com.tr\/index.php\/wp-json\/wp\/v2\/product_cat?post=714571"},{"taxonomy":"product_tag","embeddable":true,"href":"https:\/\/roveyayinevi.com.tr\/index.php\/wp-json\/wp\/v2\/product_tag?post=714571"}],"curies":[{"name":"wp","href":"https:\/\/api.w.org\/{rel}","templated":true}]}}