{"id":714569,"date":"2025-08-27T17:19:50","date_gmt":"2025-08-27T14:19:50","guid":{"rendered":"https:\/\/roveyayinevi.com.tr\/index.php\/urun\/mai-ve-siyah-7\/"},"modified":"2026-04-16T02:22:53","modified_gmt":"2026-04-15T23:22:53","slug":"mai-ve-siyah-7","status":"publish","type":"product","link":"https:\/\/roveyayinevi.com.tr\/index.php\/urun\/mai-ve-siyah-7\/","title":{"rendered":"Mai ve Siyah"},"content":{"rendered":"<p>Servet-i F\u00fcnun neslinin, sanat, edebiyat ve terc\u00fcme hakk\u0131ndaki g\u00f6r\u00fc\u015flerinin anlat\u0131ld\u0131\u011f\u0131 Mai ve Siyah roman\u0131nda asl\u0131nda hayal ile ger\u00e7ek aras\u0131ndaki \u00e7at\u0131\u015fma \u00f6n plandad\u0131r. Mir\u2019at-i \u015eu\u00fbn gazetesinin kurulu\u015funun 10. y\u0131l\u0131 i\u00e7in Tepeba\u015f\u0131\u2019nda verilen yeme\u011fe gazetenin yazar ve y\u00f6neticileri kat\u0131l\u0131r ve o gece \u201cb\u00e2r\u00e2n-\u0131 elmas alt\u0131nda mai bir gece\u201d ya\u015fan\u0131r. H\u00fcseyin Nazmi ile \u00e7ok iyi arkada\u015f olan Ahmet Cemil, onun \u015fiirlerinin yeni bir \u015fiir ak\u0131m\u0131na \u00f6nc\u00fcl\u00fck etti\u011fini ileri s\u00fcrer. Eski \u015fiir taraftar\u0131 Raci ise \u015fiirdeki bu yenilikleri kabul etmez ve ac\u0131mas\u0131zca ele\u015ftirir.Ahmet Cemil\u2019in, tan\u0131nan bir \u015fair olma, bir matbaa sat\u0131n alma, Lamia ile evlenme gibi hayalleri bulunmaktad\u0131r. Ahmet Cemil\u2019in hayallerine kavu\u015fup kavu\u015fmad\u0131\u011f\u0131n\u0131n cevaplar\u0131n\u0131n verildi\u011fi, Halit Ziya U\u015fakl\u0131gil\u2019in bir \u00fcslup ustas\u0131 oldu\u011funu ortaya koydu\u011fu Mai ve Siyah Servet-i F\u00fcnun \u015fairleri ile eski edebiyat taraftarlar\u0131n\u0131n aras\u0131ndaki \u00e7eki\u015fmeyi de ele alan modern tarzda yaz\u0131lan romanlardan biri olmas\u0131 sebebiyle okuyucunun ilgisini \u00e7ekmeyi hak etmektedir.<\/p>\n","protected":false},"excerpt":{"rendered":"<p>Servet-i F\u00fcnun neslinin, sanat, edebiyat ve terc\u00fcme hakk\u0131ndaki g\u00f6r\u00fc\u015flerinin anlat\u0131ld\u0131\u011f\u0131 Mai ve Siyah roman\u0131nda asl\u0131nda hayal ile ger\u00e7ek aras\u0131ndaki \u00e7at\u0131\u015fma \u00f6n plandad\u0131r. Mir\u2019at-i \u015eu\u00fbn gazetesinin kurulu\u015funun<span class=\"excerpt-hellip\"> [\u2026]<\/span><\/p>\n","protected":false},"featured_media":0,"template":"","meta":{"_monsterinsights_skip_tracking":false,"_monsterinsights_sitenote_active":false,"_monsterinsights_sitenote_note":"","_monsterinsights_sitenote_category":0},"product_brand":[],"product_cat":[12291,12711],"product_tag":[],"class_list":{"0":"post-714569","1":"product","2":"type-product","3":"status-publish","5":"product_cat-edebiyat","6":"product_cat-roman-oyku","7":"pa_cilt-ciltsiz","8":"pa_tur-kitap","9":"pa_yayinevi-bilge-kultur-sanat","10":"pa_yazar-halit-ziya-usakligil","12":"first","13":"instock","14":"sale","15":"shipping-taxable","16":"purchasable","17":"product-type-simple"},"_links":{"self":[{"href":"https:\/\/roveyayinevi.com.tr\/index.php\/wp-json\/wp\/v2\/product\/714569","targetHints":{"allow":["GET"]}}],"collection":[{"href":"https:\/\/roveyayinevi.com.tr\/index.php\/wp-json\/wp\/v2\/product"}],"about":[{"href":"https:\/\/roveyayinevi.com.tr\/index.php\/wp-json\/wp\/v2\/types\/product"}],"wp:attachment":[{"href":"https:\/\/roveyayinevi.com.tr\/index.php\/wp-json\/wp\/v2\/media?parent=714569"}],"wp:term":[{"taxonomy":"product_brand","embeddable":true,"href":"https:\/\/roveyayinevi.com.tr\/index.php\/wp-json\/wp\/v2\/product_brand?post=714569"},{"taxonomy":"product_cat","embeddable":true,"href":"https:\/\/roveyayinevi.com.tr\/index.php\/wp-json\/wp\/v2\/product_cat?post=714569"},{"taxonomy":"product_tag","embeddable":true,"href":"https:\/\/roveyayinevi.com.tr\/index.php\/wp-json\/wp\/v2\/product_tag?post=714569"}],"curies":[{"name":"wp","href":"https:\/\/api.w.org\/{rel}","templated":true}]}}