{"id":714567,"date":"2025-08-27T17:19:49","date_gmt":"2025-08-27T14:19:49","guid":{"rendered":"https:\/\/roveyayinevi.com.tr\/index.php\/urun\/ask-i-memnu-7\/"},"modified":"2026-04-16T02:22:53","modified_gmt":"2026-04-15T23:22:53","slug":"ask-i-memnu-7","status":"publish","type":"product","link":"https:\/\/roveyayinevi.com.tr\/index.php\/urun\/ask-i-memnu-7\/","title":{"rendered":"A\u015fk-\u0131 Memnu"},"content":{"rendered":"<p>Halit Ziya U\u015fakl\u0131gil\u2019in en \u00e7ok ilgi g\u00f6ren roman\u0131 A\u015fk-\u0131 Memnu\u2019da Bo\u011fazi\u00e7i\u2019nde bir konakta ge\u00e7en olaylar anlat\u0131l\u0131r. Varl\u0131kl\u0131 ve iki \u00e7ocuk sahibi dul bir adam olan Adnan Bey, mesire yerlerinin g\u00f6zdesi olan Firdevs Han\u0131m\u2019\u0131n k\u00fc\u00e7\u00fck k\u0131z\u0131 Bihter\u2019le evlenir. \u00c7ok ge\u00e7meden Bihter\u2019le Adnan Bey\u2019in \u00e7apk\u0131n ye\u011feni Behl\u00fcl aras\u0131nda a\u015fk ba\u015flar. Yasak a\u015fklar\u0131n\u0131n (a\u015fk-\u0131 memnu) ortaya \u00e7\u0131kmas\u0131 \u00fczerine Behl\u00fcl ve Bihter ne yapacaklar\u0131n\u0131 \u015fa\u015f\u0131r\u0131rlar. Romanda dikkat \u00e7eken ba\u015fka bir durum da Bihter\u2019in m\u00fcdahaleleriyle Nihal\u2019in gittik\u00e7e yaln\u0131zla\u015fmas\u0131d\u0131r.Bat\u0131 tarz\u0131nda yaz\u0131lan en ba\u015far\u0131l\u0131 romanlardan biri olan A\u015fk-\u0131 Memnu dizi film olarak televizyonlarda oynam\u0131\u015f, bu da romana ilginin daha da artmas\u0131n\u0131 sa\u011flam\u0131\u015ft\u0131r. Sadele\u015ftirilerek yap\u0131lan bu bask\u0131n\u0131n okuyucu taraf\u0131ndan ilgiyle kar\u015f\u0131lanaca\u011f\u0131n\u0131 d\u00fc\u015f\u00fcn\u00fcyoruz.<\/p>\n","protected":false},"excerpt":{"rendered":"<p>Halit Ziya U\u015fakl\u0131gil\u2019in en \u00e7ok ilgi g\u00f6ren roman\u0131 A\u015fk-\u0131 Memnu\u2019da Bo\u011fazi\u00e7i\u2019nde bir konakta ge\u00e7en olaylar anlat\u0131l\u0131r. Varl\u0131kl\u0131 ve iki \u00e7ocuk sahibi dul bir adam olan Adnan<span class=\"excerpt-hellip\"> [\u2026]<\/span><\/p>\n","protected":false},"featured_media":0,"template":"","meta":{"_monsterinsights_skip_tracking":false,"_monsterinsights_sitenote_active":false,"_monsterinsights_sitenote_note":"","_monsterinsights_sitenote_category":0},"product_brand":[],"product_cat":[12291,12292],"product_tag":[],"class_list":{"0":"post-714567","1":"product","2":"type-product","3":"status-publish","5":"product_cat-edebiyat","6":"product_cat-turk-edebiyati","7":"pa_cilt-ciltsiz","8":"pa_tur-kitap","9":"pa_yayinevi-bilge-kultur-sanat","10":"pa_yazar-halit-ziya-usakligil","12":"first","13":"instock","14":"sale","15":"shipping-taxable","16":"purchasable","17":"product-type-simple"},"_links":{"self":[{"href":"https:\/\/roveyayinevi.com.tr\/index.php\/wp-json\/wp\/v2\/product\/714567","targetHints":{"allow":["GET"]}}],"collection":[{"href":"https:\/\/roveyayinevi.com.tr\/index.php\/wp-json\/wp\/v2\/product"}],"about":[{"href":"https:\/\/roveyayinevi.com.tr\/index.php\/wp-json\/wp\/v2\/types\/product"}],"wp:attachment":[{"href":"https:\/\/roveyayinevi.com.tr\/index.php\/wp-json\/wp\/v2\/media?parent=714567"}],"wp:term":[{"taxonomy":"product_brand","embeddable":true,"href":"https:\/\/roveyayinevi.com.tr\/index.php\/wp-json\/wp\/v2\/product_brand?post=714567"},{"taxonomy":"product_cat","embeddable":true,"href":"https:\/\/roveyayinevi.com.tr\/index.php\/wp-json\/wp\/v2\/product_cat?post=714567"},{"taxonomy":"product_tag","embeddable":true,"href":"https:\/\/roveyayinevi.com.tr\/index.php\/wp-json\/wp\/v2\/product_tag?post=714567"}],"curies":[{"name":"wp","href":"https:\/\/api.w.org\/{rel}","templated":true}]}}