{"id":714565,"date":"2025-08-27T17:19:47","date_gmt":"2025-08-27T14:19:47","guid":{"rendered":"https:\/\/roveyayinevi.com.tr\/index.php\/urun\/hayat-hikayem\/"},"modified":"2026-04-16T02:22:53","modified_gmt":"2026-04-15T23:22:53","slug":"hayat-hikayem","status":"publish","type":"product","link":"https:\/\/roveyayinevi.com.tr\/index.php\/urun\/hayat-hikayem\/","title":{"rendered":"Hayat Hikayem"},"content":{"rendered":"<p>1880\u2019de Alabama\u2019n\u0131n k\u00fc\u00e7\u00fck bir kasabas\u0131nda sa\u011fl\u0131kl\u0131 bir bebek olarak do\u011fan ve on dokuz ayl\u0131kken ge\u00e7irdi\u011fi ate\u015fli bir hastal\u0131k sonucu g\u00f6rme, i\u015fitme ve konu\u015fma yetilerini yitiren Hellen Keller\u2019\u0131n engellerine ra\u011fmen ba\u015fard\u0131klar\u0131, onu efsanevi bir ki\u015filik h\u00e2line getirmi\u015ftir. \u0130nan\u0131lmaz azmiyle be\u015f dil \u00f6\u011frenen, bisiklet binen, kano ve yelkenli ile gezintiye \u00e7\u0131kan, y\u00fczen, satran\u00e7 oynayan Keller\u2019\u0131n hem normal daktilo ile hem de k\u00f6rler alfabesi ile yazd\u0131\u011f\u0131 hayat hikayesi de t\u0131pk\u0131 ki\u015fili\u011fi gibi efsanele\u015fmi\u015ftir. \u0130lk kez 1903\u2019te yay\u0131mlanan Hayat Hikayem tam 50 dile \u00e7evrilerek bir klasik h\u00e2lini alm\u0131\u015ft\u0131r. Hayat Hik\u00e2yem, \u201cHer M\u00fccadeleyi bir Zafere d\u00f6n\u00fc\u015ft\u00fcrebilseydiniz neler olurdu?\u201d diye sorarak hayat hik\u00e2yesini anlatmaya ba\u015flayan Hellen Keller\u2019\u0131n azim, sab\u0131r ve \u00f6zveri dolu \u00f6yk\u00fcs\u00fc.\u201cBa\u015fka insanlardan farkl\u0131 oldu\u011fumu ne zaman anlad\u0131m, hat\u0131rlam\u0131yorum. Fakat \u00f6\u011fretmenimin gelmesinden \u00f6nce biliyordum bunu. Annem ya da arkada\u015flar\u0131m bir \u015fey istediklerinde benim gibi i\u015faretler kullanm\u0131yorlar, a\u011f\u0131zlar\u0131yla konu\u015fuyorlard\u0131. Kimi zaman sohbet eden iki ki\u015finin aras\u0131na oturur, dudaklar\u0131na dokunurdum. Anlayamazd\u0131m ve can\u0131m s\u0131k\u0131l\u0131rd\u0131. A\u011fz\u0131m\u0131, ama\u00e7s\u0131zca onlar gibi oynat\u0131rd\u0131m. Kimi zaman bu beni \u00f6yle sinirlendirirdi ki, yorgun d\u00fc\u015fene kadar ba\u011f\u0131r\u0131r, her yeri tekmelerdim.\u201d\u201c\u00d6\u011fretmenim bana \u00f6yle yak\u0131nd\u0131 ki, kendimi ondan ayr\u0131 d\u00fc\u015f\u00fcnemiyordum. G\u00fczel \u015feylerden ald\u0131\u011f\u0131m zevkin ne kadar\u0131n\u0131n do\u011fu\u015ftan ne kadar\u0131n\u0131n onun etkisiyle oldu\u011funu s\u00f6yleyebilmem m\u00fcmk\u00fcn de\u011fil. Onun varl\u0131\u011f\u0131n\u0131n kendi varl\u0131\u011f\u0131mdan ayr\u0131lmaz oldu\u011funu hissediyordum. Hayat\u0131m\u0131n ayak sesleri onun ad\u0131mlar\u0131ndayd\u0131. En iyi yanlar\u0131m\u0131n hepsi de ona aitti. Onun sevgi dolu dokunu\u015fuyla canlanmam\u0131\u015f olan hi\u00e7bir yetene\u011fim, hi\u00e7bir ilham\u0131m ya da mutlulu\u011fum yoktu.\u201d\u201cSezar, B\u00fcy\u00fck \u0130skender, Napolyon, Homeros, Shakespeare ve b\u00fct\u00fcn \u00f6l\u00fcms\u00fczlerle ayn\u0131 kul\u00fcpte bulu\u015fan insan. Bundan bin y\u0131l sonra da en az bug\u00fcnk\u00fc kadar \u00fcnl\u00fc olmaya devam edecek.\u201d<\/p>\n","protected":false},"excerpt":{"rendered":"<p>1880\u2019de Alabama\u2019n\u0131n k\u00fc\u00e7\u00fck bir kasabas\u0131nda sa\u011fl\u0131kl\u0131 bir bebek olarak do\u011fan ve on dokuz ayl\u0131kken ge\u00e7irdi\u011fi ate\u015fli bir hastal\u0131k sonucu g\u00f6rme, i\u015fitme ve konu\u015fma yetilerini yitiren Hellen<span class=\"excerpt-hellip\"> [\u2026]<\/span><\/p>\n","protected":false},"featured_media":0,"template":"","meta":{"_monsterinsights_skip_tracking":false,"_monsterinsights_sitenote_active":false,"_monsterinsights_sitenote_note":"","_monsterinsights_sitenote_category":0},"product_brand":[],"product_cat":[14009,12291],"product_tag":[],"class_list":{"0":"post-714565","1":"product","2":"type-product","3":"status-publish","5":"product_cat-biyografi-otobiyografi-edebiyat","6":"product_cat-edebiyat","7":"pa_cilt-ciltsiz","8":"pa_tur-kitap","9":"pa_yayinevi-bilge-kultur-sanat","10":"pa_yazar-helen-keller","12":"first","13":"instock","14":"sale","15":"shipping-taxable","16":"purchasable","17":"product-type-simple"},"_links":{"self":[{"href":"https:\/\/roveyayinevi.com.tr\/index.php\/wp-json\/wp\/v2\/product\/714565","targetHints":{"allow":["GET"]}}],"collection":[{"href":"https:\/\/roveyayinevi.com.tr\/index.php\/wp-json\/wp\/v2\/product"}],"about":[{"href":"https:\/\/roveyayinevi.com.tr\/index.php\/wp-json\/wp\/v2\/types\/product"}],"wp:attachment":[{"href":"https:\/\/roveyayinevi.com.tr\/index.php\/wp-json\/wp\/v2\/media?parent=714565"}],"wp:term":[{"taxonomy":"product_brand","embeddable":true,"href":"https:\/\/roveyayinevi.com.tr\/index.php\/wp-json\/wp\/v2\/product_brand?post=714565"},{"taxonomy":"product_cat","embeddable":true,"href":"https:\/\/roveyayinevi.com.tr\/index.php\/wp-json\/wp\/v2\/product_cat?post=714565"},{"taxonomy":"product_tag","embeddable":true,"href":"https:\/\/roveyayinevi.com.tr\/index.php\/wp-json\/wp\/v2\/product_tag?post=714565"}],"curies":[{"name":"wp","href":"https:\/\/api.w.org\/{rel}","templated":true}]}}