{"id":714561,"date":"2025-08-27T17:19:44","date_gmt":"2025-08-27T14:19:44","guid":{"rendered":"https:\/\/roveyayinevi.com.tr\/index.php\/urun\/adanin-plani\/"},"modified":"2026-04-16T02:22:53","modified_gmt":"2026-04-15T23:22:53","slug":"adanin-plani","status":"publish","type":"product","link":"https:\/\/roveyayinevi.com.tr\/index.php\/urun\/adanin-plani\/","title":{"rendered":"Ada&#8217;n\u0131n Plan\u0131"},"content":{"rendered":"<p>Okuyan Koala, \u00e7ocuk kitaplar\u0131na yepyeni bir standart getiriyor!\u00c7ocuklar i\u00e7in ki\u015fisel geli\u015fim, anne babalar\u0131 i\u00e7in hayat kolayla\u015ft\u0131r\u0131c\u0131, d\u00fcnyan\u0131n en b\u00fcy\u00fck bilimsel ve profesyonel psikoloji toplulu\u011fu Amerikan Psikoloji Derne\u011fi APA Psikolojik Hikayeler Serisi, Okuyan Koala ile T\u00fcrk\u00e7ede!Annie \u00e7ok ak\u0131ll\u0131 bir k\u0131z! Fakat bazen o da bir\u00e7ok \u00e7ocuk gibi \u00f6devini evde unutuyor, s\u0131n\u0131fta e\u015fyalar\u0131n\u0131 kaybediyor ya da derslerini zaman\u0131nda bitiremiyor.Annie\u2019nin Plan\u0131, i\u015fte bu durumdan kurtulman\u0131n yollar\u0131n\u0131 10 basamakl\u0131 bir planla anlat\u0131yor. \u00d6\u011fretmeniyle birlikte haz\u0131rlad\u0131klar\u0131 plan sayesinde Annie, hem okulda hem de evde istedi\u011fi gibi d\u00fczenli olmay\u0131 ba\u015far\u0131yor.Siz de Annie\u2019nin plan\u0131n\u0131 uygulayarak daha d\u00fczenli olabilir, \u00e7al\u0131\u015fma becerilerinizi geli\u015ftirebilir ve hedefledi\u011finiz ba\u015far\u0131y\u0131 yakalayabilirsiniz.APA * Amerikan Psikoloji Derne\u011fiKuruldu\u011fu 1892 y\u0131l\u0131ndan bug\u00fcne 134 binden fazla ara\u015ft\u0131rmac\u0131, e\u011fitimci, klinisyen, dan\u0131\u015fman ve \u00f6\u011frenci \u00fcyesiyle, d\u00fcnyan\u0131n en b\u00fcy\u00fck bilimsel ve profesyonel psikoloji toplulu\u011fudur. APA, b\u00fcnyesine katt\u0131\u011f\u0131 Magination Press yoluyla, \u00e7ocuk ruh sa\u011fl\u0131\u011f\u0131 alan\u0131nda uzmanla\u015fm\u0131\u015f profesyoneller taraf\u0131ndan yaz\u0131lm\u0131\u015f kitaplar yay\u0131mlamaktad\u0131r.<\/p>\n","protected":false},"excerpt":{"rendered":"<p>Okuyan Koala, \u00e7ocuk kitaplar\u0131na yepyeni bir standart getiriyor!\u00c7ocuklar i\u00e7in ki\u015fisel geli\u015fim, anne babalar\u0131 i\u00e7in hayat kolayla\u015ft\u0131r\u0131c\u0131, d\u00fcnyan\u0131n en b\u00fcy\u00fck bilimsel ve profesyonel psikoloji toplulu\u011fu Amerikan Psikoloji<span class=\"excerpt-hellip\"> [\u2026]<\/span><\/p>\n","protected":false},"featured_media":0,"template":"","meta":{"_monsterinsights_skip_tracking":false,"_monsterinsights_sitenote_active":false,"_monsterinsights_sitenote_note":"","_monsterinsights_sitenote_category":0},"product_brand":[],"product_cat":[12274,12284],"product_tag":[],"class_list":{"0":"post-714561","1":"product","2":"type-product","3":"status-publish","5":"product_cat-cocuk-ve-genclik-kitaplari","6":"product_cat-hikayeler","7":"pa_cilt-ciltsiz","8":"pa_tur-kitap","9":"pa_yayinevi-okuyan-koala","10":"pa_yazar-jeanne-kraus","12":"first","13":"instock","14":"sale","15":"shipping-taxable","16":"purchasable","17":"product-type-simple"},"_links":{"self":[{"href":"https:\/\/roveyayinevi.com.tr\/index.php\/wp-json\/wp\/v2\/product\/714561","targetHints":{"allow":["GET"]}}],"collection":[{"href":"https:\/\/roveyayinevi.com.tr\/index.php\/wp-json\/wp\/v2\/product"}],"about":[{"href":"https:\/\/roveyayinevi.com.tr\/index.php\/wp-json\/wp\/v2\/types\/product"}],"wp:attachment":[{"href":"https:\/\/roveyayinevi.com.tr\/index.php\/wp-json\/wp\/v2\/media?parent=714561"}],"wp:term":[{"taxonomy":"product_brand","embeddable":true,"href":"https:\/\/roveyayinevi.com.tr\/index.php\/wp-json\/wp\/v2\/product_brand?post=714561"},{"taxonomy":"product_cat","embeddable":true,"href":"https:\/\/roveyayinevi.com.tr\/index.php\/wp-json\/wp\/v2\/product_cat?post=714561"},{"taxonomy":"product_tag","embeddable":true,"href":"https:\/\/roveyayinevi.com.tr\/index.php\/wp-json\/wp\/v2\/product_tag?post=714561"}],"curies":[{"name":"wp","href":"https:\/\/api.w.org\/{rel}","templated":true}]}}