{"id":714560,"date":"2025-08-27T17:19:44","date_gmt":"2025-08-27T14:19:44","guid":{"rendered":"https:\/\/roveyayinevi.com.tr\/index.php\/urun\/eglenilecek-erkek\/"},"modified":"2026-04-15T02:29:57","modified_gmt":"2026-04-14T23:29:57","slug":"eglenilecek-erkek","status":"publish","type":"product","link":"https:\/\/roveyayinevi.com.tr\/index.php\/urun\/eglenilecek-erkek\/","title":{"rendered":"E\u011flenilecek Erkek"},"content":{"rendered":"<p>Sevgili gelecekteki sevgilim, Sana bu mektubu m\u00fcmk\u00fcn oldu\u011fu kadar uzun tutmak istiyorum. \u00c7\u00fcnk\u00fc bu bizim seninle ilk ve tek ger\u00e7ek irtibat\u0131m\u0131z ve bitti\u011finde, tan\u0131\u015fana dek bir daha b\u00f6yle konu\u015famayaca\u011f\u0131z seninle. Seni \u015fimdiden \u00f6zledim. Seni beklemek \u00e7ok zor olacak. Bu sohbetten sonra hele, \u00e7ok daha zor olacak seni beklemek. Bununla nas\u0131l ba\u015f edece\u011fim, hi\u00e7bir fikrim yok. Hemen hemen her konuda iyi-k\u00f6t\u00fc bir fikrim var ama bu konuda yok. <\/p>\n","protected":false},"excerpt":{"rendered":"<p>Sevgili gelecekteki sevgilim, Sana bu mektubu m\u00fcmk\u00fcn oldu\u011fu kadar uzun tutmak istiyorum. \u00c7\u00fcnk\u00fc bu bizim seninle ilk ve tek ger\u00e7ek irtibat\u0131m\u0131z ve bitti\u011finde, tan\u0131\u015fana dek bir<span class=\"excerpt-hellip\"> [\u2026]<\/span><\/p>\n","protected":false},"featured_media":0,"template":"","meta":{"_monsterinsights_skip_tracking":false,"_monsterinsights_sitenote_active":false,"_monsterinsights_sitenote_note":"","_monsterinsights_sitenote_category":0},"product_brand":[],"product_cat":[12291,12711],"product_tag":[],"class_list":{"0":"post-714560","1":"product","2":"type-product","3":"status-publish","5":"product_cat-edebiyat","6":"product_cat-roman-oyku","7":"pa_cilt-ciltsiz","8":"pa_tur-kitap","9":"pa_yayinevi-flora-kitap","10":"pa_yazar-tunc-ilkman","12":"first","13":"instock","14":"sale","15":"shipping-taxable","16":"purchasable","17":"product-type-simple"},"_links":{"self":[{"href":"https:\/\/roveyayinevi.com.tr\/index.php\/wp-json\/wp\/v2\/product\/714560","targetHints":{"allow":["GET"]}}],"collection":[{"href":"https:\/\/roveyayinevi.com.tr\/index.php\/wp-json\/wp\/v2\/product"}],"about":[{"href":"https:\/\/roveyayinevi.com.tr\/index.php\/wp-json\/wp\/v2\/types\/product"}],"wp:attachment":[{"href":"https:\/\/roveyayinevi.com.tr\/index.php\/wp-json\/wp\/v2\/media?parent=714560"}],"wp:term":[{"taxonomy":"product_brand","embeddable":true,"href":"https:\/\/roveyayinevi.com.tr\/index.php\/wp-json\/wp\/v2\/product_brand?post=714560"},{"taxonomy":"product_cat","embeddable":true,"href":"https:\/\/roveyayinevi.com.tr\/index.php\/wp-json\/wp\/v2\/product_cat?post=714560"},{"taxonomy":"product_tag","embeddable":true,"href":"https:\/\/roveyayinevi.com.tr\/index.php\/wp-json\/wp\/v2\/product_tag?post=714560"}],"curies":[{"name":"wp","href":"https:\/\/api.w.org\/{rel}","templated":true}]}}