{"id":714559,"date":"2025-08-27T17:19:43","date_gmt":"2025-08-27T14:19:43","guid":{"rendered":"https:\/\/roveyayinevi.com.tr\/index.php\/urun\/green-farmi-kurtarin\/"},"modified":"2026-04-16T02:22:53","modified_gmt":"2026-04-15T23:22:53","slug":"green-farmi-kurtarin","status":"publish","type":"product","link":"https:\/\/roveyayinevi.com.tr\/index.php\/urun\/green-farmi-kurtarin\/","title":{"rendered":"Green Farm&#8217;\u0131 Kurtar\u0131n!"},"content":{"rendered":"<p>Kocaman, k\u0131pk\u0131rm\u0131z\u0131 domatesler, enfes marullar; \u00fcstelik hem organik hem de ucuzlar. H\u00e2l b\u00f6yle olunca pazar yerindeki b\u00fct\u00fcn m\u00fc\u015fteriler Bulstrode ailesinin stand\u0131ndan al\u0131\u015fveri\u015f ediyorlar. Organik tar\u0131m \u00e7iftli\u011fi Green Farm\u2019\u0131n bu \u015fartlarda daha fazla dayanmas\u0131 m\u00fcmk\u00fcn de\u011fil. Ama ortada yanl\u0131\u015f bir \u015feylerin d\u00f6nd\u00fc\u011f\u00fc kesin. \u00dc\u00e7 kafadar Jule, Jack ve Clare neler olup bitti\u011fini ortaya \u00e7\u0131kart\u0131p Green Farm\u2019\u0131 kurtarmaya kararl\u0131. \u0130ki sene \u0130ngilizce e\u011fitimi alm\u0131\u015f her \u00e7ocuk, Jule, Jack ve Clare ile birlikte Bulstrode \u00c7iftli\u011fi\u2019nde neler d\u00f6nd\u00fc\u011f\u00fcn\u00fc ara\u015ft\u0131rabilir. Hik\u00e2yelerimizin ana karakterleri birbirleriyle anla\u015fabilmek i\u00e7in \u0130ngilizce konu\u015fmak zorunda olan farkl\u0131 milliyetlerden \u00e7ocuklar. Bu nedenle diyaloglar \u0130ngilizce. \u0130ki dille anlat\u0131m sayesinde \u00e7ocu\u011funuz hik\u00e2yeleri zevkle okurken \u0130ngilizce \u00f6\u011frenmenin hi\u00e7 de o kadar zor olmad\u0131\u011f\u0131n\u0131 anlayacak. Bu s\u00fcr\u00fckleyici T\u00fcrk\u00e7e-\u0130ngilizce dedektif hik\u00e2yesi ile \u0130ngilizce \u00f6\u011frenmek \u00e7ok e\u011flenceli olacak!<\/p>\n","protected":false},"excerpt":{"rendered":"<p>Kocaman, k\u0131pk\u0131rm\u0131z\u0131 domatesler, enfes marullar; \u00fcstelik hem organik hem de ucuzlar. H\u00e2l b\u00f6yle olunca pazar yerindeki b\u00fct\u00fcn m\u00fc\u015fteriler Bulstrode ailesinin stand\u0131ndan al\u0131\u015fveri\u015f ediyorlar. Organik tar\u0131m \u00e7iftli\u011fi<span class=\"excerpt-hellip\"> [\u2026]<\/span><\/p>\n","protected":false},"featured_media":0,"template":"","meta":{"_monsterinsights_skip_tracking":false,"_monsterinsights_sitenote_active":false,"_monsterinsights_sitenote_note":"","_monsterinsights_sitenote_category":0},"product_brand":[],"product_cat":[12274,12284],"product_tag":[],"class_list":{"0":"post-714559","1":"product","2":"type-product","3":"status-publish","5":"product_cat-cocuk-ve-genclik-kitaplari","6":"product_cat-hikayeler","7":"pa_cilt-ciltsiz","8":"pa_tur-kitap","9":"pa_yayinevi-langenscheidt","10":"pa_yazar-charlotte-collins","12":"first","13":"instock","14":"sale","15":"shipping-taxable","16":"purchasable","17":"product-type-simple"},"_links":{"self":[{"href":"https:\/\/roveyayinevi.com.tr\/index.php\/wp-json\/wp\/v2\/product\/714559","targetHints":{"allow":["GET"]}}],"collection":[{"href":"https:\/\/roveyayinevi.com.tr\/index.php\/wp-json\/wp\/v2\/product"}],"about":[{"href":"https:\/\/roveyayinevi.com.tr\/index.php\/wp-json\/wp\/v2\/types\/product"}],"wp:attachment":[{"href":"https:\/\/roveyayinevi.com.tr\/index.php\/wp-json\/wp\/v2\/media?parent=714559"}],"wp:term":[{"taxonomy":"product_brand","embeddable":true,"href":"https:\/\/roveyayinevi.com.tr\/index.php\/wp-json\/wp\/v2\/product_brand?post=714559"},{"taxonomy":"product_cat","embeddable":true,"href":"https:\/\/roveyayinevi.com.tr\/index.php\/wp-json\/wp\/v2\/product_cat?post=714559"},{"taxonomy":"product_tag","embeddable":true,"href":"https:\/\/roveyayinevi.com.tr\/index.php\/wp-json\/wp\/v2\/product_tag?post=714559"}],"curies":[{"name":"wp","href":"https:\/\/api.w.org\/{rel}","templated":true}]}}