{"id":714557,"date":"2025-08-27T17:19:42","date_gmt":"2025-08-27T14:19:42","guid":{"rendered":"https:\/\/roveyayinevi.com.tr\/index.php\/urun\/cagdas-macar-tiyatro-oyunlari\/"},"modified":"2026-04-16T02:22:52","modified_gmt":"2026-04-15T23:22:52","slug":"cagdas-macar-tiyatro-oyunlari","status":"publish","type":"product","link":"https:\/\/roveyayinevi.com.tr\/index.php\/urun\/cagdas-macar-tiyatro-oyunlari\/","title":{"rendered":"\u00c7a\u011fda\u015f Macar Tiyatro Oyunlar\u0131"},"content":{"rendered":"<p>Tiyatro, Antik \u00c7a\u011flardan bu yana k\u0131ymetini hi\u00e7 kaybetmeden ya\u015famaya devam eden ender sanatlardan birisidir. Dar bir alanda seyircinin \u00f6n\u00fcne oyunlar koyar. Kost\u00fcmler, dekor ve kelimeler izleyeni inand\u0131r\u0131r hatta belki kand\u0131r\u0131r. T\u0131pk\u0131 \u00e7ocukken arkada\u015flar\u0131yla hal\u0131n\u0131n \u00fczerinde \u00e7e\u015fit \u00e7e\u015fit oyunlar kuran k\u00fc\u00e7\u00fckl\u00fc\u011f\u00fcm\u00fcz gibi, yazan\u0131 da izleyeni de o yitip gitmi\u015f insan\u0131n ilk evresine g\u00f6t\u00fcr\u00fcp ba\u011flar-a\u011flar.Yeni \u0130nsan Edebiyat, romanlar, \u00f6yk\u00fcler ve \u015fiir kitaplar\u0131n\u0131n yan\u0131na senaryolar ve tiyatro oyunlar\u0131 ekleyerek, kitaplar ile insanlar aras\u0131nda akla hayale gelmeyecek ba\u011flar kurmaya gayret ediyor. Macar oyunlar\u0131 bu perspektifle, \u00e7a\u011fda\u015f tiyatro tart\u0131\u015fmalar\u0131na katk\u0131 koyan, anlam\u0131 yeniden arayan, sahneyi dikine b\u00f6len, oyuncuyu seyircinin aras\u0131na katan ve yeni nesiller ile yeni problemleri sahneye ta\u015f\u0131yan \u00e7ok \u00f6zel insan hikayelerinden olu\u015fuyor.\u201cGemiye binmi\u015fler, muhte\u015fem da\u011flar\u0131n aras\u0131ndan gitmi\u015fler de gitmi\u015fler, tek sorun bu nehrin \u00e7ok dalgal\u0131 olmas\u0131ym\u0131\u015f, hayvanlar k\u00f6t\u00fcle\u015fmi\u015f ve korkmaya ba\u015flam\u0131\u015flar. Davin Sokirato bir markete gidip bir \u00fct\u00fc alm\u0131\u015f. Gemiye geri gitmi\u015f, hayvanlar bu \u00fct\u00fcyle ne yapaca\u011f\u0131n\u0131 merakla izlemi\u015fler. Davin Sokirato nehrin dalgalar\u0131n\u0131 d\u00fczle\u015ftirmek i\u00e7in \u00fct\u00fclemeye ba\u015flam\u0131\u015f fakat \u00fct\u00fc o kadar s\u0131cakm\u0131\u015f ki, nehrin sular\u0131 buharla\u015fmaya ba\u015flam\u0131\u015f ve nehirdeki su gittik\u00e7e azalm\u0131\u015f ve sadece kocaman bir buhar bulutu g\u00f6z\u00fck\u00fcyormu\u015f, buhar kayboldu\u011funda ise nehirde tek damla bile su kalmam\u0131\u015f. Hayvanlar \u00e7aresizce \u201c\u015fimdi nas\u0131l devam edece\u011fiz\u201d diye sormaya ba\u015flam\u0131\u015flar.\u201d<\/p>\n","protected":false},"excerpt":{"rendered":"<p>Tiyatro, Antik \u00c7a\u011flardan bu yana k\u0131ymetini hi\u00e7 kaybetmeden ya\u015famaya devam eden ender sanatlardan birisidir. Dar bir alanda seyircinin \u00f6n\u00fcne oyunlar koyar. Kost\u00fcmler, dekor ve kelimeler izleyeni<span class=\"excerpt-hellip\"> [\u2026]<\/span><\/p>\n","protected":false},"featured_media":0,"template":"","meta":{"_monsterinsights_skip_tracking":false,"_monsterinsights_sitenote_active":false,"_monsterinsights_sitenote_note":"","_monsterinsights_sitenote_category":0},"product_brand":[],"product_cat":[12291,14272],"product_tag":[],"class_list":{"0":"post-714557","1":"product","2":"type-product","3":"status-publish","5":"product_cat-edebiyat","6":"product_cat-tiyatro","7":"pa_cilt-ciltsiz","8":"pa_tur-kitap","9":"pa_yayinevi-yeni-insan-yayinlari","10":"pa_yazar-kollektif","12":"first","13":"instock","14":"sale","15":"shipping-taxable","16":"purchasable","17":"product-type-simple"},"_links":{"self":[{"href":"https:\/\/roveyayinevi.com.tr\/index.php\/wp-json\/wp\/v2\/product\/714557","targetHints":{"allow":["GET"]}}],"collection":[{"href":"https:\/\/roveyayinevi.com.tr\/index.php\/wp-json\/wp\/v2\/product"}],"about":[{"href":"https:\/\/roveyayinevi.com.tr\/index.php\/wp-json\/wp\/v2\/types\/product"}],"wp:attachment":[{"href":"https:\/\/roveyayinevi.com.tr\/index.php\/wp-json\/wp\/v2\/media?parent=714557"}],"wp:term":[{"taxonomy":"product_brand","embeddable":true,"href":"https:\/\/roveyayinevi.com.tr\/index.php\/wp-json\/wp\/v2\/product_brand?post=714557"},{"taxonomy":"product_cat","embeddable":true,"href":"https:\/\/roveyayinevi.com.tr\/index.php\/wp-json\/wp\/v2\/product_cat?post=714557"},{"taxonomy":"product_tag","embeddable":true,"href":"https:\/\/roveyayinevi.com.tr\/index.php\/wp-json\/wp\/v2\/product_tag?post=714557"}],"curies":[{"name":"wp","href":"https:\/\/api.w.org\/{rel}","templated":true}]}}