{"id":714555,"date":"2025-08-27T17:19:40","date_gmt":"2025-08-27T14:19:40","guid":{"rendered":"https:\/\/roveyayinevi.com.tr\/index.php\/urun\/bilgi-burjuvazisi\/"},"modified":"2026-04-16T02:22:52","modified_gmt":"2026-04-15T23:22:52","slug":"bilgi-burjuvazisi","status":"publish","type":"product","link":"https:\/\/roveyayinevi.com.tr\/index.php\/urun\/bilgi-burjuvazisi\/","title":{"rendered":"Bilgi Burjuvazisi"},"content":{"rendered":"<p>Bilgi burjuvazisi ile sanayi burjuvazisinin \u00e7\u0131kar \u00e7eli\u015fkisi, ayn\u0131 bedenin kullan\u0131m bi\u00e7imiyle ili\u015fkili ve uzla\u015fmazd\u0131r. Sanayi burjuvazisinin, bedenini t\u00fcketecek kadar ezdi\u011fi, &#8220;bir lokma, bir h\u0131rka&#8221; sefalete mahk\u00fbm etti\u011fi proleterinin, k\u00e2r getiren mevcut \u00e7al\u0131\u015fma ve ya\u015fam bi\u00e7imi; bilgi\/ak\u0131l \u00fcr\u00fcnlerinin kullan\u0131lmas\u0131 imk\u00e2n\u0131n\u0131 ortadan kald\u0131ran ve bilgi burjuvazisinin geli\u015fmesine set \u00e7eken maddi ko\u015fullar b\u00fct\u00fcn\u00fc demektir. Y\u00fckselen g\u00fc\u00e7 bilgi burjuvazisi, sanayi burjuvazisinden, \u00e7al\u0131\u015ft\u0131rd\u0131\u011f\u0131 i\u015f\u00e7ilere, bilgi ve teknoloji \u00fcr\u00fcnleri sat\u0131n alabilmesi i\u00e7in biraz daha fazla \u00fccret, bu \u00fcr\u00fcnlerin kullan\u0131m\u0131na ay\u0131rabilece\u011fi biraz daha zaman ve sa\u011fl\u0131kl\u0131 olabilmeleri i\u00e7in de biraz daha masraf, dolay\u0131s\u0131yla k\u00e2r\u0131n\u0131n, kazanc\u0131n\u0131n bir b\u00f6l\u00fcm\u00fcn\u00fc istemektedir.Bu, sanayi burjuvazisinden, kapitalizmi istemekle ayn\u0131 \u015feydir; bu, sanayi burjuvazisinden, iktidar\u0131 istemekle ayn\u0131 \u015feydir ve bu, sanayi burjuvazisinden, can\u0131n\u0131 istemekle ayn\u0131 \u015feydir.\u00d6ld\u00fcrecek kadar \u00e7al\u0131\u015ft\u0131rmay\u0131n; yoksul kalabilirler ama telefonlar\u0131 ve bilgisayarlar\u0131 olsun, daha \u00f6nemlisi sa\u011fl\u0131kl\u0131 olsunlar ve biraz da zamanlar\u0131 kals\u0131n, bilgisayar ve telefonlar\u0131na ilgi g\u00f6sterecek kadar&#8230;<\/p>\n","protected":false},"excerpt":{"rendered":"<p>Bilgi burjuvazisi ile sanayi burjuvazisinin \u00e7\u0131kar \u00e7eli\u015fkisi, ayn\u0131 bedenin kullan\u0131m bi\u00e7imiyle ili\u015fkili ve uzla\u015fmazd\u0131r. Sanayi burjuvazisinin, bedenini t\u00fcketecek kadar ezdi\u011fi, &#8220;bir lokma, bir h\u0131rka&#8221; sefalete mahk\u00fbm<span class=\"excerpt-hellip\"> [\u2026]<\/span><\/p>\n","protected":false},"featured_media":0,"template":"","meta":{"_monsterinsights_skip_tracking":false,"_monsterinsights_sitenote_active":false,"_monsterinsights_sitenote_note":"","_monsterinsights_sitenote_category":0},"product_brand":[],"product_cat":[12324,27533],"product_tag":[],"class_list":{"0":"post-714555","1":"product","2":"type-product","3":"status-publish","5":"product_cat-sosyoloji","6":"product_cat-sosyolojiye-giris","7":"pa_cilt-ciltsiz","8":"pa_tur-kitap","9":"pa_yayinevi-nika-yayinevi","10":"pa_yazar-ali-necip-kartal-gulbahar","12":"first","13":"instock","14":"sale","15":"shipping-taxable","16":"purchasable","17":"product-type-simple"},"_links":{"self":[{"href":"https:\/\/roveyayinevi.com.tr\/index.php\/wp-json\/wp\/v2\/product\/714555","targetHints":{"allow":["GET"]}}],"collection":[{"href":"https:\/\/roveyayinevi.com.tr\/index.php\/wp-json\/wp\/v2\/product"}],"about":[{"href":"https:\/\/roveyayinevi.com.tr\/index.php\/wp-json\/wp\/v2\/types\/product"}],"wp:attachment":[{"href":"https:\/\/roveyayinevi.com.tr\/index.php\/wp-json\/wp\/v2\/media?parent=714555"}],"wp:term":[{"taxonomy":"product_brand","embeddable":true,"href":"https:\/\/roveyayinevi.com.tr\/index.php\/wp-json\/wp\/v2\/product_brand?post=714555"},{"taxonomy":"product_cat","embeddable":true,"href":"https:\/\/roveyayinevi.com.tr\/index.php\/wp-json\/wp\/v2\/product_cat?post=714555"},{"taxonomy":"product_tag","embeddable":true,"href":"https:\/\/roveyayinevi.com.tr\/index.php\/wp-json\/wp\/v2\/product_tag?post=714555"}],"curies":[{"name":"wp","href":"https:\/\/api.w.org\/{rel}","templated":true}]}}