{"id":714552,"date":"2025-08-27T17:19:39","date_gmt":"2025-08-27T14:19:39","guid":{"rendered":"https:\/\/roveyayinevi.com.tr\/index.php\/urun\/kan-kopuklu-mese-seliyim\/"},"modified":"2026-04-16T02:22:52","modified_gmt":"2026-04-15T23:22:52","slug":"kan-kopuklu-mese-seliyim","status":"publish","type":"product","link":"https:\/\/roveyayinevi.com.tr\/index.php\/urun\/kan-kopuklu-mese-seliyim\/","title":{"rendered":"Kan K\u00f6p\u00fckl\u00fc Me\u015fe Seliyim"},"content":{"rendered":"<p>Bazen \u00e7ok ya\u015fl\u0131 bir insan\u0131n y\u00fcz\u00fcndeki \u00e7izgilerden yola \u00e7\u0131karak, o insan\u0131n y\u00fcz\u00fcndeki takvimi, ya\u015fad\u0131\u011f\u0131 y\u0131llar\u0131 g\u00f6rmeye \u00e7al\u0131\u015f\u0131r\u0131m.\u201d   Toplumcu-ger\u00e7ek\u00e7i edebiyat\u0131m\u0131z\u0131n usta ismi Osman \u015eahin\u2019den \u00f6\u011fretici ve tad\u0131na doyulmaz denemeler\u2026 Ya\u015far Kemal\u2019den Y\u0131lmaz G\u00fcney\u2019e, Muzaffer \u0130zg\u00fc\u2019den Orhan Kemal\u2019e, Talip Apayd\u0131n\u2019dan Tahsin Y\u00fccel\u2019e a\u00e7\u0131lan yelpazede e\u015fsiz bir portreler galerisi olu\u015fturan \u015eahin, edebiyat\u0131n ve sineman\u0131n verimli topraklar\u0131nda renkli bir yolculu\u011fa \u00e7\u0131k\u0131yor bu kitab\u0131nda. \u00c7anakkale Sava\u015f\u0131 ya da K\u00f6y Enstit\u00fcleri ger\u00e7e\u011fi, bir cezaevinden di\u011ferine nakil ser\u00fcveni ya da Anadolu s\u00f6ylenceleri \u00fczerine, s\u0131cak, samimi, yal\u0131n ve unutulmayacak bir toplam i\u00e7eriyor Kan K\u00f6p\u00fckl\u00fc Me\u015fe Seliyim.   \u201cBir yazar\u0131n do\u011fay\u0131 psikolojiyi, felsefeyi, folkloru, renkleri, m\u00fczi\u011fi iyi bilmesi ve al\u00e7akg\u00f6n\u00fcll\u00fc olmas\u0131 gerekiyor. Ben toplumcu, ger\u00e7ek\u00e7i \u00f6yk\u00fc anlay\u0131\u015f\u0131ndan yanay\u0131m. Ele\u015ftirel \u00f6yk\u00fcler yaz\u0131yorum. Yery\u00fcz\u00fcndeki s\u00f6m\u00fcr\u00fc ve emperyalist tehlike devam ederken, toplumun sorunlar\u0131ndan ka\u00e7arak, post-modern edebiyat anlay\u0131\u015flar\u0131 gibi, s\u00f6zc\u00fc\u011f\u00fc \u00e7\u00fcr\u00fcten anlay\u0131\u015flara s\u0131\u011f\u0131namam.<\/p>\n","protected":false},"excerpt":{"rendered":"<p>Bazen \u00e7ok ya\u015fl\u0131 bir insan\u0131n y\u00fcz\u00fcndeki \u00e7izgilerden yola \u00e7\u0131karak, o insan\u0131n y\u00fcz\u00fcndeki takvimi, ya\u015fad\u0131\u011f\u0131 y\u0131llar\u0131 g\u00f6rmeye \u00e7al\u0131\u015f\u0131r\u0131m.\u201d Toplumcu-ger\u00e7ek\u00e7i edebiyat\u0131m\u0131z\u0131n usta ismi Osman \u015eahin\u2019den \u00f6\u011fretici ve tad\u0131na<span class=\"excerpt-hellip\"> [\u2026]<\/span><\/p>\n","protected":false},"featured_media":0,"template":"","meta":{"_monsterinsights_skip_tracking":false,"_monsterinsights_sitenote_active":false,"_monsterinsights_sitenote_note":"","_monsterinsights_sitenote_category":0},"product_brand":[],"product_cat":[12291,12711],"product_tag":[],"class_list":{"0":"post-714552","1":"product","2":"type-product","3":"status-publish","5":"product_cat-edebiyat","6":"product_cat-roman-oyku","7":"pa_cilt-ciltsiz","8":"pa_tur-kitap","9":"pa_yayinevi-kaynak-yayinlari","10":"pa_yazar-osman-sahin","12":"first","13":"instock","14":"sale","15":"shipping-taxable","16":"purchasable","17":"product-type-simple"},"_links":{"self":[{"href":"https:\/\/roveyayinevi.com.tr\/index.php\/wp-json\/wp\/v2\/product\/714552","targetHints":{"allow":["GET"]}}],"collection":[{"href":"https:\/\/roveyayinevi.com.tr\/index.php\/wp-json\/wp\/v2\/product"}],"about":[{"href":"https:\/\/roveyayinevi.com.tr\/index.php\/wp-json\/wp\/v2\/types\/product"}],"wp:attachment":[{"href":"https:\/\/roveyayinevi.com.tr\/index.php\/wp-json\/wp\/v2\/media?parent=714552"}],"wp:term":[{"taxonomy":"product_brand","embeddable":true,"href":"https:\/\/roveyayinevi.com.tr\/index.php\/wp-json\/wp\/v2\/product_brand?post=714552"},{"taxonomy":"product_cat","embeddable":true,"href":"https:\/\/roveyayinevi.com.tr\/index.php\/wp-json\/wp\/v2\/product_cat?post=714552"},{"taxonomy":"product_tag","embeddable":true,"href":"https:\/\/roveyayinevi.com.tr\/index.php\/wp-json\/wp\/v2\/product_tag?post=714552"}],"curies":[{"name":"wp","href":"https:\/\/api.w.org\/{rel}","templated":true}]}}