{"id":714551,"date":"2025-08-27T17:19:38","date_gmt":"2025-08-27T14:19:38","guid":{"rendered":"https:\/\/roveyayinevi.com.tr\/index.php\/urun\/asya-cagini-acan-devrimler-1905-1911\/"},"modified":"2026-04-16T02:22:52","modified_gmt":"2026-04-15T23:22:52","slug":"asya-cagini-acan-devrimler-1905-1911","status":"publish","type":"product","link":"https:\/\/roveyayinevi.com.tr\/index.php\/urun\/asya-cagini-acan-devrimler-1905-1911\/","title":{"rendered":"Asya \u00c7a\u011f\u0131n\u0131 A\u00e7an Devrimler (1905-1911)"},"content":{"rendered":"<p>1905 Rus Devrimi, 1906 \u0130ran Me\u015frutiyet Devrimi, 1908 Gen\u00e7 T\u00fcrk Devrimi, 1911 \u00c7in Devrimi, 1911-1921 Mo\u011folistan Ba\u011f\u0131ms\u0131zl\u0131k Sava\u015f\u0131 ve Halk Cumhuriyeti\u2026 Bu devrimler, \u201cbarbar ve geli\u015fmeye kapal\u0131\u201d denilerek damgalanan Asya\u2019n\u0131n dinamizmini g\u00f6stermesi ve Avrupa merkezci, gerici-emperyalist teorileri \u00e7\u00fcr\u00fctmesi bak\u0131m\u0131ndan \u00f6nem ta\u015f\u0131yor. \u00dclkemizde demokratik devrimler \u00fczerine yap\u0131lan yay\u0131nlar\u0131n hemen hepsi Bat\u0131 co\u011frafyas\u0131n\u0131 kapsamakta. Oysa emperyalizm \u00e7a\u011f\u0131yla birlikte Asya aya\u011fa kalkt\u0131 ve bug\u00fcn d\u00fcnyan\u0131n gelece\u011fini belirleyen bir rol oynuyor. Bu kitapta, aya\u011fa kalkan Asya halklar\u0131n\u0131n, s\u0131radan insanlar\u0131n, i\u015f\u00e7ilerin, k\u00f6yl\u00fclerin, devrimlerin ger\u00e7ek kahramanlar\u0131, bug\u00fcn bir y\u0131ld\u0131z gibi parlayan Asya k\u0131tas\u0131n\u0131n haz\u0131rlay\u0131c\u0131lar\u0131 oldu\u011funu g\u00f6receksiniz.<\/p>\n","protected":false},"excerpt":{"rendered":"<p>1905 Rus Devrimi, 1906 \u0130ran Me\u015frutiyet Devrimi, 1908 Gen\u00e7 T\u00fcrk Devrimi, 1911 \u00c7in Devrimi, 1911-1921 Mo\u011folistan Ba\u011f\u0131ms\u0131zl\u0131k Sava\u015f\u0131 ve Halk Cumhuriyeti\u2026 Bu devrimler, \u201cbarbar ve geli\u015fmeye<span class=\"excerpt-hellip\"> [\u2026]<\/span><\/p>\n","protected":false},"featured_media":0,"template":"","meta":{"_monsterinsights_skip_tracking":false,"_monsterinsights_sitenote_active":false,"_monsterinsights_sitenote_note":"","_monsterinsights_sitenote_category":0},"product_brand":[],"product_cat":[12370,12304],"product_tag":[],"class_list":{"0":"post-714551","1":"product","2":"type-product","3":"status-publish","5":"product_cat-arastirma-inceleme","6":"product_cat-tarih","7":"pa_cilt-ciltsiz","8":"pa_tur-kitap","9":"pa_yayinevi-kaynak-yayinlari","10":"pa_yazar-zafer-kars-emrah-maraso","12":"first","13":"instock","14":"sale","15":"shipping-taxable","16":"purchasable","17":"product-type-simple"},"_links":{"self":[{"href":"https:\/\/roveyayinevi.com.tr\/index.php\/wp-json\/wp\/v2\/product\/714551","targetHints":{"allow":["GET"]}}],"collection":[{"href":"https:\/\/roveyayinevi.com.tr\/index.php\/wp-json\/wp\/v2\/product"}],"about":[{"href":"https:\/\/roveyayinevi.com.tr\/index.php\/wp-json\/wp\/v2\/types\/product"}],"wp:attachment":[{"href":"https:\/\/roveyayinevi.com.tr\/index.php\/wp-json\/wp\/v2\/media?parent=714551"}],"wp:term":[{"taxonomy":"product_brand","embeddable":true,"href":"https:\/\/roveyayinevi.com.tr\/index.php\/wp-json\/wp\/v2\/product_brand?post=714551"},{"taxonomy":"product_cat","embeddable":true,"href":"https:\/\/roveyayinevi.com.tr\/index.php\/wp-json\/wp\/v2\/product_cat?post=714551"},{"taxonomy":"product_tag","embeddable":true,"href":"https:\/\/roveyayinevi.com.tr\/index.php\/wp-json\/wp\/v2\/product_tag?post=714551"}],"curies":[{"name":"wp","href":"https:\/\/api.w.org\/{rel}","templated":true}]}}