{"id":714550,"date":"2025-08-27T17:19:38","date_gmt":"2025-08-27T14:19:38","guid":{"rendered":"https:\/\/roveyayinevi.com.tr\/index.php\/urun\/dusler-ve-gercekler\/"},"modified":"2026-04-16T02:22:52","modified_gmt":"2026-04-15T23:22:52","slug":"dusler-ve-gercekler","status":"publish","type":"product","link":"https:\/\/roveyayinevi.com.tr\/index.php\/urun\/dusler-ve-gercekler\/","title":{"rendered":"D\u00fc\u015fler ve Ger\u00e7ekler"},"content":{"rendered":"<p>May\u0131s 1968 gen\u00e7lik hareketleri, So\u011fuk Sava\u015f\u2019\u0131n bi\u00e7imlendirdi\u011fi d\u00fcnyada b\u00fcy\u00fck sars\u0131nt\u0131 yaratarak geni\u015f kitleleri \u00f6zg\u00fcrle\u015ftirdi. Tarihsel \u00f6nemi burada yat\u0131yor. May\u0131s 68, T\u00fcrkiye\u2019yi de \u00f6zg\u00fcrle\u015ftirdi. Ba\u011f\u0131ms\u0131z Demokratik T\u00fcrkiye \u00fclk\u00fcs\u00fcn\u00fc bilin\u00e7lere bir kez daha nak\u015fetti. Olaylar\u0131 ba\u015f\u0131ndan sonuna dek, Ankara \u00dcniversitesi Siyasal Bilgiler Fak\u00fcltesi \u00f6\u011frencisi olarak ya\u015fad\u0131m. S\u0131n\u0131f arkada\u015flar\u0131m Cevahir\u2019in, Mahir\u2019in, Sabahattin\u2019in ve \u00f6tekilerin hangi sihirli hal\u0131ya binerek bulutlarda dola\u015ft\u0131\u011f\u0131n\u0131 sorgulaman\u0131n zaman\u0131 geldi de ge\u00e7iyor bile\u2026 Yar\u0131m as\u0131rd\u0131r devrimci m\u00fccadelenin i\u00e7inde yer al\u0131yorum. Elimden geldi\u011fince halka hizmet ettim, Cumhuriyet davas\u0131na ba\u011fl\u0131 kald\u0131m. Benim a\u00e7\u0131mdan 68, elli y\u0131ll\u0131k bir s\u00fcrecin ba\u015flang\u0131c\u0131d\u0131r. Mao Zedung\u2019un o y\u0131llarda kulaktan kula\u011fa dola\u015fan \u201cGer\u00e7ek kahraman kitlelerdir\u201d s\u00f6z\u00fc hi\u00e7 akl\u0131mdan \u00e7\u0131kmad\u0131. 68 de b\u00fcy\u00fck bir kitle hareketidir, milyonlarca gencin eseridir. Kitlenin ruh halini yans\u0131tmak, olaylar\u0131 ger\u00e7e\u011fe ba\u011fl\u0131 kalarak, bug\u00fcnk\u00fc ve gelecek ku\u015faklara aktarmak \u00f6nem ta\u015f\u0131yordu. Bunu yapmaya \u00e7al\u0131\u015ft\u0131m.  <\/p>\n","protected":false},"excerpt":{"rendered":"<p>May\u0131s 1968 gen\u00e7lik hareketleri, So\u011fuk Sava\u015f\u2019\u0131n bi\u00e7imlendirdi\u011fi d\u00fcnyada b\u00fcy\u00fck sars\u0131nt\u0131 yaratarak geni\u015f kitleleri \u00f6zg\u00fcrle\u015ftirdi. Tarihsel \u00f6nemi burada yat\u0131yor. May\u0131s 68, T\u00fcrkiye\u2019yi de \u00f6zg\u00fcrle\u015ftirdi. Ba\u011f\u0131ms\u0131z Demokratik T\u00fcrkiye<span class=\"excerpt-hellip\"> [\u2026]<\/span><\/p>\n","protected":false},"featured_media":0,"template":"","meta":{"_monsterinsights_skip_tracking":false,"_monsterinsights_sitenote_active":false,"_monsterinsights_sitenote_note":"","_monsterinsights_sitenote_category":0},"product_brand":[],"product_cat":[13590,12337],"product_tag":[],"class_list":{"0":"post-714550","1":"product","2":"type-product","3":"status-publish","5":"product_cat-arastirma-inceleme-politika-siyaset","6":"product_cat-politika-siyaset","7":"pa_cilt-ciltsiz","8":"pa_tur-kitap","9":"pa_yayinevi-kaynak-yayinlari","10":"pa_yazar-cuneyt-akalin","12":"first","13":"instock","14":"sale","15":"shipping-taxable","16":"purchasable","17":"product-type-simple"},"_links":{"self":[{"href":"https:\/\/roveyayinevi.com.tr\/index.php\/wp-json\/wp\/v2\/product\/714550","targetHints":{"allow":["GET"]}}],"collection":[{"href":"https:\/\/roveyayinevi.com.tr\/index.php\/wp-json\/wp\/v2\/product"}],"about":[{"href":"https:\/\/roveyayinevi.com.tr\/index.php\/wp-json\/wp\/v2\/types\/product"}],"wp:attachment":[{"href":"https:\/\/roveyayinevi.com.tr\/index.php\/wp-json\/wp\/v2\/media?parent=714550"}],"wp:term":[{"taxonomy":"product_brand","embeddable":true,"href":"https:\/\/roveyayinevi.com.tr\/index.php\/wp-json\/wp\/v2\/product_brand?post=714550"},{"taxonomy":"product_cat","embeddable":true,"href":"https:\/\/roveyayinevi.com.tr\/index.php\/wp-json\/wp\/v2\/product_cat?post=714550"},{"taxonomy":"product_tag","embeddable":true,"href":"https:\/\/roveyayinevi.com.tr\/index.php\/wp-json\/wp\/v2\/product_tag?post=714550"}],"curies":[{"name":"wp","href":"https:\/\/api.w.org\/{rel}","templated":true}]}}