{"id":714548,"date":"2025-08-27T17:19:36","date_gmt":"2025-08-27T14:19:36","guid":{"rendered":"https:\/\/roveyayinevi.com.tr\/index.php\/urun\/bir-dosya-uc-cinayet\/"},"modified":"2026-04-16T02:22:52","modified_gmt":"2026-04-15T23:22:52","slug":"bir-dosya-uc-cinayet","status":"publish","type":"product","link":"https:\/\/roveyayinevi.com.tr\/index.php\/urun\/bir-dosya-uc-cinayet\/","title":{"rendered":"Bir Dosya \u00dc\u00e7 Cinayet"},"content":{"rendered":"<p>\u201cParc\u0327alanm\u0131s\u0327 uzun siyah elbisenin u\u0308zerinde haki yes\u0327ili yonca desenleri vard\u0131. Yu\u0308zu\u0308nu\u0308n ve k\u0131sa k\u0131v\u0131rc\u0131k sac\u0327lar\u0131n\u0131n bu\u0308yu\u0308k bir k\u0131sm\u0131 kanla kaplanm\u0131s\u0327t\u0131. Karanl\u0131g\u0306\u0131n ic\u0327inde parlayan bir c\u0327ift kanl\u0131 go\u0308z ona dog\u0306ru bak\u0131yordu. Ensesine bir ag\u0306r\u0131 sapland\u0131. Oysa bugu\u0308ne kadar kac\u0327 ceset go\u0308rdu\u0308g\u0306u\u0308nu\u0308 sayamam\u0131s\u0327t\u0131 bile. \u00d6lu\u0308mle c\u0327oktan yu\u0308zles\u0327mis\u0327 biri olarak o\u0308lu\u0308ler onu yas\u0327ayanlardan c\u0327ok daha az rahats\u0131z ediyordu. \u201d Kas\u0131m 2015\u2019te Bangkok\u2019ta Mia isimli gen\u00e7 kad\u0131n, ni\u015fanl\u0131s\u0131 taraf\u0131ndan \u00f6ld\u00fcr\u00fcl\u00fcnce Londra cinayet masas\u0131 dedektifi Jeff\u2019in 2000 y\u0131l\u0131ndan beri y\u00fcr\u00fctt\u00fc\u011f\u00fc gayri resmi soru\u015fturman\u0131n bir par\u00e7as\u0131 haline gelir. Jeff, y\u0131llard\u0131r ayn\u0131 birimde dirsek \u00e7\u00fcr\u00fct\u00fcp alkol sorunuyla ba\u015f etmeye \u00e7al\u0131\u015f\u0131rken, Interpol\u2019de \u00e7al\u0131\u015fan eski sevgilisi Sophie\u2019den yard\u0131m almaktad\u0131r. Jeff\u2019in ekibine yeni kat\u0131lan isim Birle\u015fmi\u015f Milletler Bar\u0131\u015f G\u00fcc\u00fc\u2019nde ge\u00e7irdi\u011fi 6 y\u0131l\u0131n ard\u0131ndan Sudan\u2019dan pi\u015fmanl\u0131klar\u0131 ve ar\u0131nma \u00e7abas\u0131yla d\u00f6nen yar\u0131 T\u00fcrk yar\u0131 \u0130ngiliz Hector\u2019dur. Soru\u015fturmay\u0131 devralan Hector, Jeff\u2019in dosyas\u0131n\u0131 didik didik edip Londra, Rotterdam ve Bangkok\u2019ta i\u015flenen cinayetleri ara\u015ft\u0131r\u0131rken Bangkok cinayetinin ba\u015f \u015f\u00fcphelisi Leo\u2019dan yard\u0131m istemek zorunda kal\u0131r. Hector, hem av hem de avc\u0131 olaca\u011f\u0131 bu soru\u015fturmada s\u0131ra d\u0131\u015f\u0131 bir seri katilin pe\u015finde oldu\u011funu fark edecektir. <\/p>\n","protected":false},"excerpt":{"rendered":"<p>\u201cParc\u0327alanm\u0131s\u0327 uzun siyah elbisenin u\u0308zerinde haki yes\u0327ili yonca desenleri vard\u0131. Yu\u0308zu\u0308nu\u0308n ve k\u0131sa k\u0131v\u0131rc\u0131k sac\u0327lar\u0131n\u0131n bu\u0308yu\u0308k bir k\u0131sm\u0131 kanla kaplanm\u0131s\u0327t\u0131. Karanl\u0131g\u0306\u0131n ic\u0327inde parlayan bir c\u0327ift kanl\u0131<span class=\"excerpt-hellip\"> [\u2026]<\/span><\/p>\n","protected":false},"featured_media":0,"template":"","meta":{"_monsterinsights_skip_tracking":false,"_monsterinsights_sitenote_active":false,"_monsterinsights_sitenote_note":"","_monsterinsights_sitenote_category":0},"product_brand":[],"product_cat":[12291,15445],"product_tag":[],"class_list":{"0":"post-714548","1":"product","2":"type-product","3":"status-publish","5":"product_cat-edebiyat","6":"product_cat-polisiye","7":"pa_cilt-ciltsiz","8":"pa_tur-kitap","9":"pa_yayinevi-koyusiyah-kitap","10":"pa_yazar-yasin-uzun","12":"first","13":"instock","14":"sale","15":"shipping-taxable","16":"purchasable","17":"product-type-simple"},"_links":{"self":[{"href":"https:\/\/roveyayinevi.com.tr\/index.php\/wp-json\/wp\/v2\/product\/714548","targetHints":{"allow":["GET"]}}],"collection":[{"href":"https:\/\/roveyayinevi.com.tr\/index.php\/wp-json\/wp\/v2\/product"}],"about":[{"href":"https:\/\/roveyayinevi.com.tr\/index.php\/wp-json\/wp\/v2\/types\/product"}],"wp:attachment":[{"href":"https:\/\/roveyayinevi.com.tr\/index.php\/wp-json\/wp\/v2\/media?parent=714548"}],"wp:term":[{"taxonomy":"product_brand","embeddable":true,"href":"https:\/\/roveyayinevi.com.tr\/index.php\/wp-json\/wp\/v2\/product_brand?post=714548"},{"taxonomy":"product_cat","embeddable":true,"href":"https:\/\/roveyayinevi.com.tr\/index.php\/wp-json\/wp\/v2\/product_cat?post=714548"},{"taxonomy":"product_tag","embeddable":true,"href":"https:\/\/roveyayinevi.com.tr\/index.php\/wp-json\/wp\/v2\/product_tag?post=714548"}],"curies":[{"name":"wp","href":"https:\/\/api.w.org\/{rel}","templated":true}]}}