{"id":714547,"date":"2025-08-27T17:19:36","date_gmt":"2025-08-27T14:19:36","guid":{"rendered":"https:\/\/roveyayinevi.com.tr\/index.php\/urun\/drizzt-efsanesi-21-kitap-kisgormez\/"},"modified":"2026-04-14T02:29:32","modified_gmt":"2026-04-13T23:29:32","slug":"drizzt-efsanesi-21-kitap-kisgormez","status":"publish","type":"product","link":"https:\/\/roveyayinevi.com.tr\/index.php\/urun\/drizzt-efsanesi-21-kitap-kisgormez\/","title":{"rendered":"Drizzt Efsanesi 21. Kitap &#8211; K\u0131\u015fg\u00f6rmez"},"content":{"rendered":"<p>Yol arkada\u015flar\u0131n\u0131 kaybeden Drizzt y\u00fcz y\u0131ldan sonra ilk kez \u00f6zg\u00fcr ve yaln\u0131zd\u0131r. Dahlia ismindeki yeni dostuyla beraber K\u0131\u015fg\u00f6rmez \u015fehrinin ba\u015f\u0131na gelenlerin intikam\u0131n\u0131 almak i\u00e7in yola d\u00fc\u015ferler. Fakat Drizzt yeni dostlarla beraber yeni d\u00fc\u015fmanlar da kazanacakt\u0131r.    Ve art\u0131k yaln\u0131z\u0131m. Y\u0131llar \u00f6nce Montolio\u2019nun \u00f6l\u00fcm\u00fcn\u00fc takip eden g\u00fcnlerden beri hi\u00e7 olmad\u0131\u011f\u0131m kadar. Arkada\u015flar\u0131m\u0131 tehlikeye atman\u0131n insafs\u0131zca olaca\u011f\u0131 inanc\u0131yla onlar\u0131 terk ederek Menzoberranzan\u2019a gitmek i\u00e7in Karanl\u0131kalt\u0131\u2019na yolculuk etti\u011fimde bile b\u00f6yle hissetmemi\u015ftim. Karanl\u0131kalt\u0131\u2019nda yaln\u0131z olmama kar\u015f\u0131n, ruhen yan\u0131mda olduklar\u0131 i\u00e7in manevi deste\u011fim olmadan gitmemi\u015ftim. Bruenor, Catti-brie ve Regis\u2019in hayatta ve iyi durumda, asl\u0131nda onlar\u0131 geride b\u0131rakm\u0131\u015f oldu\u011fum i\u00e7in \u00e7ok daha iyi durumda olacaklar\u0131na inan\u0131yordum, olacaklar\u0131na inanc\u0131m tam olarak gitmi\u015ftim. <\/p>\n","protected":false},"excerpt":{"rendered":"<p>Yol arkada\u015flar\u0131n\u0131 kaybeden Drizzt y\u00fcz y\u0131ldan sonra ilk kez \u00f6zg\u00fcr ve yaln\u0131zd\u0131r. Dahlia ismindeki yeni dostuyla beraber K\u0131\u015fg\u00f6rmez \u015fehrinin ba\u015f\u0131na gelenlerin intikam\u0131n\u0131 almak i\u00e7in yola d\u00fc\u015ferler.<span class=\"excerpt-hellip\"> [\u2026]<\/span><\/p>\n","protected":false},"featured_media":0,"template":"","meta":{"_monsterinsights_skip_tracking":false,"_monsterinsights_sitenote_active":false,"_monsterinsights_sitenote_note":"","_monsterinsights_sitenote_category":0},"product_brand":[],"product_cat":[12291,14777],"product_tag":[],"class_list":{"0":"post-714547","1":"product","2":"type-product","3":"status-publish","5":"product_cat-edebiyat","6":"product_cat-fantastik","7":"pa_cilt-ciltsiz","8":"pa_tur-kitap","9":"pa_yayinevi-ithaki-yayinlari","10":"pa_yazar-r-a-salvatore","12":"first","13":"instock","14":"sale","15":"shipping-taxable","16":"purchasable","17":"product-type-simple"},"_links":{"self":[{"href":"https:\/\/roveyayinevi.com.tr\/index.php\/wp-json\/wp\/v2\/product\/714547","targetHints":{"allow":["GET"]}}],"collection":[{"href":"https:\/\/roveyayinevi.com.tr\/index.php\/wp-json\/wp\/v2\/product"}],"about":[{"href":"https:\/\/roveyayinevi.com.tr\/index.php\/wp-json\/wp\/v2\/types\/product"}],"wp:attachment":[{"href":"https:\/\/roveyayinevi.com.tr\/index.php\/wp-json\/wp\/v2\/media?parent=714547"}],"wp:term":[{"taxonomy":"product_brand","embeddable":true,"href":"https:\/\/roveyayinevi.com.tr\/index.php\/wp-json\/wp\/v2\/product_brand?post=714547"},{"taxonomy":"product_cat","embeddable":true,"href":"https:\/\/roveyayinevi.com.tr\/index.php\/wp-json\/wp\/v2\/product_cat?post=714547"},{"taxonomy":"product_tag","embeddable":true,"href":"https:\/\/roveyayinevi.com.tr\/index.php\/wp-json\/wp\/v2\/product_tag?post=714547"}],"curies":[{"name":"wp","href":"https:\/\/api.w.org\/{rel}","templated":true}]}}