{"id":714545,"date":"2025-08-27T17:19:35","date_gmt":"2025-08-27T14:19:35","guid":{"rendered":"https:\/\/roveyayinevi.com.tr\/index.php\/urun\/trocki\/"},"modified":"2026-04-16T02:22:52","modified_gmt":"2026-04-15T23:22:52","slug":"trocki","status":"publish","type":"product","link":"https:\/\/roveyayinevi.com.tr\/index.php\/urun\/trocki\/","title":{"rendered":"Tro\u00e7ki"},"content":{"rendered":"<p>Lev Tro\u00e7ki, devrimci ikon, lider, yazar, teorisyen, filozof, Yahudi, d\u00fc\u015fman, e\u015f, baba ve bir suikast kurban\u0131 olarak ola\u011fan\u00fcst\u00fc zamanlarda parlak bir ya\u015fam s\u00fcrd\u00fc. SSCB&#8217;nin yarat\u0131lmas\u0131nda \u00e7ok \u00f6nemli bir rol oynayan hayli renkli ve karma\u015f\u0131k bir karakter olan Tro\u00e7ki, sonzamanlarda di\u011fer Sovyet liderleriyle kar\u015f\u0131la\u015ft\u0131r\u0131l\u0131r oldu. Bu dikkat\u00e7ekici biyografide Lenin ile Stalin biyografilerinin yazar\u0131 da olan tarih\u00e7i Robert Service, devrimci &#8216;\u00fc\u00e7l\u00fcn\u00fcn&#8217; di\u011fer fig\u00fcr\u00fcn\u00fc, &#8216;Tro\u00e7ki&#8217;yi mercek alt\u0131na al\u0131yor.   1879&#8217;da g\u00fcney Ukrayna&#8217;da zengin bir \u00e7ift\u00e7inin o\u011flu olarak do\u011fan gen\u00e7 Marksist yazar ve ajitat\u00f6r ilk olarak 1905&#8217;deki devrimci kriz s\u0131ras\u0131nda \u00f6ne \u00e7\u0131kt\u0131 ve 1917 Ekim Devrimi&#8217;nin \u00f6rg\u00fctleyici liderlerinden biri oldu. Tro\u00e7ki, Lenin&#8217;le birlikte erken Sovyet rejiminin tam merkezindeydi. Onlar\u0131nki, ki\u015fisel ve politik farkl\u0131l\u0131klara ra\u011fmen kurulan yak\u0131n bir ili\u015fkiydi. Tro\u00e7ki, K\u0131z\u0131l Ordu&#8217;nun kurucusu ve Politb\u00fcro&#8217;nun ilk \u00fcyelerindendi. Lenin&#8217;in 1924&#8217;teki \u00f6l\u00fcm\u00fcnden sonra iktidar\u0131 i\u00e7in Stalin&#8217;le m\u00fccadeleye girdi ve 1929&#8217;daki yenilgisinden sonra s\u00fcrg\u00fcne g\u00f6nderildi. 1940&#8217;ta bir suikastla \u00f6ld\u00fcr\u00fcl\u00fcnceye kadar t\u00fcm d\u00fcnyaya yay\u0131lm\u0131\u015f taraftarlar\u0131na liderlik yapt\u0131. Elli y\u0131ll\u0131k bir aradan sonra yaz\u0131lan bu ilk eksiksiz biyografide RobertService, Moskova ve Hoover Enstit\u00fcs\u00fc&#8217;ndeki \u015fimdiye kadar incelenmemi\u015f ar\u015fivleri ve Rus tarihine ili\u015fkin derin bilgi ve anlay\u0131\u015f\u0131n\u0131 kullanarak Tro\u00e7ki&#8217;nin yeni bir portresini, d\u00f6neminin \u00f6zelliklerini ve miras\u0131n\u0131 sergiliyor. Service, Tro\u00e7ki&#8217;nin zorlu karakterinin d\u00fcr\u00fcst bir temini \u00e7\u0131kararak onun saf bir h\u00fcmanist ve Stalin taraf\u0131ndan \u015fehit edilmi\u015f b\u00fcy\u00fck bir entelekt\u00fcel oldu\u011funa dair genel ge\u00e7er alg\u0131lar\u0131 sorguluyor. Ayr\u0131ca Tro\u00e7ki ile Stalin&#8217;in uzla\u015ft\u0131klar\u0131 y\u00f6ntem ve g\u00f6r\u00fc\u015fleri inceliyor. Sonu\u00e7 olarak da bu dikkat \u00e7ekici ve g\u00fcvenilir biyografi ortaya \u00e7\u0131k\u0131yor.<\/p>\n","protected":false},"excerpt":{"rendered":"<p>Lev Tro\u00e7ki, devrimci ikon, lider, yazar, teorisyen, filozof, Yahudi, d\u00fc\u015fman, e\u015f, baba ve bir suikast kurban\u0131 olarak ola\u011fan\u00fcst\u00fc zamanlarda parlak bir ya\u015fam s\u00fcrd\u00fc. SSCB&#8217;nin yarat\u0131lmas\u0131nda \u00e7ok<span class=\"excerpt-hellip\"> [\u2026]<\/span><\/p>\n","protected":false},"featured_media":0,"template":"","meta":{"_monsterinsights_skip_tracking":false,"_monsterinsights_sitenote_active":false,"_monsterinsights_sitenote_note":"","_monsterinsights_sitenote_category":0},"product_brand":[],"product_cat":[14009,12291],"product_tag":[],"class_list":{"0":"post-714545","1":"product","2":"type-product","3":"status-publish","5":"product_cat-biyografi-otobiyografi-edebiyat","6":"product_cat-edebiyat","7":"pa_cilt-ciltsiz","8":"pa_tur-kitap","9":"pa_yayinevi-abis-yayincilik","10":"pa_yazar-robert-service","12":"first","13":"instock","14":"sale","15":"shipping-taxable","16":"purchasable","17":"product-type-simple"},"_links":{"self":[{"href":"https:\/\/roveyayinevi.com.tr\/index.php\/wp-json\/wp\/v2\/product\/714545","targetHints":{"allow":["GET"]}}],"collection":[{"href":"https:\/\/roveyayinevi.com.tr\/index.php\/wp-json\/wp\/v2\/product"}],"about":[{"href":"https:\/\/roveyayinevi.com.tr\/index.php\/wp-json\/wp\/v2\/types\/product"}],"wp:attachment":[{"href":"https:\/\/roveyayinevi.com.tr\/index.php\/wp-json\/wp\/v2\/media?parent=714545"}],"wp:term":[{"taxonomy":"product_brand","embeddable":true,"href":"https:\/\/roveyayinevi.com.tr\/index.php\/wp-json\/wp\/v2\/product_brand?post=714545"},{"taxonomy":"product_cat","embeddable":true,"href":"https:\/\/roveyayinevi.com.tr\/index.php\/wp-json\/wp\/v2\/product_cat?post=714545"},{"taxonomy":"product_tag","embeddable":true,"href":"https:\/\/roveyayinevi.com.tr\/index.php\/wp-json\/wp\/v2\/product_tag?post=714545"}],"curies":[{"name":"wp","href":"https:\/\/api.w.org\/{rel}","templated":true}]}}