{"id":714544,"date":"2025-08-27T17:19:34","date_gmt":"2025-08-27T14:19:34","guid":{"rendered":"https:\/\/roveyayinevi.com.tr\/index.php\/urun\/unutulacak-seyler\/"},"modified":"2026-04-16T02:22:52","modified_gmt":"2026-04-15T23:22:52","slug":"unutulacak-seyler","status":"publish","type":"product","link":"https:\/\/roveyayinevi.com.tr\/index.php\/urun\/unutulacak-seyler\/","title":{"rendered":"Unutulacak \u015eeyler"},"content":{"rendered":"<p>Daha \u00f6nce sizi Fraktal D\u00fc\u015f\u00fcnceler\u2019imin dehlizlerine davet etmi\u015f, ard\u0131ndan Kimsenin Bilemeyece\u011fi \u015eeyler\u2019in var oldu\u011funa ikna etmeye gayret etmi\u015ftim. Sonra da De\u011fi\u015fen Be(y)nim ile beyinlerimizi anlatmaya \u00e7al\u0131\u015ft\u0131m size; her birimizin de\u011fi\u015fmeye nas\u0131l mecbur ve mahkum oldu\u011funun alt\u0131n\u0131 \u00e7izmek i\u00e7in\u2026 \u015eimdi, y\u0131llard\u0131r kendime hat\u0131rlatmaya muvaffak olduk\u00e7a beni yanl\u0131\u015flardan d\u00f6nd\u00fcren, hayat\u0131m\u0131n \u00e7\u00f6z\u00fcn\u00fcrl\u00fc\u011f\u00fcn\u00fc artt\u0131ran ama ne hikmetse s\u0131kl\u0131kla unuttu\u011fum, unuttu\u011fumuz, unutulan \u015feylere dair notlar\u0131mla kar\u015f\u0131n\u0131zday\u0131m. Hat\u0131rlamaya en fazla ihtiya\u00e7 duydu\u011fumuz zamanlarda daha fazla unuturuz baz\u0131 \u015feyleri, baz\u0131 \u00f6nemli \u015feyleri\u2026Unutulacak \u015eeyler, her \u015feyin g\u00f6rd\u00fc\u011f\u00fcm\u00fcz gibi olmad\u0131\u011f\u0131n\u0131 sezgisel olarak hisseden, g\u00f6r\u00fcnenin ve g\u00f6sterilenin arkas\u0131n\u0131 merak eden tecess\u00fcs sahipleriyle bir hasb\u0131haldir. Sadece ve sadece de, \u00f6ncelikle kendime, bir hat\u0131rlatmad\u0131r\u2026\u201c\u00c7a\u011f\u0131n insan\u0131 bir taraftan tutucu din\u00ee gelene\u011fin insan d\u00fc\u015f\u00fcncesini k\u0131s\u0131tlayan cenderesinden, di\u011fer taraftan modern militan ateizmin inanca sava\u015f a\u00e7mas\u0131ndan \u015fa\u015f\u0131rm\u0131\u015f durumda. Sapm\u0131\u015f inan\u0131\u015fla m\u00fccadele etmesi gereken modern insan, inan\u00e7la m\u00fccadele ediyor.\u0130nan\u00e7lar\u0131n\u0131 savunmaya \u00e7al\u0131\u015fan modern M\u00fcsl\u00fcman a\u015f\u0131r\u0131 siyasalla\u015fm\u0131\u015f durumda, \u2018Medeniyet \u0130n\u015fa Etme\u2019 idealini \u00f6nemsemiyor. Elinde bulunan elmas de\u011ferindeki bilgileri Bat\u0131 zihnine sunam\u0131yor ve satam\u0131yor. Bu konuyu dert edinenlerden birisi de Prof. Dr. Sinan Canan. \u201cUnutulacak \u015eeyler\u201d eseriyle bize felsef\u00ee bir ziyafet sunmu\u015f, kendisini kutluyorum.\u201d Prof. Dr. Nevzat Tarhan\u201cBilimle u\u011fra\u015fmak zor i\u015f. Hele ki bilmeyene anlatmak, daha da zor\u2026 Sinan Canan zor olan\u0131 hep ba\u015far\u0131yor. Uzak ve so\u011fuk buldu\u011fumuz bilim d\u00fcnyas\u0131n\u0131 bizler i\u00e7in yine keyifli ve anla\u015f\u0131l\u0131r hale getiriyor.\u201d Pelin \u00c7ift<\/p>\n","protected":false},"excerpt":{"rendered":"<p>Daha \u00f6nce sizi Fraktal D\u00fc\u015f\u00fcnceler\u2019imin dehlizlerine davet etmi\u015f, ard\u0131ndan Kimsenin Bilemeyece\u011fi \u015eeyler\u2019in var oldu\u011funa ikna etmeye gayret etmi\u015ftim. Sonra da De\u011fi\u015fen Be(y)nim ile beyinlerimizi anlatmaya \u00e7al\u0131\u015ft\u0131m<span class=\"excerpt-hellip\"> [\u2026]<\/span><\/p>\n","protected":false},"featured_media":0,"template":"","meta":{"_monsterinsights_skip_tracking":false,"_monsterinsights_sitenote_active":false,"_monsterinsights_sitenote_note":"","_monsterinsights_sitenote_category":0},"product_brand":[],"product_cat":[13005,13006],"product_tag":[],"class_list":{"0":"post-714544","1":"product","2":"type-product","3":"status-publish","5":"product_cat-bilim-muhendislik","6":"product_cat-populer-bilim","7":"pa_cilt-ciltsiz","8":"pa_tur-kitap","9":"pa_yayinevi-tuti-kitap","10":"pa_yazar-sinan-canan","12":"first","13":"instock","14":"sale","15":"shipping-taxable","16":"purchasable","17":"product-type-simple"},"_links":{"self":[{"href":"https:\/\/roveyayinevi.com.tr\/index.php\/wp-json\/wp\/v2\/product\/714544","targetHints":{"allow":["GET"]}}],"collection":[{"href":"https:\/\/roveyayinevi.com.tr\/index.php\/wp-json\/wp\/v2\/product"}],"about":[{"href":"https:\/\/roveyayinevi.com.tr\/index.php\/wp-json\/wp\/v2\/types\/product"}],"wp:attachment":[{"href":"https:\/\/roveyayinevi.com.tr\/index.php\/wp-json\/wp\/v2\/media?parent=714544"}],"wp:term":[{"taxonomy":"product_brand","embeddable":true,"href":"https:\/\/roveyayinevi.com.tr\/index.php\/wp-json\/wp\/v2\/product_brand?post=714544"},{"taxonomy":"product_cat","embeddable":true,"href":"https:\/\/roveyayinevi.com.tr\/index.php\/wp-json\/wp\/v2\/product_cat?post=714544"},{"taxonomy":"product_tag","embeddable":true,"href":"https:\/\/roveyayinevi.com.tr\/index.php\/wp-json\/wp\/v2\/product_tag?post=714544"}],"curies":[{"name":"wp","href":"https:\/\/api.w.org\/{rel}","templated":true}]}}