{"id":714542,"date":"2025-08-27T17:19:33","date_gmt":"2025-08-27T14:19:33","guid":{"rendered":"https:\/\/roveyayinevi.com.tr\/index.php\/urun\/nikola-tesla-bilime-yon-verenler\/"},"modified":"2026-04-16T02:22:52","modified_gmt":"2026-04-15T23:22:52","slug":"nikola-tesla-bilime-yon-verenler","status":"publish","type":"product","link":"https:\/\/roveyayinevi.com.tr\/index.php\/urun\/nikola-tesla-bilime-yon-verenler\/","title":{"rendered":"Nikola Tesla &#8211; Bilime Y\u00f6n Verenler"},"content":{"rendered":"<p>S\u0131rp as\u0131ll\u0131 Amerikal\u0131 mucit ve bilim insan\u0131 Nikola Tesla, elektri\u011fe ve elektromanyetizmaya do\u011fu\u015ftan gelen yatk\u0131nl\u0131\u011f\u0131yla ya\u015fad\u0131\u011f\u0131 d\u00f6nemde hem bilime, hem de evlerdeki g\u00fcnl\u00fck hayata damga vurmu\u015f bir isim. Tesla&#8217;n\u0131n icat etti\u011fi bir\u00e7ok bulu\u015f ve geli\u015ftirdi\u011fi bir\u00e7ok prensip g\u00fcn\u00fcm\u00fczde halen kullan\u0131lmakta.Onun ke\u015fifleri aras\u0131nda floresan \u0131\u015f\u0131\u011f\u0131, lazer \u0131\u015f\u0131n\u0131, kablosuz ileti\u015fim, elektrik enerjisinin kablosuz iletimi, uzaktan kumanda, robotik, Tesla&#8217;n\u0131n t\u00fcrbinleri ve dikey kalk\u0131\u015f u\u00e7aklar\u0131 bulunuyor.  Tesla, telsizin ve modern elektrikli \u015fanz\u0131man sistemlerinin babas\u0131d\u0131r. D\u00fcnya \u00e7ap\u0131nda 700&#8217;den fazla patenti kay\u0131tl\u0131d\u0131r.Tesla, g\u00f6rkemli boyu ve derin g\u00f6zleriyle, \u00e7arp\u0131c\u0131 bir fiziksel g\u00f6r\u00fcn\u00fcme sahipti. Ayr\u0131ca ola\u011fan\u00fcst\u00fc zihinsel tazelik ile donat\u0131lm\u0131\u015f bir adamd\u0131 ve d\u00fcnya b\u00fcy\u00fcd\u00fck\u00e7e daha fazla icatla d\u00fcnyay\u0131 \u015fa\u015f\u0131rtmaya haz\u0131rd\u0131.\u201cPara insanlar\u0131n kendine bi\u00e7ti\u011fi k\u0131ymete haiz de\u011fildir. Benim b\u00fct\u00fcn param deneylere yat\u0131r\u0131lm\u0131\u015ft\u0131r. Bunlarla yeni ke\u015fiflerde bulunup insano\u011flunun hayat\u0131n\u0131 biraz daha kolayla\u015ft\u0131rmas\u0131n\u0131 sa\u011fl\u0131yorum.\u201d demi\u015ftir.<\/p>\n","protected":false},"excerpt":{"rendered":"<p>S\u0131rp as\u0131ll\u0131 Amerikal\u0131 mucit ve bilim insan\u0131 Nikola Tesla, elektri\u011fe ve elektromanyetizmaya do\u011fu\u015ftan gelen yatk\u0131nl\u0131\u011f\u0131yla ya\u015fad\u0131\u011f\u0131 d\u00f6nemde hem bilime, hem de evlerdeki g\u00fcnl\u00fck hayata damga vurmu\u015f<span class=\"excerpt-hellip\"> [\u2026]<\/span><\/p>\n","protected":false},"featured_media":0,"template":"","meta":{"_monsterinsights_skip_tracking":false,"_monsterinsights_sitenote_active":false,"_monsterinsights_sitenote_note":"","_monsterinsights_sitenote_category":0},"product_brand":[],"product_cat":[13829,12274],"product_tag":[],"class_list":{"0":"post-714542","1":"product","2":"type-product","3":"status-publish","5":"product_cat-bilimsel-kitaplar","6":"product_cat-cocuk-ve-genclik-kitaplari","7":"pa_cilt-ciltsiz","8":"pa_tur-kitap","9":"pa_yayinevi-parola-yayinlari","10":"pa_yazar-m-murat-sezer","12":"first","13":"instock","14":"sale","15":"shipping-taxable","16":"purchasable","17":"product-type-simple"},"_links":{"self":[{"href":"https:\/\/roveyayinevi.com.tr\/index.php\/wp-json\/wp\/v2\/product\/714542","targetHints":{"allow":["GET"]}}],"collection":[{"href":"https:\/\/roveyayinevi.com.tr\/index.php\/wp-json\/wp\/v2\/product"}],"about":[{"href":"https:\/\/roveyayinevi.com.tr\/index.php\/wp-json\/wp\/v2\/types\/product"}],"wp:attachment":[{"href":"https:\/\/roveyayinevi.com.tr\/index.php\/wp-json\/wp\/v2\/media?parent=714542"}],"wp:term":[{"taxonomy":"product_brand","embeddable":true,"href":"https:\/\/roveyayinevi.com.tr\/index.php\/wp-json\/wp\/v2\/product_brand?post=714542"},{"taxonomy":"product_cat","embeddable":true,"href":"https:\/\/roveyayinevi.com.tr\/index.php\/wp-json\/wp\/v2\/product_cat?post=714542"},{"taxonomy":"product_tag","embeddable":true,"href":"https:\/\/roveyayinevi.com.tr\/index.php\/wp-json\/wp\/v2\/product_tag?post=714542"}],"curies":[{"name":"wp","href":"https:\/\/api.w.org\/{rel}","templated":true}]}}