{"id":714540,"date":"2025-08-27T17:19:32","date_gmt":"2025-08-27T14:19:32","guid":{"rendered":"https:\/\/roveyayinevi.com.tr\/index.php\/urun\/kadin-voleybolcularin-ceviklik-performanslari-ile-algi-ve-karar-verme-faktorleri-arasindaki-iliski\/"},"modified":"2026-04-16T02:22:52","modified_gmt":"2026-04-15T23:22:52","slug":"kadin-voleybolcularin-ceviklik-performanslari-ile-algi-ve-karar-verme-faktorleri-arasindaki-iliski","status":"publish","type":"product","link":"https:\/\/roveyayinevi.com.tr\/index.php\/urun\/kadin-voleybolcularin-ceviklik-performanslari-ile-algi-ve-karar-verme-faktorleri-arasindaki-iliski\/","title":{"rendered":"Kad\u0131n Voleybolcular\u0131n \u00c7eviklik Performanslar\u0131 ile Alg\u0131 ve Karar Verme Fakt\u00f6rleri Aras\u0131ndaki \u0130li\u015fki"},"content":{"rendered":"<p>\u0130\u00c7\u0130NDEK\u0130LER TABLOLAR D\u0130Z\u0130N\u0130 GRAF\u0130KLER D\u0130Z\u0130N\u0130 RES\u0130MLER D\u0130Z\u0130N\u0130 \u015eEK\u0130LLER D\u0130Z\u0130N\u0130 KISALTMALAR 1.\u00d6ZET 2.G\u0130R\u0130\u015e 3. GENEL B\u0130LG\u0130LER 4.GERE\u00c7 VE Y\u00d6NTEM 5.BULGULAR 6.TARTI\u015eMA 7.SONU\u00c7 VE \u00d6NER\u0130LER 8.KAYNAKLAR 9.EKLER <\/p>\n","protected":false},"excerpt":{"rendered":"<p>\u0130\u00c7\u0130NDEK\u0130LER TABLOLAR D\u0130Z\u0130N\u0130 GRAF\u0130KLER D\u0130Z\u0130N\u0130 RES\u0130MLER D\u0130Z\u0130N\u0130 \u015eEK\u0130LLER D\u0130Z\u0130N\u0130 KISALTMALAR 1.\u00d6ZET 2.G\u0130R\u0130\u015e 3. GENEL B\u0130LG\u0130LER 4.GERE\u00c7 VE Y\u00d6NTEM 5.BULGULAR 6.TARTI\u015eMA 7.SONU\u00c7 VE \u00d6NER\u0130LER 8.KAYNAKLAR 9.EKLER<\/p>\n","protected":false},"featured_media":0,"template":"","meta":{"_monsterinsights_skip_tracking":false,"_monsterinsights_sitenote_active":false,"_monsterinsights_sitenote_note":"","_monsterinsights_sitenote_category":0},"product_brand":[],"product_cat":[12573,12566],"product_tag":[],"class_list":{"0":"post-714540","1":"product","2":"type-product","3":"status-publish","5":"product_cat-akademik-kitaplar","6":"product_cat-egitim","7":"pa_cilt-ciltsiz","8":"pa_tur-kitap","9":"pa_yayinevi-gazi-kitabevi","10":"pa_yazar-yakup-aktas","12":"first","13":"instock","14":"sale","15":"shipping-taxable","16":"purchasable","17":"product-type-simple"},"_links":{"self":[{"href":"https:\/\/roveyayinevi.com.tr\/index.php\/wp-json\/wp\/v2\/product\/714540","targetHints":{"allow":["GET"]}}],"collection":[{"href":"https:\/\/roveyayinevi.com.tr\/index.php\/wp-json\/wp\/v2\/product"}],"about":[{"href":"https:\/\/roveyayinevi.com.tr\/index.php\/wp-json\/wp\/v2\/types\/product"}],"wp:attachment":[{"href":"https:\/\/roveyayinevi.com.tr\/index.php\/wp-json\/wp\/v2\/media?parent=714540"}],"wp:term":[{"taxonomy":"product_brand","embeddable":true,"href":"https:\/\/roveyayinevi.com.tr\/index.php\/wp-json\/wp\/v2\/product_brand?post=714540"},{"taxonomy":"product_cat","embeddable":true,"href":"https:\/\/roveyayinevi.com.tr\/index.php\/wp-json\/wp\/v2\/product_cat?post=714540"},{"taxonomy":"product_tag","embeddable":true,"href":"https:\/\/roveyayinevi.com.tr\/index.php\/wp-json\/wp\/v2\/product_tag?post=714540"}],"curies":[{"name":"wp","href":"https:\/\/api.w.org\/{rel}","templated":true}]}}