{"id":714538,"date":"2025-08-27T17:19:31","date_gmt":"2025-08-27T14:19:31","guid":{"rendered":"https:\/\/roveyayinevi.com.tr\/index.php\/urun\/terorle-mucadelede-kahramanlik-oykuleri\/"},"modified":"2026-04-03T02:29:01","modified_gmt":"2026-04-02T23:29:01","slug":"terorle-mucadelede-kahramanlik-oykuleri","status":"publish","type":"product","link":"https:\/\/roveyayinevi.com.tr\/index.php\/urun\/terorle-mucadelede-kahramanlik-oykuleri\/","title":{"rendered":"Ter\u00f6rle M\u00fccadelede Kahramanl\u0131k \u00d6yk\u00fcleri"},"content":{"rendered":"<p>Bir toprak par\u00e7as\u0131n\u0131n vatanla\u015fmas\u0131, ancak onu yurt edinen milletin o co\u011frafya ile tam anlam\u0131yla \u00f6zde\u015fle\u015fmesiyle ve onu korumak u\u011frunda her \u015feyini verecek bir fedakarl\u0131k \u015fuuruna sahip olmas\u0131yla m\u00fcmk\u00fcnd\u00fcr. 1071\u2019de Anadolu kap\u0131lar\u0131n\u0131n a\u00e7\u0131lmas\u0131ndan itibaren tarihin her d\u00f6neminde bu topraklar\u0131n korunmas\u0131 i\u00e7in b\u00fcy\u00fck sava\u015flar yap\u0131lm\u0131\u015f, b\u00fcy\u00fck m\u00fccadeleler verilmi\u015ftir. Bu sebeple bu co\u011frafyan\u0131n vatan olmas\u0131 u\u011fruna her kar\u0131\u015f topra\u011f\u0131 aziz \u015fehitlerimizin kanlar\u0131 ile sulanm\u0131\u015ft\u0131r. \u00c7\u00fcnk\u00fc millet olarak, istiklalimiz ve istikbalimiz i\u00e7in \u00f6l\u00fcmden korkmadan, d\u00f6nmeyi asla d\u00fc\u015f\u00fcnmeden, adeta bir d\u00fc\u011f\u00fcne gider gibi cenge gitme \u00f6zelli\u011fimiz vard\u0131r. \u015eairin de dedi\u011fi gibi, bu Vatan, \u201cBir tarih boyunca onun u\u011frunda, kendini tarihe verenlerindir.\u201d Bu \u00e7al\u0131\u015fman\u0131n temel amac\u0131, ter\u00f6rle m\u00fccadelenin y\u00fcz binlerce sayfaya s\u0131\u011fmayacak kahramanl\u0131k \u00f6yk\u00fclerinin, sadece k\u00fc\u00e7\u00fck bir kesitini ortaya koymakt\u0131r. Bu \u00f6yk\u00fcler, ter\u00f6rle m\u00fccadelede birebir ya\u015fanm\u0131\u015f olaylar\u0131n anlat\u0131m\u0131na dayanmaktad\u0131r. \u00c7apar, S. ve M. Uyar (Ed.) (2018) Ter\u00f6rle M\u00fccadelede Kahramanl\u0131k \u00d6yk\u00fcleri, Ankara: T\u0130AV: <\/p>\n","protected":false},"excerpt":{"rendered":"<p>Bir toprak par\u00e7as\u0131n\u0131n vatanla\u015fmas\u0131, ancak onu yurt edinen milletin o co\u011frafya ile tam anlam\u0131yla \u00f6zde\u015fle\u015fmesiyle ve onu korumak u\u011frunda her \u015feyini verecek bir fedakarl\u0131k \u015fuuruna sahip<span class=\"excerpt-hellip\"> [\u2026]<\/span><\/p>\n","protected":false},"featured_media":0,"template":"","meta":{"_monsterinsights_skip_tracking":false,"_monsterinsights_sitenote_active":false,"_monsterinsights_sitenote_note":"","_monsterinsights_sitenote_category":0},"product_brand":[],"product_cat":[12567,12566],"product_tag":[],"class_list":{"0":"post-714538","1":"product","2":"type-product","3":"status-publish","5":"product_cat-diger-egitim","6":"product_cat-egitim","7":"pa_cilt-ciltsiz","8":"pa_tur-kitap","9":"pa_yayinevi-tiav","10":"pa_yazar-kollektif","12":"first","13":"instock","14":"sale","15":"shipping-taxable","16":"purchasable","17":"product-type-simple"},"_links":{"self":[{"href":"https:\/\/roveyayinevi.com.tr\/index.php\/wp-json\/wp\/v2\/product\/714538","targetHints":{"allow":["GET"]}}],"collection":[{"href":"https:\/\/roveyayinevi.com.tr\/index.php\/wp-json\/wp\/v2\/product"}],"about":[{"href":"https:\/\/roveyayinevi.com.tr\/index.php\/wp-json\/wp\/v2\/types\/product"}],"wp:attachment":[{"href":"https:\/\/roveyayinevi.com.tr\/index.php\/wp-json\/wp\/v2\/media?parent=714538"}],"wp:term":[{"taxonomy":"product_brand","embeddable":true,"href":"https:\/\/roveyayinevi.com.tr\/index.php\/wp-json\/wp\/v2\/product_brand?post=714538"},{"taxonomy":"product_cat","embeddable":true,"href":"https:\/\/roveyayinevi.com.tr\/index.php\/wp-json\/wp\/v2\/product_cat?post=714538"},{"taxonomy":"product_tag","embeddable":true,"href":"https:\/\/roveyayinevi.com.tr\/index.php\/wp-json\/wp\/v2\/product_tag?post=714538"}],"curies":[{"name":"wp","href":"https:\/\/api.w.org\/{rel}","templated":true}]}}