{"id":714536,"date":"2025-08-27T17:19:30","date_gmt":"2025-08-27T14:19:30","guid":{"rendered":"https:\/\/roveyayinevi.com.tr\/index.php\/urun\/15-temmuzda-mulki-idare\/"},"modified":"2026-04-16T02:22:52","modified_gmt":"2026-04-15T23:22:52","slug":"15-temmuzda-mulki-idare","status":"publish","type":"product","link":"https:\/\/roveyayinevi.com.tr\/index.php\/urun\/15-temmuzda-mulki-idare\/","title":{"rendered":"15 Temmuz&#8217;da M\u00fclki \u0130dare"},"content":{"rendered":"<p>15 Temmuz 2016 tarihinde m\u00fclki idare amirleri kararl\u0131 bir \u015fekilde, darbe kar\u015f\u0131s\u0131ndaki yerlerini alm\u0131\u015ft\u0131r. Dik bir duru\u015f i\u00e7inde kamu kurumlar\u0131, kamu g\u00f6revlileri ve halk\u0131 y\u00f6nlendirmi\u015flerdir. Demokrasi n\u00f6betleri s\u00fcrecinde etkin bir rol \u00fcstlenmi\u015flerdir. Bu \u00e7al\u0131\u015fma, \u201chain darbe te\u015febb\u00fcs\u00fc\u201d s\u00fcrecinde, illerde etkili bir direni\u015fe y\u00f6n veren m\u00fclki idare amirlerini konu almaktad\u0131r. Valiler ba\u015fta olmak \u00fczere Devleti ve H\u00fck\u00fcmeti temsil eden m\u00fclki idare amirlerinin, 81 il de liderlik fonksiyonlar\u0131n\u0131 \u00fcstlenerek ya\u015fad\u0131klar\u0131n\u0131, ald\u0131klar\u0131 kritik kararlar\u0131, edindikleri tecr\u00fcbeleri ortaya \u00e7\u0131karmak, bu kitab\u0131n \u00f6ncelikli ama\u00e7lar\u0131 aras\u0131ndad\u0131r. \u00c7apar, S. (Ed.) (2018) 15 Temmuz\u2019da M\u00fclki\u0130dare, Ankara: T\u0130AV <\/p>\n","protected":false},"excerpt":{"rendered":"<p>15 Temmuz 2016 tarihinde m\u00fclki idare amirleri kararl\u0131 bir \u015fekilde, darbe kar\u015f\u0131s\u0131ndaki yerlerini alm\u0131\u015ft\u0131r. Dik bir duru\u015f i\u00e7inde kamu kurumlar\u0131, kamu g\u00f6revlileri ve halk\u0131 y\u00f6nlendirmi\u015flerdir. Demokrasi<span class=\"excerpt-hellip\"> [\u2026]<\/span><\/p>\n","protected":false},"featured_media":0,"template":"","meta":{"_monsterinsights_skip_tracking":false,"_monsterinsights_sitenote_active":false,"_monsterinsights_sitenote_note":"","_monsterinsights_sitenote_category":0},"product_brand":[],"product_cat":[12370,12304],"product_tag":[],"class_list":{"0":"post-714536","1":"product","2":"type-product","3":"status-publish","5":"product_cat-arastirma-inceleme","6":"product_cat-tarih","7":"pa_cilt-ciltli","8":"pa_tur-kitap","9":"pa_yayinevi-tiav","10":"pa_yazar-kollektif","12":"first","13":"instock","14":"sale","15":"shipping-taxable","16":"purchasable","17":"product-type-simple"},"_links":{"self":[{"href":"https:\/\/roveyayinevi.com.tr\/index.php\/wp-json\/wp\/v2\/product\/714536","targetHints":{"allow":["GET"]}}],"collection":[{"href":"https:\/\/roveyayinevi.com.tr\/index.php\/wp-json\/wp\/v2\/product"}],"about":[{"href":"https:\/\/roveyayinevi.com.tr\/index.php\/wp-json\/wp\/v2\/types\/product"}],"wp:attachment":[{"href":"https:\/\/roveyayinevi.com.tr\/index.php\/wp-json\/wp\/v2\/media?parent=714536"}],"wp:term":[{"taxonomy":"product_brand","embeddable":true,"href":"https:\/\/roveyayinevi.com.tr\/index.php\/wp-json\/wp\/v2\/product_brand?post=714536"},{"taxonomy":"product_cat","embeddable":true,"href":"https:\/\/roveyayinevi.com.tr\/index.php\/wp-json\/wp\/v2\/product_cat?post=714536"},{"taxonomy":"product_tag","embeddable":true,"href":"https:\/\/roveyayinevi.com.tr\/index.php\/wp-json\/wp\/v2\/product_tag?post=714536"}],"curies":[{"name":"wp","href":"https:\/\/api.w.org\/{rel}","templated":true}]}}