{"id":714535,"date":"2025-08-27T17:19:29","date_gmt":"2025-08-27T14:19:29","guid":{"rendered":"https:\/\/roveyayinevi.com.tr\/index.php\/urun\/kurt-dosyasi\/"},"modified":"2026-03-03T02:32:24","modified_gmt":"2026-03-02T23:32:24","slug":"kurt-dosyasi","status":"publish","type":"product","link":"https:\/\/roveyayinevi.com.tr\/index.php\/urun\/kurt-dosyasi\/","title":{"rendered":"K\u00fcrt Dosyas\u0131"},"content":{"rendered":"<p>Ter\u00f6r\u00fc yanl\u0131zca iyi izlemek, gizli klm\u0131\u015f belgeleri g\u00fcn y\u00fcz\u00fcne \u00e7\u0131karmak vr par\u00e7alar\u0131 bir araya getirmekte yetinmeyip, ayn\u0131 zamanda bu olguya nas\u0131l yakla\u015f\u0131lmas\u0131 gerekti\u011fini  de iyi saptam\u0131\u015f olan U\u011fur Mumcu, elinizde ki tamamlanmam\u0131\u015f \u00e7al\u0131\u015fmas\u0131nda da, bir kahraman olarak sunulan ve efsanele\u015ftirilmek ger\u00e7ek y\u00fcz\u00fcn\u00fc ortaya seriyor.&#8221;-Ali Sirmen<\/p>\n","protected":false},"excerpt":{"rendered":"<p>Ter\u00f6r\u00fc yanl\u0131zca iyi izlemek, gizli klm\u0131\u015f belgeleri g\u00fcn y\u00fcz\u00fcne \u00e7\u0131karmak vr par\u00e7alar\u0131 bir araya getirmekte yetinmeyip, ayn\u0131 zamanda bu olguya nas\u0131l yakla\u015f\u0131lmas\u0131 gerekti\u011fini de iyi saptam\u0131\u015f<span class=\"excerpt-hellip\"> [\u2026]<\/span><\/p>\n","protected":false},"featured_media":0,"template":"","meta":{"_monsterinsights_skip_tracking":false,"_monsterinsights_sitenote_active":false,"_monsterinsights_sitenote_note":"","_monsterinsights_sitenote_category":0},"product_brand":[],"product_cat":[12337,14543],"product_tag":[],"class_list":{"0":"post-714535","1":"product","2":"type-product","3":"status-publish","5":"product_cat-politika-siyaset","6":"product_cat-turkiye-siyaseti-ve-politikasi","7":"pa_cilt-ciltsiz","8":"pa_tur-kitap","9":"pa_yayinevi-umag-yayinevi","10":"pa_yazar-ugur-mumcu","12":"first","13":"instock","14":"sale","15":"shipping-taxable","16":"purchasable","17":"product-type-simple"},"_links":{"self":[{"href":"https:\/\/roveyayinevi.com.tr\/index.php\/wp-json\/wp\/v2\/product\/714535","targetHints":{"allow":["GET"]}}],"collection":[{"href":"https:\/\/roveyayinevi.com.tr\/index.php\/wp-json\/wp\/v2\/product"}],"about":[{"href":"https:\/\/roveyayinevi.com.tr\/index.php\/wp-json\/wp\/v2\/types\/product"}],"wp:attachment":[{"href":"https:\/\/roveyayinevi.com.tr\/index.php\/wp-json\/wp\/v2\/media?parent=714535"}],"wp:term":[{"taxonomy":"product_brand","embeddable":true,"href":"https:\/\/roveyayinevi.com.tr\/index.php\/wp-json\/wp\/v2\/product_brand?post=714535"},{"taxonomy":"product_cat","embeddable":true,"href":"https:\/\/roveyayinevi.com.tr\/index.php\/wp-json\/wp\/v2\/product_cat?post=714535"},{"taxonomy":"product_tag","embeddable":true,"href":"https:\/\/roveyayinevi.com.tr\/index.php\/wp-json\/wp\/v2\/product_tag?post=714535"}],"curies":[{"name":"wp","href":"https:\/\/api.w.org\/{rel}","templated":true}]}}