{"id":714534,"date":"2025-08-27T17:19:29","date_gmt":"2025-08-27T14:19:29","guid":{"rendered":"https:\/\/roveyayinevi.com.tr\/index.php\/urun\/faber-dedesini-ariyor\/"},"modified":"2026-04-16T02:22:52","modified_gmt":"2026-04-15T23:22:52","slug":"faber-dedesini-ariyor","status":"publish","type":"product","link":"https:\/\/roveyayinevi.com.tr\/index.php\/urun\/faber-dedesini-ariyor\/","title":{"rendered":"Faber Dedesini Ar\u0131yor"},"content":{"rendered":"<p>Faber\u2019in dedesi, a\u011fabeyi ile birlikte Amerika\u2019da ya\u015famaya ba\u015flad\u0131. Faber ve Ay\u015fe, dedesinin hediye etti\u011fi u\u00e7an hal\u0131yla s\u0131k s\u0131k ziyaret ediyorlar onu ama bir g\u00fcn, Faber\u2019in dedesi aniden ortadan kayboluyor. Faber endi\u015feli ve dedesinin ba\u015f\u0131na ne geldi\u011fini \u00e7ok merak ediyor. Acaba Faber dedesinin nerede oldu\u011funu bulabilecek mi?<\/p>\n","protected":false},"excerpt":{"rendered":"<p>Faber\u2019in dedesi, a\u011fabeyi ile birlikte Amerika\u2019da ya\u015famaya ba\u015flad\u0131. Faber ve Ay\u015fe, dedesinin hediye etti\u011fi u\u00e7an hal\u0131yla s\u0131k s\u0131k ziyaret ediyorlar onu ama bir g\u00fcn, Faber\u2019in dedesi<span class=\"excerpt-hellip\"> [\u2026]<\/span><\/p>\n","protected":false},"featured_media":0,"template":"","meta":{"_monsterinsights_skip_tracking":false,"_monsterinsights_sitenote_active":false,"_monsterinsights_sitenote_note":"","_monsterinsights_sitenote_category":0},"product_brand":[],"product_cat":[12274,12284],"product_tag":[],"class_list":{"0":"post-714534","1":"product","2":"type-product","3":"status-publish","5":"product_cat-cocuk-ve-genclik-kitaplari","6":"product_cat-hikayeler","7":"pa_cilt-ciltsiz","8":"pa_tur-kitap","9":"pa_yayinevi-1001-cicek-kitaplar","10":"pa_yazar-cornelia-funke","12":"first","13":"instock","14":"sale","15":"shipping-taxable","16":"purchasable","17":"product-type-simple"},"_links":{"self":[{"href":"https:\/\/roveyayinevi.com.tr\/index.php\/wp-json\/wp\/v2\/product\/714534","targetHints":{"allow":["GET"]}}],"collection":[{"href":"https:\/\/roveyayinevi.com.tr\/index.php\/wp-json\/wp\/v2\/product"}],"about":[{"href":"https:\/\/roveyayinevi.com.tr\/index.php\/wp-json\/wp\/v2\/types\/product"}],"wp:attachment":[{"href":"https:\/\/roveyayinevi.com.tr\/index.php\/wp-json\/wp\/v2\/media?parent=714534"}],"wp:term":[{"taxonomy":"product_brand","embeddable":true,"href":"https:\/\/roveyayinevi.com.tr\/index.php\/wp-json\/wp\/v2\/product_brand?post=714534"},{"taxonomy":"product_cat","embeddable":true,"href":"https:\/\/roveyayinevi.com.tr\/index.php\/wp-json\/wp\/v2\/product_cat?post=714534"},{"taxonomy":"product_tag","embeddable":true,"href":"https:\/\/roveyayinevi.com.tr\/index.php\/wp-json\/wp\/v2\/product_tag?post=714534"}],"curies":[{"name":"wp","href":"https:\/\/api.w.org\/{rel}","templated":true}]}}