{"id":714532,"date":"2025-08-27T17:19:27","date_gmt":"2025-08-27T14:19:27","guid":{"rendered":"https:\/\/roveyayinevi.com.tr\/index.php\/urun\/faberin-ucan-halisi\/"},"modified":"2025-11-06T04:50:54","modified_gmt":"2025-11-06T01:50:54","slug":"faberin-ucan-halisi","status":"publish","type":"product","link":"https:\/\/roveyayinevi.com.tr\/index.php\/urun\/faberin-ucan-halisi\/","title":{"rendered":"Faber\u2019in U\u00e7an Hal\u0131s\u0131"},"content":{"rendered":"<p>Dedesi Amerika\u2019ya yerle\u015fmeye karar verdi ve giderken de eski hal\u0131s\u0131n\u0131 Faber\u2019e b\u0131rakt\u0131. Hal\u0131n\u0131n \u00fczerinde birtak\u0131m semboller var ama Faber \u00e7aresiz \u00e7\u00fcnk\u00fc pek \u00e7ok ki\u015fiye g\u00f6stermesine ra\u011fmen hal\u0131n\u0131n \u00fczerindeki sembollerin anlam\u0131n\u0131 kimse \u00e7\u00f6zemiyor. \u0130\u015fte tam bu s\u0131rada Ay\u015fe ile tan\u0131\u015f\u0131yor Faber. Acaba Ay\u015fe hal\u0131n\u0131n gizemini \u00e7\u00f6zebilecek mi?<\/p>\n","protected":false},"excerpt":{"rendered":"<p>Dedesi Amerika\u2019ya yerle\u015fmeye karar verdi ve giderken de eski hal\u0131s\u0131n\u0131 Faber\u2019e b\u0131rakt\u0131. Hal\u0131n\u0131n \u00fczerinde birtak\u0131m semboller var ama Faber \u00e7aresiz \u00e7\u00fcnk\u00fc pek \u00e7ok ki\u015fiye g\u00f6stermesine ra\u011fmen<span class=\"excerpt-hellip\"> [\u2026]<\/span><\/p>\n","protected":false},"featured_media":0,"template":"","meta":{"_monsterinsights_skip_tracking":false,"_monsterinsights_sitenote_active":false,"_monsterinsights_sitenote_note":"","_monsterinsights_sitenote_category":0},"product_brand":[],"product_cat":[12274,12284],"product_tag":[],"class_list":{"0":"post-714532","1":"product","2":"type-product","3":"status-publish","5":"product_cat-cocuk-ve-genclik-kitaplari","6":"product_cat-hikayeler","7":"pa_cilt-ciltsiz","8":"pa_tur-kitap","9":"pa_yayinevi-1001-cicek-kitaplar","10":"pa_yazar-cornelia-funke","12":"first","13":"instock","14":"sale","15":"shipping-taxable","16":"purchasable","17":"product-type-simple"},"_links":{"self":[{"href":"https:\/\/roveyayinevi.com.tr\/index.php\/wp-json\/wp\/v2\/product\/714532","targetHints":{"allow":["GET"]}}],"collection":[{"href":"https:\/\/roveyayinevi.com.tr\/index.php\/wp-json\/wp\/v2\/product"}],"about":[{"href":"https:\/\/roveyayinevi.com.tr\/index.php\/wp-json\/wp\/v2\/types\/product"}],"wp:attachment":[{"href":"https:\/\/roveyayinevi.com.tr\/index.php\/wp-json\/wp\/v2\/media?parent=714532"}],"wp:term":[{"taxonomy":"product_brand","embeddable":true,"href":"https:\/\/roveyayinevi.com.tr\/index.php\/wp-json\/wp\/v2\/product_brand?post=714532"},{"taxonomy":"product_cat","embeddable":true,"href":"https:\/\/roveyayinevi.com.tr\/index.php\/wp-json\/wp\/v2\/product_cat?post=714532"},{"taxonomy":"product_tag","embeddable":true,"href":"https:\/\/roveyayinevi.com.tr\/index.php\/wp-json\/wp\/v2\/product_tag?post=714532"}],"curies":[{"name":"wp","href":"https:\/\/api.w.org\/{rel}","templated":true}]}}