{"id":714531,"date":"2025-08-27T17:19:27","date_gmt":"2025-08-27T14:19:27","guid":{"rendered":"https:\/\/roveyayinevi.com.tr\/index.php\/urun\/sezer-ve-tozar-2-ofkeli-dostlar\/"},"modified":"2026-04-16T02:22:52","modified_gmt":"2026-04-15T23:22:52","slug":"sezer-ve-tozar-2-ofkeli-dostlar","status":"publish","type":"product","link":"https:\/\/roveyayinevi.com.tr\/index.php\/urun\/sezer-ve-tozar-2-ofkeli-dostlar\/","title":{"rendered":"Sezer ve Tozar 2: \u00d6fkeli Dostlar"},"content":{"rendered":"<p>Sezer ve Tozar\u2019\u0131n K\u00f6rfez Pansiyonu\u2019ndaki maceralar\u0131 kald\u0131\u011f\u0131 yerden devam ediyor!  Tozar \u00e7irkin mi \u00e7irkin bir k\u00f6pektir, Sezer ise karn\u0131 hep a\u00e7, kurnaz bir kedi. Birlikte, Tozar\u2019\u0131n amcas\u0131ndan miras kalan K\u00f6rfez Pansiyonu\u2019nu i\u015fletirler. Porsuk \u015eirin pansiyonun komisidir, her i\u015ften anlayan su samuru Susam ise tamir edilmesi ve elden ge\u00e7irilmesi gerekenlerle ilgilenir. K\u00f6rfez Pansiyonu\u2019nda b\u00fcy\u00fck haberler ve skandallar hi\u00e7 eksik olmaz. Aksilikleriyle \u00fcnl\u00fc, korkun\u00e7 m\u00fczik grubu \u00d6fkeli Dostlar konser vermeye K\u00f6rfez\u2019e gelip pansiyonda kalacakt\u0131r. Bu yetmezmi\u015f gibi, bir de on d\u00f6rt kiloluk dev kefal Heybe pansiyonda tatil yapmak ister. Sezer ve Tozar b\u00fct\u00fcn bunlarla ba\u015f edebilecek mi dersiniz?<\/p>\n","protected":false},"excerpt":{"rendered":"<p>Sezer ve Tozar\u2019\u0131n K\u00f6rfez Pansiyonu\u2019ndaki maceralar\u0131 kald\u0131\u011f\u0131 yerden devam ediyor! Tozar \u00e7irkin mi \u00e7irkin bir k\u00f6pektir, Sezer ise karn\u0131 hep a\u00e7, kurnaz bir kedi. Birlikte, Tozar\u2019\u0131n<span class=\"excerpt-hellip\"> [\u2026]<\/span><\/p>\n","protected":false},"featured_media":0,"template":"","meta":{"_monsterinsights_skip_tracking":false,"_monsterinsights_sitenote_active":false,"_monsterinsights_sitenote_note":"","_monsterinsights_sitenote_category":0},"product_brand":[],"product_cat":[12275,12274],"product_tag":[],"class_list":{"0":"post-714531","1":"product","2":"type-product","3":"status-publish","5":"product_cat-6-12-yas-kitaplari","6":"product_cat-cocuk-ve-genclik-kitaplari","7":"pa_cilt-ciltsiz","8":"pa_tur-kitap","9":"pa_yayinevi-can-cocuk-yayinlari","10":"pa_yazar-ingvar-ambjornsen","12":"first","13":"instock","14":"sale","15":"shipping-taxable","16":"purchasable","17":"product-type-simple"},"_links":{"self":[{"href":"https:\/\/roveyayinevi.com.tr\/index.php\/wp-json\/wp\/v2\/product\/714531","targetHints":{"allow":["GET"]}}],"collection":[{"href":"https:\/\/roveyayinevi.com.tr\/index.php\/wp-json\/wp\/v2\/product"}],"about":[{"href":"https:\/\/roveyayinevi.com.tr\/index.php\/wp-json\/wp\/v2\/types\/product"}],"wp:attachment":[{"href":"https:\/\/roveyayinevi.com.tr\/index.php\/wp-json\/wp\/v2\/media?parent=714531"}],"wp:term":[{"taxonomy":"product_brand","embeddable":true,"href":"https:\/\/roveyayinevi.com.tr\/index.php\/wp-json\/wp\/v2\/product_brand?post=714531"},{"taxonomy":"product_cat","embeddable":true,"href":"https:\/\/roveyayinevi.com.tr\/index.php\/wp-json\/wp\/v2\/product_cat?post=714531"},{"taxonomy":"product_tag","embeddable":true,"href":"https:\/\/roveyayinevi.com.tr\/index.php\/wp-json\/wp\/v2\/product_tag?post=714531"}],"curies":[{"name":"wp","href":"https:\/\/api.w.org\/{rel}","templated":true}]}}