{"id":714530,"date":"2025-08-27T17:19:26","date_gmt":"2025-08-27T14:19:26","guid":{"rendered":"https:\/\/roveyayinevi.com.tr\/index.php\/urun\/agarta-giris-gizemli-dunyaya-acilan-kapi\/"},"modified":"2026-04-16T02:22:52","modified_gmt":"2026-04-15T23:22:52","slug":"agarta-giris-gizemli-dunyaya-acilan-kapi","status":"publish","type":"product","link":"https:\/\/roveyayinevi.com.tr\/index.php\/urun\/agarta-giris-gizemli-dunyaya-acilan-kapi\/","title":{"rendered":"Agarta Giri\u015f &#8211; Gizemli D\u00fcnyaya A\u00e7\u0131lan Kap\u0131"},"content":{"rendered":"<p>\u201cU\u00e7suz bucaks\u0131z, Gobi  \u00e7\u00f6l\u00fcn\u00fcn kilometrelerce derinliklerinde alt\u0131 ki\u015fi, devasa boyutlardaki bir salonun tam ortas\u0131nda, alt\u0131gen bir masan\u0131n \u00fczerine yerle\u015ftirilmi\u015f yuvarlak ve bombeli bir cismin etraf\u0131na toplanm\u0131\u015flard\u0131. Hararetli bir tart\u0131\u015fma i\u00e7indeydiler. Konu\u015ftuklar\u0131 dil art\u0131k d\u00fcnyada kullan\u0131lmayan bir dildi. \u00c7ok fazla s\u00f6zc\u00fck kullanm\u0131yorlard\u0131. Hareketlerinden \u00f6nemli bir konu \u00fczerine konu\u015ftuklar\u0131 anla\u015f\u0131l\u0131yordu. On alt\u0131gen \u015feklindeki salonun duvarlar\u0131 tamamen bilgisayar ekran\u0131 ile kapl\u0131yd\u0131. Ekranlarda s\u00fcrekli de\u011fi\u015fen y\u00fczlerce g\u00f6r\u00fcnt\u00fc vard\u0131.  Masan\u0131n tam ortas\u0131nda bulunan \u201cKaynak\u201d ad\u0131n\u0131 verdikleri nesnenin, i\u00e7i beyaz j\u00f6le k\u0131vam\u0131nda bir s\u0131v\u0131 ile kapl\u0131yd\u0131. Y\u00fczeyinde bir tak\u0131m g\u00f6r\u00fcnt\u00fcler vard\u0131.  Bu alt\u0131 ki\u015fi, bu nesnenin bombeli y\u00fczeyine bak\u0131p tart\u0131\u015f\u0131yorlard\u0131. Bu \u00f6nemli toplant\u0131 bittikten sonra alt\u0131 ki\u015fi bir anda yok oldu. \u201cD\u00fcnyan\u0131n kilometrelerce alt\u0131nda ya\u015fayan kadim bir topluluk olan Agartal\u0131lar d\u00fcnya \u00fczerinde ya\u015fayanlar\u0131 koruma g\u00f6revlerini binlerce y\u0131ld\u0131r bizlere g\u00f6r\u00fcnmeden y\u00fcr\u00fctt\u00fcler. D\u00fcnyadan ayr\u0131lma zamanlar\u0131 geldi\u011finde bu g\u00f6revi devredecek insanlar\u0131 se\u00e7meleri gerekiyordu.  Se\u00e7ilenler erdemli  olmalar\u0131 yan\u0131nda \u00f6zel genlere ve \u00f6zel yeteneklere sahip insanlar olmal\u0131yd\u0131. Romanda bu \u00f6zel g\u00f6revle ilgili se\u00e7ime tan\u0131k olurken ayn\u0131 zamanda d\u00fcnyan\u0131n gizemli tarihine, binlerce y\u0131ll\u0131k efsanelerin k\u00f6kenlerine g\u00f6z atacak, romandaki bir tak\u0131m kodlar\u0131 \u00e7\u00f6zmeye \u00e7al\u0131\u015f\u0131rken kahraman\u0131m\u0131z\u0131n k\u00f6t\u00fclerle m\u00fccadelesine \u015fahitlik ederek, onunla birlikte heyecanl\u0131 bir maceran\u0131n i\u00e7inde kendinizi bulacaks\u0131n\u0131z.<\/p>\n","protected":false},"excerpt":{"rendered":"<p>\u201cU\u00e7suz bucaks\u0131z, Gobi \u00e7\u00f6l\u00fcn\u00fcn kilometrelerce derinliklerinde alt\u0131 ki\u015fi, devasa boyutlardaki bir salonun tam ortas\u0131nda, alt\u0131gen bir masan\u0131n \u00fczerine yerle\u015ftirilmi\u015f yuvarlak ve bombeli bir cismin etraf\u0131na toplanm\u0131\u015flard\u0131.<span class=\"excerpt-hellip\"> [\u2026]<\/span><\/p>\n","protected":false},"featured_media":0,"template":"","meta":{"_monsterinsights_skip_tracking":false,"_monsterinsights_sitenote_active":false,"_monsterinsights_sitenote_note":"","_monsterinsights_sitenote_category":0},"product_brand":[],"product_cat":[12291,14777],"product_tag":[],"class_list":{"0":"post-714530","1":"product","2":"type-product","3":"status-publish","5":"product_cat-edebiyat","6":"product_cat-fantastik","7":"pa_cilt-ciltsiz","8":"pa_tur-kitap","9":"pa_yayinevi-new-age-yayinlari","10":"pa_yazar-macide-kabakci","12":"first","13":"instock","14":"sale","15":"shipping-taxable","16":"purchasable","17":"product-type-simple"},"_links":{"self":[{"href":"https:\/\/roveyayinevi.com.tr\/index.php\/wp-json\/wp\/v2\/product\/714530","targetHints":{"allow":["GET"]}}],"collection":[{"href":"https:\/\/roveyayinevi.com.tr\/index.php\/wp-json\/wp\/v2\/product"}],"about":[{"href":"https:\/\/roveyayinevi.com.tr\/index.php\/wp-json\/wp\/v2\/types\/product"}],"wp:attachment":[{"href":"https:\/\/roveyayinevi.com.tr\/index.php\/wp-json\/wp\/v2\/media?parent=714530"}],"wp:term":[{"taxonomy":"product_brand","embeddable":true,"href":"https:\/\/roveyayinevi.com.tr\/index.php\/wp-json\/wp\/v2\/product_brand?post=714530"},{"taxonomy":"product_cat","embeddable":true,"href":"https:\/\/roveyayinevi.com.tr\/index.php\/wp-json\/wp\/v2\/product_cat?post=714530"},{"taxonomy":"product_tag","embeddable":true,"href":"https:\/\/roveyayinevi.com.tr\/index.php\/wp-json\/wp\/v2\/product_tag?post=714530"}],"curies":[{"name":"wp","href":"https:\/\/api.w.org\/{rel}","templated":true}]}}