{"id":714527,"date":"2025-08-27T17:19:25","date_gmt":"2025-08-27T14:19:25","guid":{"rendered":"https:\/\/roveyayinevi.com.tr\/index.php\/urun\/marx-sinirlarda-etnisite-ulus-ulusculuk-ve-bati-disi-toplumlar\/"},"modified":"2026-04-16T02:22:52","modified_gmt":"2026-04-15T23:22:52","slug":"marx-sinirlarda-etnisite-ulus-ulusculuk-ve-bati-disi-toplumlar","status":"publish","type":"product","link":"https:\/\/roveyayinevi.com.tr\/index.php\/urun\/marx-sinirlarda-etnisite-ulus-ulusculuk-ve-bati-disi-toplumlar\/","title":{"rendered":"Marx S\u0131n\u0131rlarda Etnisite, Ulus, Ulus\u00e7uluk ve Bat\u0131 D\u0131\u015f\u0131 Toplumlar"},"content":{"rendered":"<p>Kevin Anderson, Marx S\u0131n\u0131rlarda kitab\u0131nda Marx\u2019\u0131n titizlikle kaleme alm\u0131\u015f oldu\u011fu, kapsaml\u0131, ancak y\u0131llar i\u00e7erisinde ihmal edilmi\u015f metinlerini farkl\u0131 bir g\u00f6zle ve ayr\u0131nt\u0131l\u0131 bir bi\u00e7imde ele alarak, onun t\u00fcm eserleri hakk\u0131nda ger\u00e7ekte ne bildi\u011fimiz sorusuna sars\u0131c\u0131 yeni bir \u0131\u015f\u0131k tutuyor. Marx\u2019\u0131n Kapital\u2019in Frans\u0131zca bas\u0131m\u0131 i\u00e7in yapt\u0131\u011f\u0131 de\u011fi\u015fiklikler, New York Tribune i\u00e7in yapt\u0131\u011f\u0131 gazetecilik \u00e7al\u0131\u015fmalar\u0131, di\u011fer gazete yaz\u0131lar\u0131 ve tuttu\u011fu kitap notlar\u0131 ile yorumlar\u0131 da dahil olmak \u00fczere b\u00fct\u00fcn metinlerini titizlikle inceleyen Anderson, al\u0131\u015fageldi\u011fimiz yorumlarla pek \u00f6rt\u00fc\u015fmeyen bir Marx portresiyle \u00e7\u0131k\u0131yor kar\u015f\u0131m\u0131za. Marx\u2019\u0131n Hindistan\u2019dan \u00c7in\u2019e, Rusya\u2019dan Polonya\u2019ya, Amerika Birle\u015fik Devletleri\u2019nden \u0130rlanda ve Cezayir\u2019e, o d\u00f6nem kapitalizmin \u00e7eperinde kalan \u00fclke ve toplumlar hakk\u0131nda kaleme ald\u0131\u011f\u0131 binlerce sayfal\u0131k yaz\u0131y\u0131 didik didik ederek, \u201ckapitalizmin farkl\u0131 co\u011frafyalarda nas\u0131l bir geli\u015fim seyri izleyebilece\u011fi\u201d, \u201cilkel ortakla\u015fmac\u0131 bi\u00e7imlerin yeni olanaklar yarat\u0131p yaratamayaca\u011f\u0131\u201d gibi konularda 1848\u2019den 1883\u2019e de\u011fi\u015fen g\u00f6r\u00fc\u015flerini de \u00f6zetliyor. Anderson\u2019un bize sundu\u011fu Marx, fikirlerini salt s\u0131n\u0131fa dayand\u0131ran bir d\u00fc\u015f\u00fcn\u00fcr de\u011fil, tam bir 21. y\u00fczy\u0131l ayd\u0131n\u0131 olarak beliriyor: Toplum ele\u015ftirisi insan\u0131n sosyal ve tarihsel geli\u015fimindeki \u00e7e\u015fitliliklere duyarl\u0131, s\u0131n\u0131f\u0131n yan\u0131nda ulus, \u0131rk ve etnisiteyi de de\u011ferlendiren bir teorisyen. Marx\u2019\u0131n farkl\u0131 \u00e7al\u0131\u015fmalar\u0131n\u0131n derinlikli bir okumas\u0131n\u0131 sunan kitap, Marx \u00e7al\u0131\u015fmalar\u0131n\u0131 da a\u015fan hararetli yeni tart\u0131\u015fmalar\u0131 ate\u015fleyece\u011fi muhakkak, \u00e7\u0131\u011f\u0131r a\u00e7\u0131c\u0131 ve kabullerimizi de\u011fi\u015ftirecek yeni bir Karl Marx portresi ortaya koyuyor\u2026<\/p>\n","protected":false},"excerpt":{"rendered":"<p>Kevin Anderson, Marx S\u0131n\u0131rlarda kitab\u0131nda Marx\u2019\u0131n titizlikle kaleme alm\u0131\u015f oldu\u011fu, kapsaml\u0131, ancak y\u0131llar i\u00e7erisinde ihmal edilmi\u015f metinlerini farkl\u0131 bir g\u00f6zle ve ayr\u0131nt\u0131l\u0131 bir bi\u00e7imde ele alarak,<span class=\"excerpt-hellip\"> [\u2026]<\/span><\/p>\n","protected":false},"featured_media":0,"template":"","meta":{"_monsterinsights_skip_tracking":false,"_monsterinsights_sitenote_active":false,"_monsterinsights_sitenote_note":"","_monsterinsights_sitenote_category":0},"product_brand":[],"product_cat":[13590,12337],"product_tag":[],"class_list":{"0":"post-714527","1":"product","2":"type-product","3":"status-publish","5":"product_cat-arastirma-inceleme-politika-siyaset","6":"product_cat-politika-siyaset","7":"pa_cilt-ciltsiz","8":"pa_tur-kitap","9":"pa_yayinevi-yordam-kitap","10":"pa_yazar-kevin-b-anderson","12":"first","13":"instock","14":"sale","15":"shipping-taxable","16":"purchasable","17":"product-type-simple"},"_links":{"self":[{"href":"https:\/\/roveyayinevi.com.tr\/index.php\/wp-json\/wp\/v2\/product\/714527","targetHints":{"allow":["GET"]}}],"collection":[{"href":"https:\/\/roveyayinevi.com.tr\/index.php\/wp-json\/wp\/v2\/product"}],"about":[{"href":"https:\/\/roveyayinevi.com.tr\/index.php\/wp-json\/wp\/v2\/types\/product"}],"wp:attachment":[{"href":"https:\/\/roveyayinevi.com.tr\/index.php\/wp-json\/wp\/v2\/media?parent=714527"}],"wp:term":[{"taxonomy":"product_brand","embeddable":true,"href":"https:\/\/roveyayinevi.com.tr\/index.php\/wp-json\/wp\/v2\/product_brand?post=714527"},{"taxonomy":"product_cat","embeddable":true,"href":"https:\/\/roveyayinevi.com.tr\/index.php\/wp-json\/wp\/v2\/product_cat?post=714527"},{"taxonomy":"product_tag","embeddable":true,"href":"https:\/\/roveyayinevi.com.tr\/index.php\/wp-json\/wp\/v2\/product_tag?post=714527"}],"curies":[{"name":"wp","href":"https:\/\/api.w.org\/{rel}","templated":true}]}}