{"id":714524,"date":"2025-08-27T17:19:23","date_gmt":"2025-08-27T14:19:23","guid":{"rendered":"https:\/\/roveyayinevi.com.tr\/index.php\/urun\/cocuk-ve-ergenler-icin-sema-terapi\/"},"modified":"2026-04-16T02:22:52","modified_gmt":"2026-04-15T23:22:52","slug":"cocuk-ve-ergenler-icin-sema-terapi","status":"publish","type":"product","link":"https:\/\/roveyayinevi.com.tr\/index.php\/urun\/cocuk-ve-ergenler-icin-sema-terapi\/","title":{"rendered":"\u00c7ocuk ve Ergenler i\u00e7in \u015eema Terapi"},"content":{"rendered":"<p>\u015eema Terapi, son y\u0131llarda yeti\u015fkin hastalar\u0131n tedavisinde kendini ola\u011fan\u00fcst\u00fc ba\u015far\u0131l\u0131 \u015fekilde kan\u0131tlad\u0131ve \u015fimdi \u00e7ocuklar ve ergenlerle \u00e7al\u0131\u015fma zeminine ta\u015f\u0131n\u0131yor\u2026 \u015eema Terapi, geli\u015fim psikolojisini ilgilendiren temelleri de i\u015fin i\u00e7ine kat\u0131yor ve \u00e7ocukluk ile hayat\u0131n geri kalan ak\u0131\u015f\u0131ndaki temel ihtiya\u00e7lar modeline dayan\u0131yor. \u00c7ocuklar ve ergenlerin de ele al\u0131nmas\u0131, ayn\u0131 zamanda buna e\u015flik eden ebeveyn \u00e7al\u0131\u015fmas\u0131 i\u00e7in \u00e7ok uygun. Bunu yaparken de\u011fi\u015fik ya\u015f d\u00f6nemlerinde, farkl\u0131 ele alma \u015fekilleri ve terapi a\u011f\u0131rl\u0131k merkezleri se\u00e7ilmek zorunda. Pek \u00e7ok \u00f6rnek do\u011frudan uygulanabilir teknik ile stratejilerin yan\u0131 s\u0131ra terapist ve hastalar i\u00e7in geni\u015f kapsaml\u0131 materyaller sunuluyor. <\/p>\n","protected":false},"excerpt":{"rendered":"<p>\u015eema Terapi, son y\u0131llarda yeti\u015fkin hastalar\u0131n tedavisinde kendini ola\u011fan\u00fcst\u00fc ba\u015far\u0131l\u0131 \u015fekilde kan\u0131tlad\u0131ve \u015fimdi \u00e7ocuklar ve ergenlerle \u00e7al\u0131\u015fma zeminine ta\u015f\u0131n\u0131yor\u2026 \u015eema Terapi, geli\u015fim psikolojisini ilgilendiren temelleri de<span class=\"excerpt-hellip\"> [\u2026]<\/span><\/p>\n","protected":false},"featured_media":0,"template":"","meta":{"_monsterinsights_skip_tracking":false,"_monsterinsights_sitenote_active":false,"_monsterinsights_sitenote_note":"","_monsterinsights_sitenote_category":0},"product_brand":[],"product_cat":[17996,12364],"product_tag":[],"class_list":{"0":"post-714524","1":"product","2":"type-product","3":"status-publish","5":"product_cat-ebeveyn-kitaplari","6":"product_cat-genel-konular","7":"pa_cilt-ciltsiz","8":"pa_tur-kitap","9":"pa_yayinevi-psikonet-yayinlari","10":"pa_yazar-christof-loose-peter-graaf-gerhard-zarbock","12":"first","13":"instock","14":"sale","15":"shipping-taxable","16":"purchasable","17":"product-type-simple"},"_links":{"self":[{"href":"https:\/\/roveyayinevi.com.tr\/index.php\/wp-json\/wp\/v2\/product\/714524","targetHints":{"allow":["GET"]}}],"collection":[{"href":"https:\/\/roveyayinevi.com.tr\/index.php\/wp-json\/wp\/v2\/product"}],"about":[{"href":"https:\/\/roveyayinevi.com.tr\/index.php\/wp-json\/wp\/v2\/types\/product"}],"wp:attachment":[{"href":"https:\/\/roveyayinevi.com.tr\/index.php\/wp-json\/wp\/v2\/media?parent=714524"}],"wp:term":[{"taxonomy":"product_brand","embeddable":true,"href":"https:\/\/roveyayinevi.com.tr\/index.php\/wp-json\/wp\/v2\/product_brand?post=714524"},{"taxonomy":"product_cat","embeddable":true,"href":"https:\/\/roveyayinevi.com.tr\/index.php\/wp-json\/wp\/v2\/product_cat?post=714524"},{"taxonomy":"product_tag","embeddable":true,"href":"https:\/\/roveyayinevi.com.tr\/index.php\/wp-json\/wp\/v2\/product_tag?post=714524"}],"curies":[{"name":"wp","href":"https:\/\/api.w.org\/{rel}","templated":true}]}}