{"id":714521,"date":"2025-08-27T17:19:21","date_gmt":"2025-08-27T14:19:21","guid":{"rendered":"https:\/\/roveyayinevi.com.tr\/index.php\/urun\/mukemmel-cocuk-mu-mutlu-cocuk-mu\/"},"modified":"2026-04-16T02:22:52","modified_gmt":"2026-04-15T23:22:52","slug":"mukemmel-cocuk-mu-mutlu-cocuk-mu","status":"publish","type":"product","link":"https:\/\/roveyayinevi.com.tr\/index.php\/urun\/mukemmel-cocuk-mu-mutlu-cocuk-mu\/","title":{"rendered":"M\u00fckemmel \u00c7ocuk Mu? Mutlu \u00c7ocuk Mu?"},"content":{"rendered":"<p>Ba\u011f\u0131rmayan ebeveynler, ba\u011flananlar ya da ba\u011flanamayanlar, organik anne-babalar, kuralc\u0131lar, oyuncular derken, ebeveynlik modalar\u0131 asla bitmek bilmiyor de\u011fil mi? Hele de son g\u00fcnlerde i\u015fler iyice \u00e7\u0131\u011f\u0131r\u0131ndan \u00e7\u0131kt\u0131. Bunca y\u00f6ntemin aras\u0131nda hangisini se\u00e7eceksiniz? Hangisi en do\u011frusu?Do\u011frusu hi\u00e7biri\u2026 \u00c7\u00fcnk\u00fc her \u00e7ocuk \u00e7ok \u00f6zel ve farkl\u0131. Tek bir y\u00f6ntemin, t\u00fcm \u00e7ocuklar i\u00e7in i\u015fe yaramas\u0131n\u0131 beklemekse, sadece g\u00fczel bir hayalden ibaret. \u00dcstelik t\u00fcm bu \u00e7\u0131lg\u0131nl\u0131\u011f\u0131n aras\u0131nda asl\u0131nda ebeveynlerin istedi\u011fi tek bir \u015fey var: Mutlu \u00e7ocuklar yeti\u015ftirmek! Mutluluk tohumlar\u0131n\u0131 k\u00fc\u00e7\u00fck ya\u015flarda ekmenin yolu ise, \u00e7ocu\u011funuza \u00f6zel olan ebeveynlik modelini bulmaktan ge\u00e7iyor. \u00c7ocuk\/ergen psikoterapisti ve ebeveyn ko\u00e7u Katie Hurley, bu kitapta size bunun anahtar\u0131n\u0131 sunuyor. \u0130\u015fe, \u00e7ocu\u011funuzun karakterini anlamakla ba\u015flayan bireysel ebeveynlik modeli sayesinde \u00e7ocu\u011funuza:Her t\u00fcrl\u00fc duyguyla ba\u015fa \u00e7\u0131kabilmeyiEmpati yapabilmeyi ve empatinin \u00f6nemini\u0130nsanlarla etkili ileti\u015fim kurabilmeyi\u00c7ocukluk stresini, kayg\u0131lar\u0131n\u0131 ve korkular\u0131n\u0131 bar\u0131\u015f\u00e7\u0131l yollarla a\u015fabilmeyi\u00d6fke kontrol\u00fc becerilerini geli\u015ftirmeyi, birbirinden e\u011flenceli aktivite ve oyunlarla \u00f6\u011fretebileceksiniz.M\u00fckemmel \u00c7ocuk Mu? Mutlu \u00c7ocuk Mu? modern d\u00fcnyan\u0131n talepleri aras\u0131nda s\u0131k\u0131\u015f\u0131p, mutlu olman\u0131n ne demek oldu\u011funu unutan ebeveynler ve \u00e7ocuklar i\u00e7in \u00e2deta bir can simidi.<\/p>\n","protected":false},"excerpt":{"rendered":"<p>Ba\u011f\u0131rmayan ebeveynler, ba\u011flananlar ya da ba\u011flanamayanlar, organik anne-babalar, kuralc\u0131lar, oyuncular derken, ebeveynlik modalar\u0131 asla bitmek bilmiyor de\u011fil mi? Hele de son g\u00fcnlerde i\u015fler iyice \u00e7\u0131\u011f\u0131r\u0131ndan \u00e7\u0131kt\u0131.<span class=\"excerpt-hellip\"> [\u2026]<\/span><\/p>\n","protected":false},"featured_media":0,"template":"","meta":{"_monsterinsights_skip_tracking":false,"_monsterinsights_sitenote_active":false,"_monsterinsights_sitenote_note":"","_monsterinsights_sitenote_category":0},"product_brand":[],"product_cat":[17996,12364],"product_tag":[],"class_list":{"0":"post-714521","1":"product","2":"type-product","3":"status-publish","5":"product_cat-ebeveyn-kitaplari","6":"product_cat-genel-konular","7":"pa_cilt-ciltsiz","8":"pa_tur-kitap","9":"pa_yayinevi-beyaz-balina-yayinlari","10":"pa_yazar-katie-hurley","12":"first","13":"instock","14":"sale","15":"shipping-taxable","16":"purchasable","17":"product-type-simple"},"_links":{"self":[{"href":"https:\/\/roveyayinevi.com.tr\/index.php\/wp-json\/wp\/v2\/product\/714521","targetHints":{"allow":["GET"]}}],"collection":[{"href":"https:\/\/roveyayinevi.com.tr\/index.php\/wp-json\/wp\/v2\/product"}],"about":[{"href":"https:\/\/roveyayinevi.com.tr\/index.php\/wp-json\/wp\/v2\/types\/product"}],"wp:attachment":[{"href":"https:\/\/roveyayinevi.com.tr\/index.php\/wp-json\/wp\/v2\/media?parent=714521"}],"wp:term":[{"taxonomy":"product_brand","embeddable":true,"href":"https:\/\/roveyayinevi.com.tr\/index.php\/wp-json\/wp\/v2\/product_brand?post=714521"},{"taxonomy":"product_cat","embeddable":true,"href":"https:\/\/roveyayinevi.com.tr\/index.php\/wp-json\/wp\/v2\/product_cat?post=714521"},{"taxonomy":"product_tag","embeddable":true,"href":"https:\/\/roveyayinevi.com.tr\/index.php\/wp-json\/wp\/v2\/product_tag?post=714521"}],"curies":[{"name":"wp","href":"https:\/\/api.w.org\/{rel}","templated":true}]}}